{"id":2732,"date":"2020-10-22T12:37:45","date_gmt":"2020-10-22T10:37:45","guid":{"rendered":"https:\/\/tintoreriasronsel.es\/tienda\/?post_type=product&#038;p=2732"},"modified":"2025-05-03T11:40:52","modified_gmt":"2025-05-03T09:40:52","slug":"bata-o-pijama-estandar","status":"publish","type":"product","link":"https:\/\/tintoreriasronsel.es\/tienda\/producto\/bata-o-pijama-estandar\/","title":{"rendered":"Bata o pijama est\u00e1ndar"},"content":{"rendered":"<p>En el proceso de limpieza y desmanchado utilizamos productos que permiten la eliminaci\u00f3n de manchas producidas por accidentes de la vida diaria. La limpieza y en funci\u00f3n de la prenda se realizar\u00e1 en limpieza seco o <em>Wet-Cleaning<\/em>.<\/p>\n<p>En el Lavado Wet-Cleaning utilizamos detergentes biodegradables para un <em>lavado ecol\u00f3gico<\/em>, que tiene un impacto casi nulo con el medio ambiente. Asimismo, aplicamos un proceso de <em>desodorizaci\u00f3n<\/em> encaminado a eliminar humo de combusti\u00f3n por la contaminaci\u00f3n, olores diversos.<\/p>\n<p>Finalmente, realizamos un planchado profesional y tradicional, que se fundamenta en 2 fases:<\/p>\n<blockquote>\n<ul>\n<li>Planchamos en prensa en donde <em>vaporizamos<\/em> y damos forma a la prenda para que adquiera su apresto y forma original, sin aplastar el tejido,<\/li>\n<li>y finalmente se realiza un <em>planchado manual<\/em> para quitar arrugas menores e imperfecciones.<\/li>\n<\/ul>\n<\/blockquote>\n<p>Este sistema de planchado garantiza una calidad total, y evita que salgan brillos, o costuras marcadas, etc, al evitar la mayor fricci\u00f3n que se producir\u00eda con un planchado cien por cien manual.<\/p>\n","protected":false},"excerpt":{"rendered":"<p><span style=\"font-weight: 400;\">Desmanchado, limpieza y planchado de batas o pijamas (2 Piezas ) sencillos de uso diario, confeccionadas en tejidos de lana o cachemir.<\/span><\/p>\n<p><span style=\"font-weight: 400;\">Tambi\u00e9n se incluye en este apartado batas profesionales como por ejemplo m\u00e9dicos, confeccionadas normalmente en algod\u00f3n.<\/span><\/p>\n","protected":false},"featured_media":225052,"template":"","meta":{"_acf_changed":false,"_et_pb_use_builder":"","_et_pb_old_content":"","_et_gb_content_width":""},"product_brand":[],"product_cat":[247,207],"product_tag":[],"class_list":{"0":"post-2732","1":"product","2":"type-product","3":"status-publish","4":"has-post-thumbnail","6":"product_cat-prendas-de-vestir","7":"product_cat-ropa-de-estar-en-casa","9":"first","10":"instock","11":"taxable","12":"shipping-taxable","13":"purchasable","14":"product-type-simple"},"acf":[],"_links":{"self":[{"href":"https:\/\/tintoreriasronsel.es\/tienda\/wp-json\/wp\/v2\/product\/2732","targetHints":{"allow":["GET"]}}],"collection":[{"href":"https:\/\/tintoreriasronsel.es\/tienda\/wp-json\/wp\/v2\/product"}],"about":[{"href":"https:\/\/tintoreriasronsel.es\/tienda\/wp-json\/wp\/v2\/types\/product"}],"wp:featuredmedia":[{"embeddable":true,"href":"https:\/\/tintoreriasronsel.es\/tienda\/wp-json\/wp\/v2\/media\/225052"}],"wp:attachment":[{"href":"https:\/\/tintoreriasronsel.es\/tienda\/wp-json\/wp\/v2\/media?parent=2732"}],"wp:term":[{"taxonomy":"product_brand","embeddable":true,"href":"https:\/\/tintoreriasronsel.es\/tienda\/wp-json\/wp\/v2\/product_brand?post=2732"},{"taxonomy":"product_cat","embeddable":true,"href":"https:\/\/tintoreriasronsel.es\/tienda\/wp-json\/wp\/v2\/product_cat?post=2732"},{"taxonomy":"product_tag","embeddable":true,"href":"https:\/\/tintoreriasronsel.es\/tienda\/wp-json\/wp\/v2\/product_tag?post=2732"}],"curies":[{"name":"wp","href":"https:\/\/api.w.org\/{rel}","templated":true}]}}