{"id":2724,"date":"2020-10-22T12:19:58","date_gmt":"2020-10-22T10:19:58","guid":{"rendered":"https:\/\/tintoreriasronsel.es\/tienda\/?post_type=product&#038;p=2724"},"modified":"2025-05-20T02:11:19","modified_gmt":"2025-05-20T00:11:19","slug":"cazadora-lino-seda-grandes-disenadores","status":"publish","type":"product","link":"https:\/\/tintoreriasronsel.es\/tienda\/producto\/cazadora-lino-seda-grandes-disenadores\/","title":{"rendered":"Cazadora de lino o seda. Grandes dise\u00f1adores"},"content":{"rendered":"<p>En el proceso de limpieza y desmanchado utilizamos productos que permiten la eliminaci\u00f3n de manchas producidas por accidentes de la vida diaria. La limpieza y en funci\u00f3n de la prenda se realizar\u00e1 en limpieza seco o <em>Wet-Cleaning<\/em>.<\/p>\n<p>En el Lavado Wet<i>&#8211;<\/i><em>Cleaning<\/em> utilizamos detergentes biodegradables para un <em>lavado<\/em> <i>ecol\u00f3gico<\/i>, que tiene un impacto casi nulo con el medio ambiente.\u00a0Asimismo, aplicamos un proceso de <em>desodorizaci\u00f3n<\/em> encaminado a eliminar humo de combusti\u00f3n por la contaminaci\u00f3n, olores diversos.<\/p>\n<p>Finalmente, realizamos un <em>planchado profesional <\/em>y<em> tradicional<\/em>, que se fundamenta en 3 fases:<\/p>\n<blockquote>\n<ul>\n<li>Inicialmente estas prendas pasan por un <em>maniqu\u00ed<\/em> para estirar y dar forma a las <em>cazadoras<\/em><\/li>\n<li>En una segunda fase utilizamos prensa en donde <em>vaporizamos<\/em> y damos forma a la prenda para que adquiera su apresto y forma original, sin aplastar el tejido<\/li>\n<li>Y finalmente se realiza un <em>planchado manual<\/em> para quitar arrugas menores e imperfecciones, <em>planchar los forros interiores<\/em> tanto del cuerpo como de las mangas de la <em>cazadora<\/em>.<\/li>\n<\/ul>\n<\/blockquote>\n<p>Este sistema de planchado garantiza una calidad total, y evita que salgan brillos, o costuras marcadas, etc., al evitar la mayor fricci\u00f3n que se producir\u00eda con un planchado cien por cien manual.<\/p>\n","protected":false},"excerpt":{"rendered":"<p><span style=\"font-weight: 400;\">Limpieza, planchado de cazadoras de tejidos especiales como lino o seda o cazadoras de marcas exclusivas como Burbverry , Hackett, Prada, Valentino, Stella McCartney, Bottega Veneta, Givenchy.<\/span><\/p>\n","protected":false},"featured_media":224833,"template":"","meta":{"_acf_changed":false,"_et_pb_use_builder":"","_et_pb_old_content":"","_et_gb_content_width":""},"product_brand":[],"product_cat":[206,247,201],"product_tag":[],"class_list":{"0":"post-2724","1":"product","2":"type-product","3":"status-publish","4":"has-post-thumbnail","6":"product_cat-cazadoras","7":"product_cat-prendas-de-vestir","8":"product_cat-ropa-de-invierno","10":"first","11":"instock","12":"taxable","13":"shipping-taxable","14":"purchasable","15":"product-type-simple"},"acf":[],"_links":{"self":[{"href":"https:\/\/tintoreriasronsel.es\/tienda\/wp-json\/wp\/v2\/product\/2724","targetHints":{"allow":["GET"]}}],"collection":[{"href":"https:\/\/tintoreriasronsel.es\/tienda\/wp-json\/wp\/v2\/product"}],"about":[{"href":"https:\/\/tintoreriasronsel.es\/tienda\/wp-json\/wp\/v2\/types\/product"}],"wp:featuredmedia":[{"embeddable":true,"href":"https:\/\/tintoreriasronsel.es\/tienda\/wp-json\/wp\/v2\/media\/224833"}],"wp:attachment":[{"href":"https:\/\/tintoreriasronsel.es\/tienda\/wp-json\/wp\/v2\/media?parent=2724"}],"wp:term":[{"taxonomy":"product_brand","embeddable":true,"href":"https:\/\/tintoreriasronsel.es\/tienda\/wp-json\/wp\/v2\/product_brand?post=2724"},{"taxonomy":"product_cat","embeddable":true,"href":"https:\/\/tintoreriasronsel.es\/tienda\/wp-json\/wp\/v2\/product_cat?post=2724"},{"taxonomy":"product_tag","embeddable":true,"href":"https:\/\/tintoreriasronsel.es\/tienda\/wp-json\/wp\/v2\/product_tag?post=2724"}],"curies":[{"name":"wp","href":"https:\/\/api.w.org\/{rel}","templated":true}]}}