{"id":2720,"date":"2020-10-22T12:16:33","date_gmt":"2020-10-22T10:16:33","guid":{"rendered":"https:\/\/tintoreriasronsel.es\/tienda\/?post_type=product&#038;p=2720"},"modified":"2025-05-20T02:02:08","modified_gmt":"2025-05-20T00:02:08","slug":"cazadora-sencilla","status":"publish","type":"product","link":"https:\/\/tintoreriasronsel.es\/tienda\/producto\/cazadora-sencilla\/","title":{"rendered":"Cazadora Sencilla"},"content":{"rendered":"<p>En el proceso de limpieza y desmanchado utilizamos productos que permiten la eliminaci\u00f3n de manchas producidas por accidentes de la vida diaria. La limpieza y en funci\u00f3n de la prenda se realizar\u00e1 en limpieza seco o <em>Wet-Cleaning<\/em>.<\/p>\n<p>En el Lavado Wet<em>-Cleaning<\/em> utilizamos detergentes biodegradables para un lavado ecol\u00f3gico, que tiene un impacto casi nulo con el medio ambiente.<\/p>\n<p>Asimismo, aplicamos un proceso de desodorizaci\u00f3n encaminado a eliminar humo de combusti\u00f3n por la contaminaci\u00f3n, olores diversos.<\/p>\n<p>Finalmente, realizamos un planchado profesional y artesanal, que se fundamenta en 3 fases:<\/p>\n<blockquote>\n<ol>\n<li>Inicialmente estas prendas pasan por un maniqu\u00ed para estirarlas y dar forma a las <em>cazadoras<\/em>,<\/li>\n<li>en una segunda fase utilizamos prensa en donde vaporizamos y damos forma a la prenda (por ejemplo, prensamos raya del pantal\u00f3n, para que caiga),<\/li>\n<li>y finalmente se realiza un planchado manual para quitar arrugas menores e imperfecciones.<\/li>\n<\/ol>\n<\/blockquote>\n<p>Este sistema de planchado garantiza una calidad total, y evita que salgan brillos, o costuras marcadas, etc, al evitar la mayor fricci\u00f3n que se producir\u00eda con un planchado cien por cien manual.<\/p>\n","protected":false},"excerpt":{"rendered":"<p><em>Desmanchado<\/em>, <em>limpieza<\/em> y <em>planchado<\/em> de <em>cazadora<\/em> est\u00e1ndar o sencilla, elaborada en toda clase de tejidos.<\/p>\n","protected":false},"featured_media":224827,"template":"","meta":{"_acf_changed":false,"_et_pb_use_builder":"","_et_pb_old_content":"","_et_gb_content_width":""},"product_brand":[],"product_cat":[206,247,201],"product_tag":[],"class_list":{"0":"post-2720","1":"product","2":"type-product","3":"status-publish","4":"has-post-thumbnail","6":"product_cat-cazadoras","7":"product_cat-prendas-de-vestir","8":"product_cat-ropa-de-invierno","10":"first","11":"instock","12":"taxable","13":"shipping-taxable","14":"purchasable","15":"product-type-simple"},"acf":[],"_links":{"self":[{"href":"https:\/\/tintoreriasronsel.es\/tienda\/wp-json\/wp\/v2\/product\/2720","targetHints":{"allow":["GET"]}}],"collection":[{"href":"https:\/\/tintoreriasronsel.es\/tienda\/wp-json\/wp\/v2\/product"}],"about":[{"href":"https:\/\/tintoreriasronsel.es\/tienda\/wp-json\/wp\/v2\/types\/product"}],"wp:featuredmedia":[{"embeddable":true,"href":"https:\/\/tintoreriasronsel.es\/tienda\/wp-json\/wp\/v2\/media\/224827"}],"wp:attachment":[{"href":"https:\/\/tintoreriasronsel.es\/tienda\/wp-json\/wp\/v2\/media?parent=2720"}],"wp:term":[{"taxonomy":"product_brand","embeddable":true,"href":"https:\/\/tintoreriasronsel.es\/tienda\/wp-json\/wp\/v2\/product_brand?post=2720"},{"taxonomy":"product_cat","embeddable":true,"href":"https:\/\/tintoreriasronsel.es\/tienda\/wp-json\/wp\/v2\/product_cat?post=2720"},{"taxonomy":"product_tag","embeddable":true,"href":"https:\/\/tintoreriasronsel.es\/tienda\/wp-json\/wp\/v2\/product_tag?post=2720"}],"curies":[{"name":"wp","href":"https:\/\/api.w.org\/{rel}","templated":true}]}}