{"id":2649,"date":"2020-10-21T18:12:28","date_gmt":"2020-10-21T16:12:28","guid":{"rendered":"https:\/\/tintoreriasronsel.es\/tienda\/?post_type=product&#038;p=2649"},"modified":"2025-05-03T11:35:36","modified_gmt":"2025-05-03T09:35:36","slug":"guantes-de-moto-o-esqui","status":"publish","type":"product","link":"https:\/\/tintoreriasronsel.es\/tienda\/producto\/guantes-de-moto-o-esqui\/","title":{"rendered":"Guantes de moto o esqu\u00ed"},"content":{"rendered":"<p>En el proceso de desmanchado y limpieza utilizamos procesos basados en t\u00e9cnicas tradicionales, y con productos espec\u00edficos de \u00faltima generaci\u00f3n, que nos permite eliminar manchas y suciedad.<\/p>\n<p>En el proceso de planchado utilizamos t\u00e9cnica tradicional utilizando maquinaria especializada para <em>planchado al vapor y presi\u00f3n<\/em>, para que la prenda recupere su apariencia original, posteriormente la prenda se finaliza mediante un proceso de plancha manual, en manos de expertos, con mucho a\u00f1os de experiencia en el planchado de tejidos naturales y delicados.<\/p>\n<p>Este proceso garantiza un acabado perfecto, sin brillos ni marcas en el tejido.<\/p>\n","protected":false},"excerpt":{"rendered":"<p><span style=\"font-weight: 400;\">Desmanchado, limpieza y planchado de\u00a0 guantes de moto o esqu\u00ed, los cuales tienen una membrana impermeable (Gore-Tex, TexTrem, Strata y otros). Adem\u00e1s\u00a0 pueden incorporar un relleno de fibras t\u00e9rmicas o de plumas.<\/span><\/p>\n<p><span style=\"font-weight: 400;\">Excluidos guantes de piel \u2014 <a href=\"https:\/\/tintoreriasronsel.es\/tienda\/producto\/guantes-de-piel\/\">Ver: Guantes de piel<\/a>.<\/span><\/p>\n","protected":false},"featured_media":225047,"template":"","meta":{"_acf_changed":false,"_et_pb_use_builder":"","_et_pb_old_content":"","_et_gb_content_width":""},"product_brand":[],"product_cat":[208],"product_tag":[611],"class_list":{"0":"post-2649","1":"product","2":"type-product","3":"status-publish","4":"has-post-thumbnail","6":"product_cat-ropa-deportiva","7":"product_tag-5_guantes","9":"first","10":"instock","11":"taxable","12":"shipping-taxable","13":"purchasable","14":"product-type-simple"},"acf":[],"_links":{"self":[{"href":"https:\/\/tintoreriasronsel.es\/tienda\/wp-json\/wp\/v2\/product\/2649","targetHints":{"allow":["GET"]}}],"collection":[{"href":"https:\/\/tintoreriasronsel.es\/tienda\/wp-json\/wp\/v2\/product"}],"about":[{"href":"https:\/\/tintoreriasronsel.es\/tienda\/wp-json\/wp\/v2\/types\/product"}],"wp:featuredmedia":[{"embeddable":true,"href":"https:\/\/tintoreriasronsel.es\/tienda\/wp-json\/wp\/v2\/media\/225047"}],"wp:attachment":[{"href":"https:\/\/tintoreriasronsel.es\/tienda\/wp-json\/wp\/v2\/media?parent=2649"}],"wp:term":[{"taxonomy":"product_brand","embeddable":true,"href":"https:\/\/tintoreriasronsel.es\/tienda\/wp-json\/wp\/v2\/product_brand?post=2649"},{"taxonomy":"product_cat","embeddable":true,"href":"https:\/\/tintoreriasronsel.es\/tienda\/wp-json\/wp\/v2\/product_cat?post=2649"},{"taxonomy":"product_tag","embeddable":true,"href":"https:\/\/tintoreriasronsel.es\/tienda\/wp-json\/wp\/v2\/product_tag?post=2649"}],"curies":[{"name":"wp","href":"https:\/\/api.w.org\/{rel}","templated":true}]}}