{"id":2644,"date":"2020-10-21T18:01:14","date_gmt":"2020-10-21T16:01:14","guid":{"rendered":"https:\/\/tintoreriasronsel.es\/tienda\/?post_type=product&#038;p=2644"},"modified":"2025-05-03T11:30:50","modified_gmt":"2025-05-03T09:30:50","slug":"abrigo-chaqueton-piel-sintetica","status":"publish","type":"product","link":"https:\/\/tintoreriasronsel.es\/tienda\/producto\/abrigo-chaqueton-piel-sintetica\/","title":{"rendered":"Abrigo Chaquet\u00f3n &#8211; Piel sint\u00e9tica"},"content":{"rendered":"<p>En el proceso de limpieza y desmanchado utilizamos productos que permiten la eliminaci\u00f3n de manchas producidas por accidentes de la vida diaria. La limpieza y en funci\u00f3n de la prenda se realizar\u00e1 en limpieza seco o <em>Wet-Cleaning<\/em>.<\/p>\n<p>En el Lavado Wet-Cleaning utilizamos detergentes biodegradables para un <em>lavado ecol\u00f3gico<\/em>, que tiene un impacto casi nulo con el medio ambiente. Asimismo, aplicamos un proceso de <em>desodorizaci\u00f3n<\/em> encaminado a eliminar humo de combusti\u00f3n por la contaminaci\u00f3n, olores diversos.<\/p>\n<p>Finalmente, realizamos un <em>planchado profesional <\/em>y <em>tradicional<\/em>, que se fundamenta en 3 fases:<\/p>\n<blockquote>\n<ul>\n<li>Inicialmente estas prendas pasan por un maniqu\u00ed para <em>estirar<\/em> y dar forma al <em>abrigo o<\/em>\u00a0<em>chaquet\u00f3n<\/em>.<\/li>\n<li>En una segunda fase utilizamos <em>prensa<\/em> en donde <em>vaporizamos<\/em> y damos forma a la prenda para que adquiera su <em>apresto<\/em> y forma original, sin aplastar el tejido.<\/li>\n<li>Finalmente se realiza un <em>planchado manual<\/em> para quitar arrugas menores e imperfecciones, planchar los <em>forros interiores<\/em> tanto del cuerpo como de las mangas del abrigo.<\/li>\n<\/ul>\n<\/blockquote>\n<p>Este sistema de planchado garantiza una calidad total, y evita que salgan brillos, o costuras marcadas, etc, al evitar la mayor fricci\u00f3n que se producir\u00eda con un planchado cien por cien manual.<\/p>\n","protected":false},"excerpt":{"rendered":"<p>Desmanchado, limpieza, vaporizado y planchado de <em>abrigo<\/em> o <em>chaquet\u00f3n<\/em> de piel sint\u00e9tica o <em>polipiel<\/em>, de cualquier largura.<\/p>\n<p>La piel sint\u00e9tica o tejido sint\u00e9tico de pelo, es un material textil modificado que simula la piel de animal natural. T\u00edpicamente est\u00e1 fabricada con <em>pol\u00edmeros<\/em>, que son fibras procesadas para imitar la textura y color de una piel espec\u00edfica.<\/p>\n","protected":false},"featured_media":2648,"template":"","meta":{"_acf_changed":false,"_et_pb_use_builder":"","_et_pb_old_content":"","_et_gb_content_width":""},"product_brand":[],"product_cat":[203,247,201],"product_tag":[],"class_list":{"0":"post-2644","1":"product","2":"type-product","3":"status-publish","4":"has-post-thumbnail","6":"product_cat-abrigos","7":"product_cat-prendas-de-vestir","8":"product_cat-ropa-de-invierno","10":"first","11":"instock","12":"taxable","13":"shipping-taxable","14":"purchasable","15":"product-type-simple"},"acf":[],"_links":{"self":[{"href":"https:\/\/tintoreriasronsel.es\/tienda\/wp-json\/wp\/v2\/product\/2644","targetHints":{"allow":["GET"]}}],"collection":[{"href":"https:\/\/tintoreriasronsel.es\/tienda\/wp-json\/wp\/v2\/product"}],"about":[{"href":"https:\/\/tintoreriasronsel.es\/tienda\/wp-json\/wp\/v2\/types\/product"}],"wp:featuredmedia":[{"embeddable":true,"href":"https:\/\/tintoreriasronsel.es\/tienda\/wp-json\/wp\/v2\/media\/2648"}],"wp:attachment":[{"href":"https:\/\/tintoreriasronsel.es\/tienda\/wp-json\/wp\/v2\/media?parent=2644"}],"wp:term":[{"taxonomy":"product_brand","embeddable":true,"href":"https:\/\/tintoreriasronsel.es\/tienda\/wp-json\/wp\/v2\/product_brand?post=2644"},{"taxonomy":"product_cat","embeddable":true,"href":"https:\/\/tintoreriasronsel.es\/tienda\/wp-json\/wp\/v2\/product_cat?post=2644"},{"taxonomy":"product_tag","embeddable":true,"href":"https:\/\/tintoreriasronsel.es\/tienda\/wp-json\/wp\/v2\/product_tag?post=2644"}],"curies":[{"name":"wp","href":"https:\/\/api.w.org\/{rel}","templated":true}]}}