{"id":2638,"date":"2020-10-21T17:45:06","date_gmt":"2020-10-21T15:45:06","guid":{"rendered":"https:\/\/tintoreriasronsel.es\/tienda\/?post_type=product&#038;p=2638"},"modified":"2025-05-03T11:30:23","modified_gmt":"2025-05-03T09:30:23","slug":"abrigo-largo","status":"publish","type":"product","link":"https:\/\/tintoreriasronsel.es\/tienda\/producto\/abrigo-largo\/","title":{"rendered":"Abrigo largo"},"content":{"rendered":"<p>En el proceso de limpieza y desmanchado utilizamos productos que permiten la eliminaci\u00f3n de manchas producidas por accidentes de la vida diaria. La limpieza y en funci\u00f3n de la prenda se realizar\u00e1 en limpieza seco o lavado en h\u00famedo o <em>Wet-Cleaning.\u00a0<\/em><\/p>\n<p>En el Lavado Wet-Cleaning utilizamos detergentes biodegradables para un lavado <i>ecol\u00f3gico<\/i>, que tiene un impacto casi nulo con el medio ambiente.<\/p>\n<p>Asimismo, aplicamos un proceso de desodorizaci\u00f3n encaminado a eliminar humo de combusti\u00f3n por la contaminaci\u00f3n, olores diversos.<\/p>\n<p>Finalmente, realizamos un planchado profesional y artesanal, que se fundamenta en 3 fases:<\/p>\n<blockquote>\n<ol>\n<li><span style=\"font-weight: 400;\">Inicialmente estas prendas pasan por un maniqu\u00ed para estirar y dar forma a las abrigos.<\/span><\/li>\n<li>En una segunda fase utilizamos prensa en donde vaporizamos y damos forma a la prenda para que adquiera su apresto y forma original, sin aplastar el tejido.<\/li>\n<li><span style=\"font-weight: 400;\">Finalmente se realiza un planchado manual para quitar arrugas menores e imperfecciones, planchar los forros interiores tanto del cuerpo como de las mangas del abrigo.<\/span><\/li>\n<\/ol>\n<\/blockquote>\n<p><span style=\"font-weight: 400;\">Este sistema de planchado garantiza una calidad total, y evita que salgan brillos, o costuras marcadas, etc, al evitar la mayor fricci\u00f3n que se producir\u00eda con un planchado cien por cien manual.<\/span><\/p>\n","protected":false},"excerpt":{"rendered":"<p><span style=\"font-weight: 400;\">Desmanchado, limpieza y planchado de abrigo largo, entendi\u00e9ndose como <em>largo<\/em> aquellos que van desde la rodilla hacia abajo.<\/span><\/p>\n","protected":false},"featured_media":2643,"template":"","meta":{"_acf_changed":false,"_et_pb_use_builder":"","_et_pb_old_content":"","_et_gb_content_width":""},"product_brand":[],"product_cat":[203,247,201],"product_tag":[],"class_list":{"0":"post-2638","1":"product","2":"type-product","3":"status-publish","4":"has-post-thumbnail","6":"product_cat-abrigos","7":"product_cat-prendas-de-vestir","8":"product_cat-ropa-de-invierno","10":"first","11":"instock","12":"taxable","13":"shipping-taxable","14":"purchasable","15":"product-type-simple"},"acf":[],"_links":{"self":[{"href":"https:\/\/tintoreriasronsel.es\/tienda\/wp-json\/wp\/v2\/product\/2638","targetHints":{"allow":["GET"]}}],"collection":[{"href":"https:\/\/tintoreriasronsel.es\/tienda\/wp-json\/wp\/v2\/product"}],"about":[{"href":"https:\/\/tintoreriasronsel.es\/tienda\/wp-json\/wp\/v2\/types\/product"}],"wp:featuredmedia":[{"embeddable":true,"href":"https:\/\/tintoreriasronsel.es\/tienda\/wp-json\/wp\/v2\/media\/2643"}],"wp:attachment":[{"href":"https:\/\/tintoreriasronsel.es\/tienda\/wp-json\/wp\/v2\/media?parent=2638"}],"wp:term":[{"taxonomy":"product_brand","embeddable":true,"href":"https:\/\/tintoreriasronsel.es\/tienda\/wp-json\/wp\/v2\/product_brand?post=2638"},{"taxonomy":"product_cat","embeddable":true,"href":"https:\/\/tintoreriasronsel.es\/tienda\/wp-json\/wp\/v2\/product_cat?post=2638"},{"taxonomy":"product_tag","embeddable":true,"href":"https:\/\/tintoreriasronsel.es\/tienda\/wp-json\/wp\/v2\/product_tag?post=2638"}],"curies":[{"name":"wp","href":"https:\/\/api.w.org\/{rel}","templated":true}]}}