{"id":2626,"date":"2020-10-21T17:13:37","date_gmt":"2020-10-21T15:13:37","guid":{"rendered":"https:\/\/tintoreriasronsel.es\/tienda\/?post_type=product&#038;p=2626"},"modified":"2025-05-03T11:29:25","modified_gmt":"2025-05-03T09:29:25","slug":"anorak-de-plumas-largo","status":"publish","type":"product","link":"https:\/\/tintoreriasronsel.es\/tienda\/producto\/anorak-de-plumas-largo\/","title":{"rendered":"Anorak de plumas. Largo"},"content":{"rendered":"<p>En el proceso de limpieza y desmanchado utilizamos productos que permiten la eliminaci\u00f3n de manchas producidas por accidentes de la vida diaria. La limpieza y en funci\u00f3n de la prenda se realizar\u00e1 en limpieza seco o lavado en h\u00famedo o <em>Wet-Cleaning.<\/em><\/p>\n<p>En el Lavado Wet<i>&#8211;<\/i>Cleaning utilizamos detergentes biodegradables para un lavado <i>ecol\u00f3gico<\/i>, que tiene un impacto casi nulo con el medio ambiente.<\/p>\n<p>Asimismo, aplicamos un proceso de desodorizaci\u00f3n encaminado a eliminar humo de combusti\u00f3n por la contaminaci\u00f3n, olores diversos.<\/p>\n<p>Para algunos tejidos (como por ejemplo el lino) o cualquier otro requerido por nuestros clientes, aplicamos aprestos para conseguir un mejor acabado.<\/p>\n<p>Finalmente, realizamos un planchado profesional y artesanal, que se fundamenta en 2 fases:<\/p>\n<blockquote>\n<ol>\n<li><span style=\"font-weight: 400;\">Inicialmente estas prendas pasan por un maniqu\u00ed para estirar y dar forma a los <em>anorak.<\/em><\/span><\/li>\n<li><span style=\"font-weight: 400;\">En una segunda se realiza un\u00a0 planchado manual para quitar arrugas de forros interiores, imperfecciones y vaporizado de la parte exterior para color y acomodar la prenda y quede perfecta.<\/span><\/li>\n<\/ol>\n<\/blockquote>\n<p>Este sistema de planchado garantiza una calidad total, y evita que salgan brillos, o costuras marcadas, etc, al evitar la mayor fricci\u00f3n que se producir\u00eda con un planchado cien por cien manual.<\/p>\n","protected":false},"excerpt":{"rendered":"<p><span style=\"font-weight: 400;\">Limpieza, desmanchado, vaporizado\u00a0 y planchado de anorak de plumas largo, que lleguen a la rodilla o por debajo de la misma y de uso diario.\u00a0 No se incluyen los anorak de marcas exclusivas, ni tampoco anorak deportivos como anorak de esqu\u00ed, alpinismo, o de motorista.<\/span><\/p>\n","protected":false},"featured_media":2631,"template":"","meta":{"_acf_changed":false,"_et_pb_use_builder":"","_et_pb_old_content":"","_et_gb_content_width":""},"product_brand":[],"product_cat":[202,247,201],"product_tag":[],"class_list":{"0":"post-2626","1":"product","2":"type-product","3":"status-publish","4":"has-post-thumbnail","6":"product_cat-anoraks","7":"product_cat-prendas-de-vestir","8":"product_cat-ropa-de-invierno","10":"first","11":"instock","12":"taxable","13":"shipping-taxable","14":"purchasable","15":"product-type-simple"},"acf":[],"_links":{"self":[{"href":"https:\/\/tintoreriasronsel.es\/tienda\/wp-json\/wp\/v2\/product\/2626","targetHints":{"allow":["GET"]}}],"collection":[{"href":"https:\/\/tintoreriasronsel.es\/tienda\/wp-json\/wp\/v2\/product"}],"about":[{"href":"https:\/\/tintoreriasronsel.es\/tienda\/wp-json\/wp\/v2\/types\/product"}],"wp:featuredmedia":[{"embeddable":true,"href":"https:\/\/tintoreriasronsel.es\/tienda\/wp-json\/wp\/v2\/media\/2631"}],"wp:attachment":[{"href":"https:\/\/tintoreriasronsel.es\/tienda\/wp-json\/wp\/v2\/media?parent=2626"}],"wp:term":[{"taxonomy":"product_brand","embeddable":true,"href":"https:\/\/tintoreriasronsel.es\/tienda\/wp-json\/wp\/v2\/product_brand?post=2626"},{"taxonomy":"product_cat","embeddable":true,"href":"https:\/\/tintoreriasronsel.es\/tienda\/wp-json\/wp\/v2\/product_cat?post=2626"},{"taxonomy":"product_tag","embeddable":true,"href":"https:\/\/tintoreriasronsel.es\/tienda\/wp-json\/wp\/v2\/product_tag?post=2626"}],"curies":[{"name":"wp","href":"https:\/\/api.w.org\/{rel}","templated":true}]}}