{"id":256135,"date":"2025-05-03T21:21:17","date_gmt":"2025-05-03T19:21:17","guid":{"rendered":"https:\/\/tintoreriasronsel.es\/tienda\/?post_type=product&#038;p=256135"},"modified":"2025-05-04T12:04:39","modified_gmt":"2025-05-04T10:04:39","slug":"empaquetar-al-vacio-limpieza","status":"publish","type":"product","link":"https:\/\/tintoreriasronsel.es\/tienda\/producto\/empaquetar-al-vacio-limpieza\/","title":{"rendered":"Empaquetar al vac\u00edo + Limpieza"},"content":{"rendered":"<p><span style=\"font-weight: 400;\">Contamos con la amplia experiencia, tecnolog\u00eda y equipo profesional para la limpieza de su chaqu\u00e9 o esmoquin (smoking), y sabemos que est\u00e1 fabricado con una fina y costosa confecci\u00f3n, y con exclusivos materiales que requieren de un trato experto.<\/span><\/p>\n<p><strong>L<\/strong><b>impieza espec\u00edfica:<\/b><span style=\"font-weight: 400;\"> de levita y pantal\u00f3n eliminando esas manchas, tanto visibles (bebida, comida, etc.), como invisibles, y adem\u00e1s\u00a0 olores a perfumes, champ\u00e1n, etc. que tienden a impregnarse a los tejidos, y que de no eliminarse bien, acaban con el paso el tiempo deteriorando los tejidos de su chaqu\u00e9 o esmoquin.<\/span><\/p>\n<p><strong>P<\/strong><b>lanchado profesional<\/b><span style=\"font-weight: 400;\">: que permita que el chaqu\u00e9 o esmoquin para que se adapten impecablemente a su persona e imagen. Entregamos en percha perfectamente planchado e impoluto.<\/span><\/p>\n","protected":false},"excerpt":{"rendered":"<p><span style=\"font-weight: 400;\">Limpieza, desmanchado y planchado de Levita \/ Chaqu\u00e9 \/ Chaqueta,\u00a0 y Pantal\u00f3n.<\/span><\/p>\n","protected":false},"featured_media":256141,"template":"","meta":{"_acf_changed":false,"_et_pb_use_builder":"","_et_pb_old_content":"","_et_gb_content_width":""},"product_brand":[],"product_cat":[625,250],"product_tag":[],"class_list":{"0":"post-256135","1":"product","2":"type-product","3":"status-publish","4":"has-post-thumbnail","6":"product_cat-empaquetado-al-vacio","7":"product_cat-servicios-adicionales","8":"product_shipping_class-envio-tienda","10":"first","11":"instock","12":"taxable","13":"shipping-taxable","14":"purchasable","15":"product-type-simple"},"acf":[],"_links":{"self":[{"href":"https:\/\/tintoreriasronsel.es\/tienda\/wp-json\/wp\/v2\/product\/256135","targetHints":{"allow":["GET"]}}],"collection":[{"href":"https:\/\/tintoreriasronsel.es\/tienda\/wp-json\/wp\/v2\/product"}],"about":[{"href":"https:\/\/tintoreriasronsel.es\/tienda\/wp-json\/wp\/v2\/types\/product"}],"wp:featuredmedia":[{"embeddable":true,"href":"https:\/\/tintoreriasronsel.es\/tienda\/wp-json\/wp\/v2\/media\/256141"}],"wp:attachment":[{"href":"https:\/\/tintoreriasronsel.es\/tienda\/wp-json\/wp\/v2\/media?parent=256135"}],"wp:term":[{"taxonomy":"product_brand","embeddable":true,"href":"https:\/\/tintoreriasronsel.es\/tienda\/wp-json\/wp\/v2\/product_brand?post=256135"},{"taxonomy":"product_cat","embeddable":true,"href":"https:\/\/tintoreriasronsel.es\/tienda\/wp-json\/wp\/v2\/product_cat?post=256135"},{"taxonomy":"product_tag","embeddable":true,"href":"https:\/\/tintoreriasronsel.es\/tienda\/wp-json\/wp\/v2\/product_tag?post=256135"}],"curies":[{"name":"wp","href":"https:\/\/api.w.org\/{rel}","templated":true}]}}