{"id":256128,"date":"2025-05-03T20:31:49","date_gmt":"2025-05-03T18:31:49","guid":{"rendered":"https:\/\/tintoreriasronsel.es\/tienda\/?post_type=product&#038;p=256128"},"modified":"2025-05-21T01:50:59","modified_gmt":"2025-05-20T23:50:59","slug":"coladas","status":"publish","type":"product","link":"https:\/\/tintoreriasronsel.es\/tienda\/producto\/coladas\/","title":{"rendered":"Coladas"},"content":{"rendered":"<p>En las <em>coladas<\/em> las prendas ser\u00e1n lavadas en agua con ozono para desinfectarlas, y con productos espec\u00edficos que sin da\u00f1ar las prendas permiten la eliminaci\u00f3n de toda clase de manchas producidas por accidentes de la vida diaria.<\/p>\n","protected":false},"excerpt":{"rendered":"<p>Las <em>coladas<\/em> incluyen: Lavado de prendas, tratamiento de ozono, secado, doblado y embolsado de prendas. <em>No se procesar\u00e1n las prendas que puedan afectar la colada por transferencia de color.<\/em><\/p>\n<p><em>Colada <strong>peque\u00f1a<\/strong><\/em> (Equivalente a una lavadora casera de 7 Kg).<br \/>\n<em>Colada <strong>grande<\/strong><\/em> (Equivalente a 2 lavadoras caseras).<\/p>\n","protected":false},"featured_media":256374,"template":"","meta":{"_acf_changed":false,"_et_pb_use_builder":"","_et_pb_old_content":"","_et_gb_content_width":""},"product_brand":[],"product_cat":[630,622],"product_tag":[],"class_list":{"0":"post-256128","1":"product","2":"type-product","3":"status-publish","4":"has-post-thumbnail","6":"product_cat-servicios-especiales","7":"product_cat-coladas","8":"product_shipping_class-envio-tienda","10":"first","11":"instock","12":"taxable","13":"shipping-taxable","14":"purchasable","15":"product-type-variable"},"acf":[],"_links":{"self":[{"href":"https:\/\/tintoreriasronsel.es\/tienda\/wp-json\/wp\/v2\/product\/256128","targetHints":{"allow":["GET"]}}],"collection":[{"href":"https:\/\/tintoreriasronsel.es\/tienda\/wp-json\/wp\/v2\/product"}],"about":[{"href":"https:\/\/tintoreriasronsel.es\/tienda\/wp-json\/wp\/v2\/types\/product"}],"wp:featuredmedia":[{"embeddable":true,"href":"https:\/\/tintoreriasronsel.es\/tienda\/wp-json\/wp\/v2\/media\/256374"}],"wp:attachment":[{"href":"https:\/\/tintoreriasronsel.es\/tienda\/wp-json\/wp\/v2\/media?parent=256128"}],"wp:term":[{"taxonomy":"product_brand","embeddable":true,"href":"https:\/\/tintoreriasronsel.es\/tienda\/wp-json\/wp\/v2\/product_brand?post=256128"},{"taxonomy":"product_cat","embeddable":true,"href":"https:\/\/tintoreriasronsel.es\/tienda\/wp-json\/wp\/v2\/product_cat?post=256128"},{"taxonomy":"product_tag","embeddable":true,"href":"https:\/\/tintoreriasronsel.es\/tienda\/wp-json\/wp\/v2\/product_tag?post=256128"}],"curies":[{"name":"wp","href":"https:\/\/api.w.org\/{rel}","templated":true}]}}