{"id":254711,"date":"2024-11-01T00:30:11","date_gmt":"2024-10-31T23:30:11","guid":{"rendered":"https:\/\/tintoreriasronsel.es\/tienda\/?post_type=product&#038;p=254711"},"modified":"2026-02-03T17:50:26","modified_gmt":"2026-02-03T16:50:26","slug":"vestido-de-novia-de-alta-costura","status":"publish","type":"product","link":"https:\/\/tintoreriasronsel.es\/tienda\/producto\/vestido-de-novia-de-alta-costura\/","title":{"rendered":"Vestido de novia de alta costura"},"content":{"rendered":"<p><span style=\"font-weight: 400;\">Nuestro personal muy cualificado limpia vestidos de novias mediante procesos especializados que devuelven el blanco original, desengrasan, desmanchan y eliminan trazas de hierba, flores, barro y manchas de bebidas compuestas de az\u00facar y colorantes.<\/span><\/p>\n<p><span style=\"font-weight: 400;\">Le entregamos su vestido de novia impecable y perfectamente planchado en una percha o empaquetado en una caja especial* de manera que se conserve en perfecto estado para cuando celebre sus bodas de plata y oro.<\/span><\/p>\n<p><span style=\"font-weight: 400;\">(*) Su vestido de novia estar\u00e1 protegido con capas sucesivas de un papel de seda especial, libre de cloro y \u00e1cidos, y que no genera las emanaciones que producir\u00edan la aparici\u00f3n de manchas amarillas en los tejidos que han sido empaquetados durante largo tiempo.<\/span><\/p>\n","protected":false},"excerpt":{"rendered":"<p>Limpieza y planchado o vaporizado de\u00a0<em>vestido de novia con pedrer\u00eda,<\/em>\u00a0o\u00a0<em>vestido novia de alta costura<\/em>.<\/p>\n","protected":false},"featured_media":226249,"template":"","meta":{"_acf_changed":false,"_et_pb_use_builder":"","_et_pb_old_content":"","_et_gb_content_width":""},"product_brand":[],"product_cat":[148,149,247],"product_tag":[540,549],"class_list":{"0":"post-254711","1":"product","2":"type-product","3":"status-publish","4":"has-post-thumbnail","6":"product_cat-ceremonias","7":"product_cat-novias","8":"product_cat-prendas-de-vestir","9":"product_tag-14-dias","10":"product_tag-vestidos","11":"product_shipping_class-envio-tienda","13":"first","14":"instock","15":"taxable","16":"shipping-taxable","17":"purchasable","18":"product-type-simple"},"acf":[],"_links":{"self":[{"href":"https:\/\/tintoreriasronsel.es\/tienda\/wp-json\/wp\/v2\/product\/254711","targetHints":{"allow":["GET"]}}],"collection":[{"href":"https:\/\/tintoreriasronsel.es\/tienda\/wp-json\/wp\/v2\/product"}],"about":[{"href":"https:\/\/tintoreriasronsel.es\/tienda\/wp-json\/wp\/v2\/types\/product"}],"wp:featuredmedia":[{"embeddable":true,"href":"https:\/\/tintoreriasronsel.es\/tienda\/wp-json\/wp\/v2\/media\/226249"}],"wp:attachment":[{"href":"https:\/\/tintoreriasronsel.es\/tienda\/wp-json\/wp\/v2\/media?parent=254711"}],"wp:term":[{"taxonomy":"product_brand","embeddable":true,"href":"https:\/\/tintoreriasronsel.es\/tienda\/wp-json\/wp\/v2\/product_brand?post=254711"},{"taxonomy":"product_cat","embeddable":true,"href":"https:\/\/tintoreriasronsel.es\/tienda\/wp-json\/wp\/v2\/product_cat?post=254711"},{"taxonomy":"product_tag","embeddable":true,"href":"https:\/\/tintoreriasronsel.es\/tienda\/wp-json\/wp\/v2\/product_tag?post=254711"}],"curies":[{"name":"wp","href":"https:\/\/api.w.org\/{rel}","templated":true}]}}