{"id":247949,"date":"2023-03-05T19:26:44","date_gmt":"2023-03-05T18:26:44","guid":{"rendered":"https:\/\/tintoreriasronsel.es\/tienda\/?post_type=product&#038;p=247949"},"modified":"2026-02-02T11:53:45","modified_gmt":"2026-02-02T10:53:45","slug":"ofertas-descuentos-pack-2-prendas-de-invierno","status":"publish","type":"product","link":"https:\/\/tintoreriasronsel.es\/tienda\/producto\/ofertas-descuentos-pack-2-prendas-de-invierno\/","title":{"rendered":"Ofertas &#038; Descuentos \u00b7 Pack 2 Prendas de Invierno"},"content":{"rendered":"<p>En el proceso de limpieza y desmanchado utilizamos productos que permiten la eliminaci\u00f3n de manchas producidas por accidentes de la vida diaria. La limpieza y en funci\u00f3n de la prenda se realizar\u00e1 en limpieza seco o\u00a0<em>Wet-Cleaning<\/em>.<\/p>\n<p>En el Lavado Wet-Cleaning utilizamos detergentes biodegradables para un\u00a0<em>lavado ecol\u00f3gico<\/em>, que tiene un impacto casi nulo con el medio ambiente. Asimismo, aplicamos\u00a0<em>desmanchadores<\/em>\u00a0espec\u00edficos para tratar y eliminar las manchas de vino, salsas, as\u00ed como manchas amarillas antiguas de estar guardado.<\/p>\n<p>Posteriormente, realizamos un\u00a0<em>planchado profesional\u00a0<\/em>y<em>\u00a0tradicional<\/em>, utilizando prensas en donde\u00a0<em>vaporizamos, estiramos\u00a0<\/em>y<em> planchamos <\/em>para dar la forma correcta a la prenda y su apresto original.<\/p>\n","protected":false},"excerpt":{"rendered":"<p>El <em>pack<\/em> incluye el servicio de desmanchado, limpieza y planchado de <em>2 prendas de invierno.<\/em> A elegir entre <span data-sheets-value=\"{&quot;1&quot;:2,&quot;2&quot;:&quot;Abrigos, cazadora, gabardinas, chaquetones, anorak sint\u00e9ticos. Se excluyen anorak de plumas y chaquetones de marca&quot;}\" data-sheets-userformat=\"{&quot;2&quot;:2563,&quot;3&quot;:{&quot;1&quot;:2,&quot;2&quot;:&quot;0.00&quot;,&quot;3&quot;:1},&quot;4&quot;:{&quot;1&quot;:2,&quot;2&quot;:16773836},&quot;12&quot;:0,&quot;14&quot;:{&quot;1&quot;:2,&quot;2&quot;:13369344}}\"><em>abrigos<\/em>, <em>cazadoras<\/em>, <em>gabardinas<\/em>, <em>chaquetones<\/em>, <em>anorak<\/em> sint\u00e9ticos. Se excluyen anorak de plumas y chaquetones de marca.<\/span><\/p>\n","protected":false},"featured_media":247950,"template":"","meta":{"_acf_changed":false,"_et_pb_use_builder":"","_et_pb_old_content":"","_et_gb_content_width":""},"product_brand":[],"product_cat":[231,543],"product_tag":[586],"class_list":{"0":"post-247949","1":"product","2":"type-product","3":"status-publish","4":"has-post-thumbnail","6":"product_cat-ahorro-packs","7":"product_cat-packs-limpieza-prendas","8":"product_tag-prendas_invierno","9":"product_shipping_class-envio-gratuito-packs","11":"first","12":"instock","13":"taxable","14":"shipping-taxable","15":"purchasable","16":"product-type-simple"},"acf":[],"_links":{"self":[{"href":"https:\/\/tintoreriasronsel.es\/tienda\/wp-json\/wp\/v2\/product\/247949","targetHints":{"allow":["GET"]}}],"collection":[{"href":"https:\/\/tintoreriasronsel.es\/tienda\/wp-json\/wp\/v2\/product"}],"about":[{"href":"https:\/\/tintoreriasronsel.es\/tienda\/wp-json\/wp\/v2\/types\/product"}],"wp:featuredmedia":[{"embeddable":true,"href":"https:\/\/tintoreriasronsel.es\/tienda\/wp-json\/wp\/v2\/media\/247950"}],"wp:attachment":[{"href":"https:\/\/tintoreriasronsel.es\/tienda\/wp-json\/wp\/v2\/media?parent=247949"}],"wp:term":[{"taxonomy":"product_brand","embeddable":true,"href":"https:\/\/tintoreriasronsel.es\/tienda\/wp-json\/wp\/v2\/product_brand?post=247949"},{"taxonomy":"product_cat","embeddable":true,"href":"https:\/\/tintoreriasronsel.es\/tienda\/wp-json\/wp\/v2\/product_cat?post=247949"},{"taxonomy":"product_tag","embeddable":true,"href":"https:\/\/tintoreriasronsel.es\/tienda\/wp-json\/wp\/v2\/product_tag?post=247949"}],"curies":[{"name":"wp","href":"https:\/\/api.w.org\/{rel}","templated":true}]}}