{"id":246596,"date":"2023-01-24T12:17:44","date_gmt":"2023-01-24T11:17:44","guid":{"rendered":"https:\/\/tintoreriasronsel.es\/tienda\/?post_type=product&#038;p=246596"},"modified":"2026-02-02T11:49:28","modified_gmt":"2026-02-02T10:49:28","slug":"ofertas-descuentos-pack-3-jerseis","status":"publish","type":"product","link":"https:\/\/tintoreriasronsel.es\/tienda\/producto\/ofertas-descuentos-pack-3-jerseis\/","title":{"rendered":"Ofertas &#038; Descuentos \u00b7 Pack 3 Jers\u00e9is"},"content":{"rendered":"<p>Para que se anime a aprovechar nuestros buenos precios y mejor calidad, hemos preparado descuentos especiales en este pack de ahorro, que incluye procesos de limpieza y desmanchado en los que utilizamos productos que permiten la eliminaci\u00f3n de manchas producidas por accidentes de la vida diaria.<\/p>\n<p>La limpieza en funci\u00f3n del tipo de jersey se realizar\u00e1 en agua o lavado en h\u00famedo o Wet-Cleaning.<\/p>\n","protected":false},"excerpt":{"rendered":"<p>El <em>pack<\/em> incluye desmanchado, limpieza y planchado de 3 jers\u00e9is.<\/p>\n","protected":false},"featured_media":246597,"template":"","meta":{"_acf_changed":false,"_et_pb_use_builder":"","_et_pb_old_content":"","_et_gb_content_width":""},"product_brand":[],"product_cat":[231,543],"product_tag":[587],"class_list":{"0":"post-246596","1":"product","2":"type-product","3":"status-publish","4":"has-post-thumbnail","6":"product_cat-ahorro-packs","7":"product_cat-packs-limpieza-prendas","8":"product_tag-jerseis","9":"product_shipping_class-envio-gratuito-packs","11":"first","12":"instock","13":"taxable","14":"shipping-taxable","15":"purchasable","16":"product-type-simple"},"acf":[],"_links":{"self":[{"href":"https:\/\/tintoreriasronsel.es\/tienda\/wp-json\/wp\/v2\/product\/246596","targetHints":{"allow":["GET"]}}],"collection":[{"href":"https:\/\/tintoreriasronsel.es\/tienda\/wp-json\/wp\/v2\/product"}],"about":[{"href":"https:\/\/tintoreriasronsel.es\/tienda\/wp-json\/wp\/v2\/types\/product"}],"wp:featuredmedia":[{"embeddable":true,"href":"https:\/\/tintoreriasronsel.es\/tienda\/wp-json\/wp\/v2\/media\/246597"}],"wp:attachment":[{"href":"https:\/\/tintoreriasronsel.es\/tienda\/wp-json\/wp\/v2\/media?parent=246596"}],"wp:term":[{"taxonomy":"product_brand","embeddable":true,"href":"https:\/\/tintoreriasronsel.es\/tienda\/wp-json\/wp\/v2\/product_brand?post=246596"},{"taxonomy":"product_cat","embeddable":true,"href":"https:\/\/tintoreriasronsel.es\/tienda\/wp-json\/wp\/v2\/product_cat?post=246596"},{"taxonomy":"product_tag","embeddable":true,"href":"https:\/\/tintoreriasronsel.es\/tienda\/wp-json\/wp\/v2\/product_tag?post=246596"}],"curies":[{"name":"wp","href":"https:\/\/api.w.org\/{rel}","templated":true}]}}