{"id":244782,"date":"2022-06-26T12:14:02","date_gmt":"2022-06-26T10:14:02","guid":{"rendered":"https:\/\/tintoreriasronsel.es\/tienda\/?post_type=product&#038;p=244782"},"modified":"2026-02-03T08:11:05","modified_gmt":"2026-02-03T07:11:05","slug":"traje-completo-de-2-piezas","status":"publish","type":"product","link":"https:\/\/tintoreriasronsel.es\/tienda\/producto\/traje-completo-de-2-piezas\/","title":{"rendered":"Traje completo de 2 piezas \u00b7 Lino, terciopelo o tejidos especiales"},"content":{"rendered":"<p><span style=\"font-weight: 400;\">En el proceso de limpieza y desmanchado utilizamos productos que permiten la eliminaci\u00f3n de manchas <\/span><span style=\"font-weight: 400;\">producidas por accidentes de la vida diaria. La limpieza y en funci\u00f3n de la prenda se realizar\u00e1 en limpieza seco o la<\/span><span style=\"font-weight: 400;\">vado en h\u00famedo o <\/span><i><span style=\"font-weight: 400;\">Wet-Cleaning<\/span><\/i><span style=\"font-weight: 400;\">.\u00a0<\/span><\/p>\n<p><span style=\"font-weight: 400;\">En el Lavado <\/span><i><span style=\"font-weight: 400;\">Wet-<\/span><\/i><span style=\"font-weight: 400;\">Cleaning utilizamos detergentes biodegradables para un lavado <\/span><i><span style=\"font-weight: 400;\">ecol\u00f3gico<\/span><\/i><span style=\"font-weight: 400;\">, que tiene un impacto casi nulo con el medio ambiente. <\/span><span style=\"font-weight: 400;\">Asimismo, aplicamos un proceso de desodorizaci\u00f3n encaminado a eliminar humo de combusti\u00f3n por la contaminaci\u00f3n, olores diversos.\u00a0<\/span><span style=\"font-weight: 400;\">En algunos tejidos (por ejemplo el lino) aplicamos aprestos para conseguir un mejor acabado.<\/span><\/p>\n<p><span style=\"font-weight: 400;\">Finalmente, realizamos un planchado profesional y tradicional, que se fundamenta en 3 fases: Inicialmente estas prendas pasan por un maniqu\u00ed para estirar y dar forma a las americanas, en una segunda fase utilizamos prensa en donde vaporizamos y damos forma a la prenda (prensamos la raya del pantal\u00f3n, para que caiga) y finalmente se realiza un planchado manual para quitar arrugas menores e imperfecciones.<\/span><\/p>\n<p><span style=\"font-weight: 400;\">Este sistema de planchado garantiza una calidad total, y evita que salgan brillos, o costuras marcadas, etc, al evitar la mayor fricci\u00f3n que se producir\u00eda con un planchado cien por cien manual.<\/span><\/p>\n","protected":false},"excerpt":{"rendered":"<p><span style=\"font-weight: 400;\"><em>Limpieza, desmanchado y planchado<\/em> de trajes de 2 piezas. De hombre o mujer. <em>Pantal\u00f3n y americana<\/em>. De lino, seda, terciopelo u otros tejidos especiales; as\u00ed como de cualquier otra clase de trajes de grandes marcas o dise\u00f1adores exclusivos.<\/span><\/p>\n","protected":false},"featured_media":244783,"template":"","meta":{"_acf_changed":false,"_et_pb_use_builder":"","_et_pb_old_content":"","_et_gb_content_width":""},"product_brand":[],"product_cat":[179,247,180],"product_tag":[],"class_list":{"0":"post-244782","1":"product","2":"type-product","3":"status-publish","4":"has-post-thumbnail","6":"product_cat-basicos","7":"product_cat-prendas-de-vestir","8":"product_cat-trajes-y-chaquetas","9":"product_shipping_class-envio-tienda","11":"first","12":"instock","13":"taxable","14":"shipping-taxable","15":"purchasable","16":"product-type-simple"},"acf":[],"_links":{"self":[{"href":"https:\/\/tintoreriasronsel.es\/tienda\/wp-json\/wp\/v2\/product\/244782","targetHints":{"allow":["GET"]}}],"collection":[{"href":"https:\/\/tintoreriasronsel.es\/tienda\/wp-json\/wp\/v2\/product"}],"about":[{"href":"https:\/\/tintoreriasronsel.es\/tienda\/wp-json\/wp\/v2\/types\/product"}],"wp:featuredmedia":[{"embeddable":true,"href":"https:\/\/tintoreriasronsel.es\/tienda\/wp-json\/wp\/v2\/media\/244783"}],"wp:attachment":[{"href":"https:\/\/tintoreriasronsel.es\/tienda\/wp-json\/wp\/v2\/media?parent=244782"}],"wp:term":[{"taxonomy":"product_brand","embeddable":true,"href":"https:\/\/tintoreriasronsel.es\/tienda\/wp-json\/wp\/v2\/product_brand?post=244782"},{"taxonomy":"product_cat","embeddable":true,"href":"https:\/\/tintoreriasronsel.es\/tienda\/wp-json\/wp\/v2\/product_cat?post=244782"},{"taxonomy":"product_tag","embeddable":true,"href":"https:\/\/tintoreriasronsel.es\/tienda\/wp-json\/wp\/v2\/product_tag?post=244782"}],"curies":[{"name":"wp","href":"https:\/\/api.w.org\/{rel}","templated":true}]}}