{"id":2292,"date":"2020-02-15T11:23:25","date_gmt":"2020-02-15T10:23:25","guid":{"rendered":"https:\/\/tintoreriasronsel.es\/tienda\/?post_type=product&#038;p=2292"},"modified":"2025-05-03T11:00:29","modified_gmt":"2025-05-03T09:00:29","slug":"panuelo-con-flecos","status":"publish","type":"product","link":"https:\/\/tintoreriasronsel.es\/tienda\/producto\/panuelo-con-flecos\/","title":{"rendered":"Pa\u00f1uelo con flecos"},"content":{"rendered":"<p><span style=\"font-weight: 400;\">En el proceso de limpieza y desmanchado utilizamos productos de \u00faltima generaci\u00f3n y delicados para tratar de eliminar las\u00a0 manchas de maquillaje,\u00a0 comidas, manchas amarillas todas estas muy t\u00edpicas en este tipo de prendas.\u00a0<\/span><\/p>\n<p><span style=\"font-weight: 400;\">Posteriormente se realizar\u00e1 en limpieza seco.<\/span><b>\u00a0<\/b><\/p>\n<blockquote><p><span style=\"font-weight: 400;\">Finalmente realizaremos un proceso de vaporizaci\u00f3n y planchado especializado y delicado a mano, a efectos de evitar que el pa\u00f1uelo se deforme y pierda su estado original. Sin planchar ni aplastar los bordes de dicho pa\u00f1uelo.\u00a0 Posteriormente peinamos y desenredamos los nudos de los flecos para que queden en su estado original. Este sistema de planchado garantiza una calidad total.<\/span><\/p><\/blockquote>\n","protected":false},"excerpt":{"rendered":"<p><span style=\"font-weight: 400;\">Limpieza, desmanchado y planchado de pa\u00f1uelos.<\/span><\/p>\n","protected":false},"featured_media":2687,"template":"","meta":{"_acf_changed":false,"_et_pb_use_builder":"","_et_pb_old_content":"","_et_gb_content_width":""},"product_brand":[],"product_cat":[200,247,256],"product_tag":[],"class_list":{"0":"post-2292","1":"product","2":"type-product","3":"status-publish","4":"has-post-thumbnail","6":"product_cat-complementos-y-accesorios","7":"product_cat-prendas-de-vestir","8":"product_cat-presupuestos-1","10":"first","11":"instock","12":"sold-individually","13":"taxable","14":"shipping-taxable","15":"purchasable","16":"product-type-simple"},"acf":[],"_links":{"self":[{"href":"https:\/\/tintoreriasronsel.es\/tienda\/wp-json\/wp\/v2\/product\/2292","targetHints":{"allow":["GET"]}}],"collection":[{"href":"https:\/\/tintoreriasronsel.es\/tienda\/wp-json\/wp\/v2\/product"}],"about":[{"href":"https:\/\/tintoreriasronsel.es\/tienda\/wp-json\/wp\/v2\/types\/product"}],"wp:featuredmedia":[{"embeddable":true,"href":"https:\/\/tintoreriasronsel.es\/tienda\/wp-json\/wp\/v2\/media\/2687"}],"wp:attachment":[{"href":"https:\/\/tintoreriasronsel.es\/tienda\/wp-json\/wp\/v2\/media?parent=2292"}],"wp:term":[{"taxonomy":"product_brand","embeddable":true,"href":"https:\/\/tintoreriasronsel.es\/tienda\/wp-json\/wp\/v2\/product_brand?post=2292"},{"taxonomy":"product_cat","embeddable":true,"href":"https:\/\/tintoreriasronsel.es\/tienda\/wp-json\/wp\/v2\/product_cat?post=2292"},{"taxonomy":"product_tag","embeddable":true,"href":"https:\/\/tintoreriasronsel.es\/tienda\/wp-json\/wp\/v2\/product_tag?post=2292"}],"curies":[{"name":"wp","href":"https:\/\/api.w.org\/{rel}","templated":true}]}}