{"id":226801,"date":"2021-03-12T09:55:47","date_gmt":"2021-03-12T08:55:47","guid":{"rendered":"https:\/\/tintoreriasronsel.es\/tienda\/?post_type=product&#038;p=226801"},"modified":"2025-08-23T20:53:29","modified_gmt":"2025-08-23T18:53:29","slug":"chaqueton-o-similar-barbour-y-belfast","status":"publish","type":"product","link":"https:\/\/tintoreriasronsel.es\/tienda\/producto\/chaqueton-o-similar-barbour-y-belfast\/","title":{"rendered":"Chaquet\u00f3n o similar. Barbour y Belfast"},"content":{"rendered":"<h2>Para limpiar su chaquet\u00f3n o similar de Barbour o Belfast&#8230;<\/h2>\n<p><span style=\"font-weight: 400;\">En el proceso de limpieza y desmanchado utilizamos productos que permiten la eliminaci\u00f3n de manchas <\/span><span style=\"font-weight: 400;\">producidas por accidentes de la vida diaria. La limpieza y en funci\u00f3n de la prenda se realizar\u00e1 en limpieza seco o<\/span> <em>Wet-Cleaning<\/em><b>.\u00a0<\/b><span style=\"font-weight: 400;\">En el Lavado <\/span><i><span style=\"font-weight: 400;\">Wet-<\/span><\/i><span style=\"font-weight: 400;\">Cleaning utilizamos detergentes biodegradables para un lavado <\/span><i><span style=\"font-weight: 400;\">ecol\u00f3gico<\/span><\/i><span style=\"font-weight: 400;\">, que tiene un impacto casi nulo con el medio ambiente.<\/span><\/p>\n<blockquote>\n<ul>\n<li><span style=\"font-weight: 400;\">En el proceso de limpieza eliminamos el encerado o resinado.<\/span><\/li>\n<li><span style=\"font-weight: 400;\">Asimismo, aplicamos un proceso de desodorizaci\u00f3n encaminado a eliminar humo de combusti\u00f3n por la contaminaci\u00f3n, olores diversos.<\/span><\/li>\n<li><span style=\"font-weight: 400;\">Posteriormente, procedemos a encerar o resinar las prendas, para que quede impermeabilizada (para que siga protegiendo del fr\u00edo y agua), y que recupere su estado original.<\/span><\/li>\n<\/ul>\n<\/blockquote>\n<p><span style=\"font-weight: 400;\">Finalmente, realizamos un planchado profesional y tradicional, que se fundamenta en 3 fases:\u00a0<\/span><\/p>\n<blockquote>\n<ul>\n<li><span style=\"font-weight: 400;\">Inicialmente estas prendas pasan por un maniqu\u00ed para estirar y dar forma a las abrigos<\/span><\/li>\n<li><span style=\"font-weight: 400;\">Segunda fase utilizamos prensa en donde vaporizamos y damos forma a la prenda para que adquiera su apresto y forma original, sin aplastar el tejido<\/span><\/li>\n<li><span style=\"font-weight: 400;\">y finalmente se realiza un planchado manual para quitar arrugas menores e imperfecciones, planchar los forros interiores tanto del cuerpo como de las mangas del abrigo o chaquet\u00f3n.<\/span><\/li>\n<\/ul>\n<\/blockquote>\n<p><span style=\"font-weight: 400;\">Este sistema de planchado garantiza una calidad total, y evita que salgan brillos, o costuras marcadas, etc, al evitar la mayor fricci\u00f3n que se producir\u00eda con un planchado cien por cien manual.<\/span><\/p>\n","protected":false},"excerpt":{"rendered":"<p>Desmanchado, limpieza , encerado o resinado y planchado\/vaporizado del chaquet\u00f3n o abrigo (.Belstaff, Barbour, Garibaldi).<\/p>\n","protected":false},"featured_media":229393,"template":"","meta":{"_acf_changed":false,"_et_pb_use_builder":"","_et_pb_old_content":"","_et_gb_content_width":""},"product_brand":[],"product_cat":[240,247],"product_tag":[],"class_list":{"0":"post-226801","1":"product","2":"type-product","3":"status-publish","4":"has-post-thumbnail","6":"product_cat-encerado-y-resinas","7":"product_cat-prendas-de-vestir","8":"product_shipping_class-envio-tienda","10":"first","11":"instock","12":"taxable","13":"shipping-taxable","14":"purchasable","15":"product-type-simple"},"acf":[],"_links":{"self":[{"href":"https:\/\/tintoreriasronsel.es\/tienda\/wp-json\/wp\/v2\/product\/226801","targetHints":{"allow":["GET"]}}],"collection":[{"href":"https:\/\/tintoreriasronsel.es\/tienda\/wp-json\/wp\/v2\/product"}],"about":[{"href":"https:\/\/tintoreriasronsel.es\/tienda\/wp-json\/wp\/v2\/types\/product"}],"wp:featuredmedia":[{"embeddable":true,"href":"https:\/\/tintoreriasronsel.es\/tienda\/wp-json\/wp\/v2\/media\/229393"}],"wp:attachment":[{"href":"https:\/\/tintoreriasronsel.es\/tienda\/wp-json\/wp\/v2\/media?parent=226801"}],"wp:term":[{"taxonomy":"product_brand","embeddable":true,"href":"https:\/\/tintoreriasronsel.es\/tienda\/wp-json\/wp\/v2\/product_brand?post=226801"},{"taxonomy":"product_cat","embeddable":true,"href":"https:\/\/tintoreriasronsel.es\/tienda\/wp-json\/wp\/v2\/product_cat?post=226801"},{"taxonomy":"product_tag","embeddable":true,"href":"https:\/\/tintoreriasronsel.es\/tienda\/wp-json\/wp\/v2\/product_tag?post=226801"}],"curies":[{"name":"wp","href":"https:\/\/api.w.org\/{rel}","templated":true}]}}