{"id":226789,"date":"2021-03-12T09:20:54","date_gmt":"2021-03-12T08:20:54","guid":{"rendered":"https:\/\/tintoreriasronsel.es\/tienda\/?post_type=product&#038;p=226789"},"modified":"2024-07-05T13:10:09","modified_gmt":"2024-07-05T11:10:09","slug":"estola","status":"publish","type":"product","link":"https:\/\/tintoreriasronsel.es\/tienda\/producto\/estola\/","title":{"rendered":"Estola"},"content":{"rendered":"<p><span style=\"font-weight: 400;\">Las prendas de pelo est\u00e1n hechas con la piel de distintos animales, con caracter\u00edsticas espec\u00edficas, que requieren por tanto, de diferentes cuidados. <\/span><span style=\"font-weight: 400;\">Seguidamente detallamos el proceso que realizamos en la limpieza de estola de peleter\u00eda.<\/span><\/p>\n<p><span style=\"font-weight: 400;\">Iniciamos el proceso de desmanchado en el que utilizamos productos que permiten la eliminaci\u00f3n de manchas sin da\u00f1ar el pelo. La limpieza y en funci\u00f3n de la prenda se realizar\u00e1 en limpieza seco o <em>Wet-Cleaning<\/em>.\u00a0<\/span><\/p>\n<blockquote>\n<ul>\n<li><span style=\"font-weight: 400;\">Proceso de <em>abatanado<\/em>*, mediante este proceso\u00a0 se desempolva, ablanda la piel, para dejarla uniforme.<\/span><\/li>\n<li><span style=\"font-weight: 400;\">El proceso de <em>vaporizado<\/em> en este proceso se estabiliza y se consigue que\u00a0 el pelo quede suelto.<\/span><\/li>\n<li><span style=\"font-weight: 400;\">Aplicaci\u00f3n de un producto <em>antiest\u00e1tico<\/em> con ello se evita que el pelo se encrespe y coja polvo<\/span><\/li>\n<li><span style=\"font-weight: 400;\">Finalmente se <em>plancha<\/em>, para darle brillo y mejorar el aspecto de la prenda.<\/span><\/li>\n<\/ul>\n<\/blockquote>\n","protected":false},"excerpt":{"rendered":"<p><span style=\"font-weight: 400;\">Desmanchado, limpieza y planchado\/vaporizado de\u00a0 estola de pelo (vis\u00f3n, astrac\u00e1n, nutria, etc.).<\/span><\/p>\n","protected":false},"featured_media":229408,"template":"","meta":{"_acf_changed":false,"_et_pb_use_builder":"","_et_pb_old_content":"","_et_gb_content_width":""},"product_brand":[],"product_cat":[239,237,247],"product_tag":[],"class_list":{"0":"post-226789","1":"product","2":"type-product","3":"status-publish","4":"has-post-thumbnail","6":"product_cat-peleteria","7":"product_cat-pieles-y-pelo","8":"product_cat-prendas-de-vestir","9":"product_shipping_class-envio-tienda","11":"first","12":"instock","13":"taxable","14":"shipping-taxable","15":"purchasable","16":"product-type-simple"},"acf":[],"_links":{"self":[{"href":"https:\/\/tintoreriasronsel.es\/tienda\/wp-json\/wp\/v2\/product\/226789","targetHints":{"allow":["GET"]}}],"collection":[{"href":"https:\/\/tintoreriasronsel.es\/tienda\/wp-json\/wp\/v2\/product"}],"about":[{"href":"https:\/\/tintoreriasronsel.es\/tienda\/wp-json\/wp\/v2\/types\/product"}],"wp:featuredmedia":[{"embeddable":true,"href":"https:\/\/tintoreriasronsel.es\/tienda\/wp-json\/wp\/v2\/media\/229408"}],"wp:attachment":[{"href":"https:\/\/tintoreriasronsel.es\/tienda\/wp-json\/wp\/v2\/media?parent=226789"}],"wp:term":[{"taxonomy":"product_brand","embeddable":true,"href":"https:\/\/tintoreriasronsel.es\/tienda\/wp-json\/wp\/v2\/product_brand?post=226789"},{"taxonomy":"product_cat","embeddable":true,"href":"https:\/\/tintoreriasronsel.es\/tienda\/wp-json\/wp\/v2\/product_cat?post=226789"},{"taxonomy":"product_tag","embeddable":true,"href":"https:\/\/tintoreriasronsel.es\/tienda\/wp-json\/wp\/v2\/product_tag?post=226789"}],"curies":[{"name":"wp","href":"https:\/\/api.w.org\/{rel}","templated":true}]}}