{"id":226781,"date":"2021-03-12T09:16:25","date_gmt":"2021-03-12T08:16:25","guid":{"rendered":"https:\/\/tintoreriasronsel.es\/tienda\/?post_type=product&#038;p=226781"},"modified":"2025-05-03T12:00:56","modified_gmt":"2025-05-03T10:00:56","slug":"pantalon-de-piel-motorista","status":"publish","type":"product","link":"https:\/\/tintoreriasronsel.es\/tienda\/producto\/pantalon-de-piel-motorista\/","title":{"rendered":"Pantal\u00f3n de piel, motorista"},"content":{"rendered":"<p><span style=\"font-weight: 400;\">Las prendas de piel, est\u00e1n hechas con la dermis de distintos animales, con caracter\u00edsticas espec\u00edficas, que requieren por tanto, de diferentes cuidados. Seguidamente detallamos el proceso que realizamos en la limpieza de <em>pantalones en piel para motoristas<\/em>:<\/span><\/p>\n<blockquote>\n<ul>\n<li><span style=\"font-weight: 400;\">Desmanchado en el que utilizamos productos que permiten la <\/span><i><span style=\"font-weight: 400;\">eliminaci\u00f3n de manchas<\/span><\/i><span style=\"font-weight: 400;\"> sin da\u00f1ar la piel.\u00a0 La limpieza y en funci\u00f3n de la prenda se realizar\u00e1 en limpieza seco o <\/span><i><span style=\"font-weight: 400;\">Wet-Cleaning<\/span><\/i><span style=\"font-weight: 400;\">.\u00a0<\/span><\/li>\n<li><span style=\"font-weight: 400;\">Protegemos los adornos (hebillas, botones, etc.) para que no sufran en el proceso de limpieza.<\/span><\/li>\n<li><span style=\"font-weight: 400;\">Engrasado de la piel tipo ante, nobuck, con la finalidad de mantener su flexibilidad y aspecto.<\/span><\/li>\n<li><span style=\"font-weight: 400;\">Restaurado de color, brillo, tacto, impermeabilizaci\u00f3n de aquellas prendas que por el uso han perdidos estas caracter\u00edsticas.<\/span><\/li>\n<\/ul>\n<\/blockquote>\n<p><span style=\"font-weight: 400;\">Posteriormente, realizamos un <\/span><i><span style=\"font-weight: 400;\">planchado profesional<\/span><\/i><span style=\"font-weight: 400;\"> y <\/span><i><span style=\"font-weight: 400;\">tradicional<\/span><\/i><span style=\"font-weight: 400;\">, utilizando prensas en donde <\/span><i><span style=\"font-weight: 400;\">vaporizamos<\/span><\/i><span style=\"font-weight: 400;\">, <\/span><i><span style=\"font-weight: 400;\">estiramos<\/span><\/i><span style=\"font-weight: 400;\">\u00a0 y damos forma a la prenda para que adquiera su <\/span><i><span style=\"font-weight: 400;\">apresto<\/span><\/i><span style=\"font-weight: 400;\"> y forma original, sin aplastar el tejido.<\/span><\/p>\n","protected":false},"excerpt":{"rendered":"<p><span style=\"font-weight: 400;\">Desmanchado, limpieza y planchado\/ vaporizado de <em>pantal\u00f3n de motorista<\/em> en piel, normalmente de napalan\/ cuero, con combinaci\u00f3n de varios colores.<\/span><\/p>\n","protected":false},"featured_media":229813,"template":"","meta":{"_acf_changed":false,"_et_pb_use_builder":"","_et_pb_old_content":"","_et_gb_content_width":""},"product_brand":[],"product_cat":[238,237,247],"product_tag":[],"class_list":{"0":"post-226781","1":"product","2":"type-product","3":"status-publish","4":"has-post-thumbnail","6":"product_cat-piel","7":"product_cat-pieles-y-pelo","8":"product_cat-prendas-de-vestir","9":"product_shipping_class-envio-tienda","11":"first","12":"instock","13":"taxable","14":"shipping-taxable","15":"purchasable","16":"product-type-simple"},"acf":[],"_links":{"self":[{"href":"https:\/\/tintoreriasronsel.es\/tienda\/wp-json\/wp\/v2\/product\/226781","targetHints":{"allow":["GET"]}}],"collection":[{"href":"https:\/\/tintoreriasronsel.es\/tienda\/wp-json\/wp\/v2\/product"}],"about":[{"href":"https:\/\/tintoreriasronsel.es\/tienda\/wp-json\/wp\/v2\/types\/product"}],"wp:featuredmedia":[{"embeddable":true,"href":"https:\/\/tintoreriasronsel.es\/tienda\/wp-json\/wp\/v2\/media\/229813"}],"wp:attachment":[{"href":"https:\/\/tintoreriasronsel.es\/tienda\/wp-json\/wp\/v2\/media?parent=226781"}],"wp:term":[{"taxonomy":"product_brand","embeddable":true,"href":"https:\/\/tintoreriasronsel.es\/tienda\/wp-json\/wp\/v2\/product_brand?post=226781"},{"taxonomy":"product_cat","embeddable":true,"href":"https:\/\/tintoreriasronsel.es\/tienda\/wp-json\/wp\/v2\/product_cat?post=226781"},{"taxonomy":"product_tag","embeddable":true,"href":"https:\/\/tintoreriasronsel.es\/tienda\/wp-json\/wp\/v2\/product_tag?post=226781"}],"curies":[{"name":"wp","href":"https:\/\/api.w.org\/{rel}","templated":true}]}}