{"id":226771,"date":"2021-03-12T08:59:29","date_gmt":"2021-03-12T07:59:29","guid":{"rendered":"https:\/\/tintoreriasronsel.es\/tienda\/?post_type=product&#038;p=226771"},"modified":"2025-05-03T11:59:15","modified_gmt":"2025-05-03T09:59:15","slug":"chaqueta-cazadora","status":"publish","type":"product","link":"https:\/\/tintoreriasronsel.es\/tienda\/producto\/chaqueta-cazadora\/","title":{"rendered":"Chaqueta, Cazadora"},"content":{"rendered":"<p><span style=\"font-weight: 400;\">Las prendas de piel, est\u00e1n hechas con la dermis de distintos animales, con caracter\u00edsticas espec\u00edficas, que requieren por tanto, de diferentes cuidados.\u00a0<\/span><span style=\"font-weight: 400;\">Seguidamente detallamos el proceso que realizamos en la limpieza de <em>chaquetas <\/em>o<em> cazadoras<\/em>:<\/span><\/p>\n<blockquote>\n<ul>\n<li><span style=\"font-weight: 400;\">Desmanchado en el que utilizamos productos que permiten la <em>eliminaci\u00f3n de manchas<\/em> sin da\u00f1ar la piel.\u00a0 La limpieza y en funci\u00f3n de la prenda se realizar\u00e1 en limpieza seco o <em>Wet-Cleaning<\/em>.\u00a0<\/span><\/li>\n<li><span style=\"font-weight: 400;\">Protegemos los adornos (hebillas, botones, etc.) para que no sufran en el proceso de limpieza.<\/span><\/li>\n<li><span style=\"font-weight: 400;\">Engrasado de la piel tipo ante, nobuck, con la finalidad de mantener su flexibilidad y aspecto.<\/span><\/li>\n<li><span style=\"font-weight: 400;\">Restaurado de color, brillo, tacto, impermeabilizaci\u00f3n de aquellas prendas que por el uso han perdidos estas caracter\u00edsticas.<\/span><\/li>\n<\/ul>\n<\/blockquote>\n<p><span style=\"font-weight: 400;\">Posteriormente, realizamos un <em>planchado profesional<\/em> y <em>tradicional<\/em>, utilizando prensas en donde <em>vaporizamos<\/em>, <em>estiramos<\/em>\u00a0 y damos forma a la prenda para que adquiera su <em>apresto<\/em> y forma original, sin aplastar el tejido.<\/span><\/p>\n","protected":false},"excerpt":{"rendered":"<p><span style=\"font-weight: 400;\">Desmanchado, limpieza y planchado\/vaporizado de\u00a0 chaqueta y cazadoras\u00a0 de piel. (Ante, pecar\u00ed, nobuck, serraje, napalan\/ cuero).<\/span><\/p>\n","protected":false},"featured_media":229805,"template":"","meta":{"_acf_changed":false,"_et_pb_use_builder":"","_et_pb_old_content":"","_et_gb_content_width":""},"product_brand":[],"product_cat":[238,237,247],"product_tag":[540],"class_list":{"0":"post-226771","1":"product","2":"type-product","3":"status-publish","4":"has-post-thumbnail","6":"product_cat-piel","7":"product_cat-pieles-y-pelo","8":"product_cat-prendas-de-vestir","9":"product_tag-14-dias","10":"product_shipping_class-envio-tienda","12":"first","13":"instock","14":"taxable","15":"shipping-taxable","16":"purchasable","17":"product-type-simple"},"acf":[],"_links":{"self":[{"href":"https:\/\/tintoreriasronsel.es\/tienda\/wp-json\/wp\/v2\/product\/226771","targetHints":{"allow":["GET"]}}],"collection":[{"href":"https:\/\/tintoreriasronsel.es\/tienda\/wp-json\/wp\/v2\/product"}],"about":[{"href":"https:\/\/tintoreriasronsel.es\/tienda\/wp-json\/wp\/v2\/types\/product"}],"wp:featuredmedia":[{"embeddable":true,"href":"https:\/\/tintoreriasronsel.es\/tienda\/wp-json\/wp\/v2\/media\/229805"}],"wp:attachment":[{"href":"https:\/\/tintoreriasronsel.es\/tienda\/wp-json\/wp\/v2\/media?parent=226771"}],"wp:term":[{"taxonomy":"product_brand","embeddable":true,"href":"https:\/\/tintoreriasronsel.es\/tienda\/wp-json\/wp\/v2\/product_brand?post=226771"},{"taxonomy":"product_cat","embeddable":true,"href":"https:\/\/tintoreriasronsel.es\/tienda\/wp-json\/wp\/v2\/product_cat?post=226771"},{"taxonomy":"product_tag","embeddable":true,"href":"https:\/\/tintoreriasronsel.es\/tienda\/wp-json\/wp\/v2\/product_tag?post=226771"}],"curies":[{"name":"wp","href":"https:\/\/api.w.org\/{rel}","templated":true}]}}