{"id":226758,"date":"2021-03-12T08:47:52","date_gmt":"2021-03-12T07:47:52","guid":{"rendered":"https:\/\/tintoreriasronsel.es\/tienda\/?post_type=product&#038;p=226758"},"modified":"2024-07-04T22:10:07","modified_gmt":"2024-07-04T20:10:07","slug":"abrigo-chaqueton","status":"publish","type":"product","link":"https:\/\/tintoreriasronsel.es\/tienda\/producto\/abrigo-chaqueton\/","title":{"rendered":"Abrigo, Chaquet\u00f3n"},"content":{"rendered":"<p><span style=\"font-weight: 400;\">Las prendas de piel, est\u00e1n hechas con la dermis de distintos animales, con caracter\u00edsticas espec\u00edficas, que requieren por tanto, de diferentes cuidados.\u00a0<\/span><span style=\"font-weight: 400;\">Seguidamente detallamos el proceso que realizamos en la limpieza de bolsos de piel:<\/span><\/p>\n<blockquote>\n<ul>\n<li><span style=\"font-weight: 400;\">Desmanchado en el que utilizamos productos que permiten la eliminaci\u00f3n de manchas sin da\u00f1ar la piel.\u00a0 La limpieza y en funci\u00f3n de la prenda se realizar\u00e1 en limpieza seco o <em>Wet-Cleaning<\/em>.\u00a0<\/span><\/li>\n<li><span style=\"font-weight: 400;\">Protegemos los adornos (hebillas, botones, etc.) para que no sufra en el proceso de limpieza.<\/span><\/li>\n<li><span style=\"font-weight: 400;\">Engrasado de la piel tipo ante, nobuck, con la finalidad de mantener su flexibilidad y aspecto.<\/span><\/li>\n<li><span style=\"font-weight: 400;\">Restaurado de color, brillo, tacto, impermeabilizaci\u00f3n de aquellas prendas que por el uso han perdidos estas caracter\u00edsticas.<\/span><\/li>\n<li><span style=\"font-weight: 400;\">Posteriormente, realizamos un planchado profesional y tradicional,\u00a0 utilizando prensas en donde vaporizamos, estiramos\u00a0 y damos forma a la prenda para que adquiera su apresto y forma original, sin aplastar el tejido.<\/span><\/li>\n<\/ul>\n<\/blockquote>\n","protected":false},"excerpt":{"rendered":"<p><span style=\"font-weight: 400;\">Desmanchado, limpieza y planchado\/vaporizado de abrigo o chaquet\u00f3n\u00a0 de piel (ante, pecar\u00ed, nobuck, serraje, napalan o cuero).<\/span><\/p>\n","protected":false},"featured_media":229410,"template":"","meta":{"_acf_changed":false,"_et_pb_use_builder":"","_et_pb_old_content":"","_et_gb_content_width":""},"product_brand":[],"product_cat":[238,237,247],"product_tag":[540],"class_list":{"0":"post-226758","1":"product","2":"type-product","3":"status-publish","4":"has-post-thumbnail","6":"product_cat-piel","7":"product_cat-pieles-y-pelo","8":"product_cat-prendas-de-vestir","9":"product_tag-14-dias","10":"product_shipping_class-envio-tienda","12":"first","13":"instock","14":"taxable","15":"shipping-taxable","16":"purchasable","17":"product-type-simple"},"acf":[],"_links":{"self":[{"href":"https:\/\/tintoreriasronsel.es\/tienda\/wp-json\/wp\/v2\/product\/226758","targetHints":{"allow":["GET"]}}],"collection":[{"href":"https:\/\/tintoreriasronsel.es\/tienda\/wp-json\/wp\/v2\/product"}],"about":[{"href":"https:\/\/tintoreriasronsel.es\/tienda\/wp-json\/wp\/v2\/types\/product"}],"wp:featuredmedia":[{"embeddable":true,"href":"https:\/\/tintoreriasronsel.es\/tienda\/wp-json\/wp\/v2\/media\/229410"}],"wp:attachment":[{"href":"https:\/\/tintoreriasronsel.es\/tienda\/wp-json\/wp\/v2\/media?parent=226758"}],"wp:term":[{"taxonomy":"product_brand","embeddable":true,"href":"https:\/\/tintoreriasronsel.es\/tienda\/wp-json\/wp\/v2\/product_brand?post=226758"},{"taxonomy":"product_cat","embeddable":true,"href":"https:\/\/tintoreriasronsel.es\/tienda\/wp-json\/wp\/v2\/product_cat?post=226758"},{"taxonomy":"product_tag","embeddable":true,"href":"https:\/\/tintoreriasronsel.es\/tienda\/wp-json\/wp\/v2\/product_tag?post=226758"}],"curies":[{"name":"wp","href":"https:\/\/api.w.org\/{rel}","templated":true}]}}