{"id":226738,"date":"2021-03-12T08:07:24","date_gmt":"2021-03-12T07:07:24","guid":{"rendered":"https:\/\/tintoreriasronsel.es\/tienda\/?post_type=product&#038;p=226738"},"modified":"2025-05-03T19:32:49","modified_gmt":"2025-05-03T17:32:49","slug":"colchones","status":"publish","type":"product","link":"https:\/\/tintoreriasronsel.es\/tienda\/producto\/colchones\/","title":{"rendered":"Colchones"},"content":{"rendered":"<p>El m\u00e9todo que utilizamos para realizar la limpieza de colchones es de inyecci\u00f3n-extracci\u00f3n, utilizando los mejores productos del mercado que garantizan la eliminaci\u00f3n de <em>\u00e1caros<\/em>, <em>bacterias<\/em>, <em>g\u00e9rmenes<\/em>, y <em>malos olores<\/em> sin ning\u00fan riesgo de toxicidad o alergias.<\/p>\n<p>El proceso de limpieza es el siguiente:<\/p>\n<blockquote>\n<ul>\n<li>Aspiraci\u00f3n del colch\u00f3n,<\/li>\n<li>Humidificaci\u00f3n con jab\u00f3n especial para colchones,<\/li>\n<li>Desmanchado espec\u00edfico de manchas existentes (Sudor, orina, sangre.).<\/li>\n<li>Aspiraci\u00f3n de la suciedad y productos utilizados en la limpieza,<\/li>\n<li>Proceso de secado aproximado 24-48 hs, en funci\u00f3n de la composici\u00f3n del colch\u00f3n.<\/li>\n<\/ul>\n<\/blockquote>\n","protected":false},"excerpt":{"rendered":"<p><span style=\"font-weight: 400;\">Limpieza y desinfecci\u00f3n de colchones.<\/span><\/p>\n","protected":false},"featured_media":229333,"template":"","meta":{"_acf_changed":false,"_et_pb_use_builder":"","_et_pb_old_content":"","_et_gb_content_width":""},"product_brand":[],"product_cat":[322,321],"product_tag":[],"class_list":{"0":"post-226738","1":"product","2":"type-product","3":"status-publish","4":"has-post-thumbnail","6":"product_cat-limpieza-en-casa","7":"product_cat-sofas-sillas-y-colchones","9":"first","10":"instock","11":"taxable","12":"shipping-taxable","13":"purchasable","14":"product-type-variable"},"acf":[],"_links":{"self":[{"href":"https:\/\/tintoreriasronsel.es\/tienda\/wp-json\/wp\/v2\/product\/226738","targetHints":{"allow":["GET"]}}],"collection":[{"href":"https:\/\/tintoreriasronsel.es\/tienda\/wp-json\/wp\/v2\/product"}],"about":[{"href":"https:\/\/tintoreriasronsel.es\/tienda\/wp-json\/wp\/v2\/types\/product"}],"wp:featuredmedia":[{"embeddable":true,"href":"https:\/\/tintoreriasronsel.es\/tienda\/wp-json\/wp\/v2\/media\/229333"}],"wp:attachment":[{"href":"https:\/\/tintoreriasronsel.es\/tienda\/wp-json\/wp\/v2\/media?parent=226738"}],"wp:term":[{"taxonomy":"product_brand","embeddable":true,"href":"https:\/\/tintoreriasronsel.es\/tienda\/wp-json\/wp\/v2\/product_brand?post=226738"},{"taxonomy":"product_cat","embeddable":true,"href":"https:\/\/tintoreriasronsel.es\/tienda\/wp-json\/wp\/v2\/product_cat?post=226738"},{"taxonomy":"product_tag","embeddable":true,"href":"https:\/\/tintoreriasronsel.es\/tienda\/wp-json\/wp\/v2\/product_tag?post=226738"}],"curies":[{"name":"wp","href":"https:\/\/api.w.org\/{rel}","templated":true}]}}