{"id":225934,"date":"2021-03-01T10:15:29","date_gmt":"2021-03-01T09:15:29","guid":{"rendered":"https:\/\/tintoreriasronsel.es\/tienda\/?post_type=product&#038;p=225934"},"modified":"2026-02-02T12:01:40","modified_gmt":"2026-02-02T11:01:40","slug":"ofertas-descuentos-pack-2-edredones-de-plumas","status":"publish","type":"product","link":"https:\/\/tintoreriasronsel.es\/tienda\/producto\/ofertas-descuentos-pack-2-edredones-de-plumas\/","title":{"rendered":"Ofertas &#038; Descuentos \u00b7 Pack 2 Edredones de Plumas"},"content":{"rendered":"<p><span style=\"font-weight: 400;\">En el proceso de limpieza y desmanchado utilizamos productos que permiten la eliminaci\u00f3n de manchas producidas por accidentes de la vida diaria. La limpieza y en funci\u00f3n de la prenda se realizar\u00e1 en agua o lavado en h\u00famedo o <\/span><i><span style=\"font-weight: 400;\">Wet-Cleaning<\/span><\/i><span style=\"font-weight: 400;\">.\u00a0<\/span><\/p>\n<p><span style=\"font-weight: 400;\">En el Lavado Wet-Cleaning utilizamos detergentes biodegradables para un <em>lavado ecol\u00f3gico<\/em>, que tiene un impacto casi nulo con el medio ambiente.\u00a0<\/span><span style=\"font-weight: 400;\">Asimismo, aplicamos un proceso de <em>desodorizaci\u00f3n<\/em> encaminado a eliminar humo de combusti\u00f3n por la contaminaci\u00f3n, olores diversos.<\/span><\/p>\n<p>Posteriormente, realizamos un <em>planchado profesional <\/em>y <em>tradicional<\/em>, utilizando prensas en donde <em>vaporizamos<\/em>, <em>estiramos<\/em> y <em>damos forma<\/em> a la prenda para que adquiera su apresto y forma original, sin aplastar el tejido; e <em>\u00abinflamos\u00bb<\/em> las plumas del relleno para que el edred\u00f3n recupere su apariencia original.<\/p>\n","protected":false},"excerpt":{"rendered":"<p>Desmanchado, limpieza y planchado de <em>2 edredones n\u00f3rdicos.<\/em> Relleno de plumas. De ocas, patos, etc.<\/p>\n","protected":false},"featured_media":241860,"template":"","meta":{"_acf_changed":false,"_et_pb_use_builder":"","_et_pb_old_content":"","_et_gb_content_width":""},"product_brand":[],"product_cat":[545],"product_tag":[590],"class_list":{"0":"post-225934","1":"product","2":"type-product","3":"status-publish","4":"has-post-thumbnail","6":"product_cat-packs-limpieza-hogar","7":"product_tag-edredones_plumas","8":"product_shipping_class-envio-gratuito-packs","10":"first","11":"instock","12":"taxable","13":"shipping-taxable","14":"purchasable","15":"product-type-simple"},"acf":[],"_links":{"self":[{"href":"https:\/\/tintoreriasronsel.es\/tienda\/wp-json\/wp\/v2\/product\/225934","targetHints":{"allow":["GET"]}}],"collection":[{"href":"https:\/\/tintoreriasronsel.es\/tienda\/wp-json\/wp\/v2\/product"}],"about":[{"href":"https:\/\/tintoreriasronsel.es\/tienda\/wp-json\/wp\/v2\/types\/product"}],"wp:featuredmedia":[{"embeddable":true,"href":"https:\/\/tintoreriasronsel.es\/tienda\/wp-json\/wp\/v2\/media\/241860"}],"wp:attachment":[{"href":"https:\/\/tintoreriasronsel.es\/tienda\/wp-json\/wp\/v2\/media?parent=225934"}],"wp:term":[{"taxonomy":"product_brand","embeddable":true,"href":"https:\/\/tintoreriasronsel.es\/tienda\/wp-json\/wp\/v2\/product_brand?post=225934"},{"taxonomy":"product_cat","embeddable":true,"href":"https:\/\/tintoreriasronsel.es\/tienda\/wp-json\/wp\/v2\/product_cat?post=225934"},{"taxonomy":"product_tag","embeddable":true,"href":"https:\/\/tintoreriasronsel.es\/tienda\/wp-json\/wp\/v2\/product_tag?post=225934"}],"curies":[{"name":"wp","href":"https:\/\/api.w.org\/{rel}","templated":true}]}}