{"id":225926,"date":"2021-02-28T13:19:26","date_gmt":"2021-02-28T12:19:26","guid":{"rendered":"https:\/\/tintoreriasronsel.es\/tienda\/?post_type=product&#038;p=225926"},"modified":"2025-05-03T19:30:37","modified_gmt":"2025-05-03T17:30:37","slug":"sofas-sillon-textil","status":"publish","type":"product","link":"https:\/\/tintoreriasronsel.es\/tienda\/producto\/sofas-sillon-textil\/","title":{"rendered":"Sof\u00e1s. Sill\u00f3n textil"},"content":{"rendered":"<p><span style=\"font-weight: 400;\">El m\u00e9todo que utilizamos para realizar la limpieza de un sof\u00e1 de tela es <em>inyecci\u00f3n-extracci\u00f3n<\/em> utilizando\u00a0 los mejores productos del mercado que garantizan la eliminaci\u00f3n de \u00e1caros, bacterias, g\u00e9rmenes, y malos olores. Sin ning\u00fan riesgo de toxicidad o alergias.<\/span><\/p>\n<p><span style=\"font-weight: 400;\">El proceso de limpieza es el siguiente:<\/span><\/p>\n<blockquote>\n<ul>\n<li><span style=\"font-weight: 400;\">protecci\u00f3n del suelo con lonas\u00a0 de PVC y se colocan los sof\u00e1s encima de dichas lonas.\u00a0\u00a0<\/span><\/li>\n<li><span style=\"font-weight: 400;\">Aspiraci\u00f3n del mueble.<\/span><\/li>\n<li><span style=\"font-weight: 400;\">Humidificaci\u00f3n del mueble con jab\u00f3n especial para tapicer\u00edas.\u00a0\u00a0<\/span><\/li>\n<li><span style=\"font-weight: 400;\">Desmanchado espec\u00edfico de manchas existentes (caf\u00e9, vino, grasa, etc.).<\/span><\/li>\n<li><span style=\"font-weight: 400;\">Cepillado de toda la superficie del mueble y cojines.\u00a0\u00a0<\/span><\/li>\n<li><span style=\"font-weight: 400;\">Aspiraci\u00f3n de la suciedad y residuos de productos utilizados en la limpieza.<\/span><\/li>\n<li><span style=\"font-weight: 400;\">Peinado de tapicer\u00eda.<\/span><\/li>\n<li><span style=\"font-weight: 400;\">Proceso de secado aproximado 24-48 horas, en funci\u00f3n de la composici\u00f3n de la tela del sof\u00e1.<\/span><\/li>\n<\/ul>\n<\/blockquote>\n","protected":false},"excerpt":{"rendered":"<p><span style=\"font-weight: 400;\">Limpieza y desinfecci\u00f3n de <em>Sof\u00e1s<\/em> de tapicer\u00eda. Excluidos los de piel.<\/span><\/p>\n","protected":false},"featured_media":229416,"template":"","meta":{"_acf_changed":false,"_et_pb_use_builder":"","_et_pb_old_content":"","_et_gb_content_width":""},"product_brand":[],"product_cat":[322,321],"product_tag":[],"class_list":{"0":"post-225926","1":"product","2":"type-product","3":"status-publish","4":"has-post-thumbnail","6":"product_cat-limpieza-en-casa","7":"product_cat-sofas-sillas-y-colchones","9":"first","10":"instock","11":"taxable","12":"shipping-taxable","13":"purchasable","14":"product-type-variable"},"acf":[],"_links":{"self":[{"href":"https:\/\/tintoreriasronsel.es\/tienda\/wp-json\/wp\/v2\/product\/225926","targetHints":{"allow":["GET"]}}],"collection":[{"href":"https:\/\/tintoreriasronsel.es\/tienda\/wp-json\/wp\/v2\/product"}],"about":[{"href":"https:\/\/tintoreriasronsel.es\/tienda\/wp-json\/wp\/v2\/types\/product"}],"wp:featuredmedia":[{"embeddable":true,"href":"https:\/\/tintoreriasronsel.es\/tienda\/wp-json\/wp\/v2\/media\/229416"}],"wp:attachment":[{"href":"https:\/\/tintoreriasronsel.es\/tienda\/wp-json\/wp\/v2\/media?parent=225926"}],"wp:term":[{"taxonomy":"product_brand","embeddable":true,"href":"https:\/\/tintoreriasronsel.es\/tienda\/wp-json\/wp\/v2\/product_brand?post=225926"},{"taxonomy":"product_cat","embeddable":true,"href":"https:\/\/tintoreriasronsel.es\/tienda\/wp-json\/wp\/v2\/product_cat?post=225926"},{"taxonomy":"product_tag","embeddable":true,"href":"https:\/\/tintoreriasronsel.es\/tienda\/wp-json\/wp\/v2\/product_tag?post=225926"}],"curies":[{"name":"wp","href":"https:\/\/api.w.org\/{rel}","templated":true}]}}