{"id":225922,"date":"2021-02-28T13:09:30","date_gmt":"2021-02-28T12:09:30","guid":{"rendered":"https:\/\/tintoreriasronsel.es\/tienda\/?post_type=product&#038;p=225922"},"modified":"2026-02-02T11:47:24","modified_gmt":"2026-02-02T10:47:24","slug":"ofertas-descuentos-pack-2-trajes","status":"publish","type":"product","link":"https:\/\/tintoreriasronsel.es\/tienda\/producto\/ofertas-descuentos-pack-2-trajes\/","title":{"rendered":"Ofertas &#038; Descuentos \u00b7 Pack 2 Trajes"},"content":{"rendered":"<p><span style=\"font-weight: 400;\">En el proceso de limpieza y desmanchado utilizamos productos que permiten la eliminaci\u00f3n de manchas producidas por accidentes de la vida diaria. La limpieza y en funci\u00f3n de la prenda se realizar\u00e1 en agua o lavado en h\u00famedo o <\/span><i><span style=\"font-weight: 400;\">Wet-Cleaning<\/span><\/i><span style=\"font-weight: 400;\">.\u00a0<\/span><\/p>\n<p><span style=\"font-weight: 400;\">En el Lavado Wet-Cleaning utilizamos detergentes biodegradables para un <em>lavado ecol\u00f3gico<\/em>, que tiene un impacto casi nulo con el medio ambiente.\u00a0<\/span><span style=\"font-weight: 400;\">Asimismo, aplicamos un proceso de <em>desodorizaci\u00f3n<\/em> encaminado a eliminar humo de combusti\u00f3n por la contaminaci\u00f3n, olores diversos.<\/span><\/p>\n<p><span style=\"font-weight: 400;\">Finalmente, realizamos un planchado profesional y tradicional, que se fundamenta en 3 fases:<\/span><\/p>\n<blockquote>\n<ul>\n<li style=\"font-weight: 400;\" aria-level=\"1\"><span style=\"font-weight: 400;\">Inicialmente estas prendas pasan por un maniqu\u00ed para <em>estirar<\/em> y dar <em>forma<\/em> a la americana o chaqueta,\u00a0<\/span><\/li>\n<li style=\"font-weight: 400;\" aria-level=\"1\"><span style=\"font-weight: 400;\">en una segunda fase utilizamos prensa en donde <em>vaporizamos<\/em> y damos forma a la prenda (prensamos raya del pantal\u00f3n, para que caiga),<\/span><\/li>\n<li style=\"font-weight: 400;\" aria-level=\"1\"><span style=\"font-weight: 400;\">y finalmente se realiza un <em>planchado manual<\/em> para quitar arrugas menores e imperfecciones.<\/span><\/li>\n<\/ul>\n<\/blockquote>\n<p>&nbsp;<\/p>\n","protected":false},"excerpt":{"rendered":"<p>Desmanchado, limpieza y planchado de<strong> 2 <em>trajes<\/em><\/strong> de hombre o mujer, compuestos de <em>2 piezas<\/em>, el <em>pantal\u00f3n<\/em> o la <em>falda<\/em>, y la <em>americana<\/em> o <em>chaqueta<\/em>, de cualquier clase de tejidos. Exceptuando lino, seda o terciopelo.<\/p>\n","protected":false},"featured_media":241862,"template":"","meta":{"_acf_changed":false,"_et_pb_use_builder":"","_et_pb_old_content":"","_et_gb_content_width":""},"product_brand":[],"product_cat":[231,543],"product_tag":[582],"class_list":{"0":"post-225922","1":"product","2":"type-product","3":"status-publish","4":"has-post-thumbnail","6":"product_cat-ahorro-packs","7":"product_cat-packs-limpieza-prendas","8":"product_tag-1_pack-trajes","9":"product_shipping_class-envio-gratuito-packs","11":"first","12":"instock","13":"taxable","14":"shipping-taxable","15":"purchasable","16":"product-type-simple"},"acf":[],"_links":{"self":[{"href":"https:\/\/tintoreriasronsel.es\/tienda\/wp-json\/wp\/v2\/product\/225922","targetHints":{"allow":["GET"]}}],"collection":[{"href":"https:\/\/tintoreriasronsel.es\/tienda\/wp-json\/wp\/v2\/product"}],"about":[{"href":"https:\/\/tintoreriasronsel.es\/tienda\/wp-json\/wp\/v2\/types\/product"}],"wp:featuredmedia":[{"embeddable":true,"href":"https:\/\/tintoreriasronsel.es\/tienda\/wp-json\/wp\/v2\/media\/241862"}],"wp:attachment":[{"href":"https:\/\/tintoreriasronsel.es\/tienda\/wp-json\/wp\/v2\/media?parent=225922"}],"wp:term":[{"taxonomy":"product_brand","embeddable":true,"href":"https:\/\/tintoreriasronsel.es\/tienda\/wp-json\/wp\/v2\/product_brand?post=225922"},{"taxonomy":"product_cat","embeddable":true,"href":"https:\/\/tintoreriasronsel.es\/tienda\/wp-json\/wp\/v2\/product_cat?post=225922"},{"taxonomy":"product_tag","embeddable":true,"href":"https:\/\/tintoreriasronsel.es\/tienda\/wp-json\/wp\/v2\/product_tag?post=225922"}],"curies":[{"name":"wp","href":"https:\/\/api.w.org\/{rel}","templated":true}]}}