{"id":225444,"date":"2021-02-04T20:22:09","date_gmt":"2021-02-04T19:22:09","guid":{"rendered":"https:\/\/tintoreriasronsel.es\/tienda\/?post_type=product&#038;p=225444"},"modified":"2024-07-05T11:07:35","modified_gmt":"2024-07-05T09:07:35","slug":"servilleta-hilo-bordado","status":"publish","type":"product","link":"https:\/\/tintoreriasronsel.es\/tienda\/producto\/servilleta-hilo-bordado\/","title":{"rendered":"Servilleta hilo bordado"},"content":{"rendered":"<p>En el proceso de limpieza y desmanchado utilizamos productos que permiten la eliminaci\u00f3n de manchas producidas por accidentes de la vida diaria. La limpieza y en funci\u00f3n de la prenda se realizar\u00e1 en limpieza seco o <em>Wet-Cleaning<\/em>.<\/p>\n<p>En el Lavado Wet-Cleaning utilizamos detergentes biodegradables para un <em>lavado ecol\u00f3gico<\/em>, que tiene un impacto casi nulo con el medio ambiente. Asimismo, aplicamos <em>desmanchadores<\/em> espec\u00edficos para tratar y eliminar las manchas de vino, salsas, as\u00ed como manchas amarillas antiguas de estar guardado.<\/p>\n<p>Posteriormente, realizamos un <em>planchado profesional <\/em>y<em> tradicional<\/em>, utilizando prensas en donde <em>vaporizamos, estiramos <\/em>y<em> damos forma<\/em> a la prenda para que adquiera su apresto y forma original.<\/p>\n","protected":false},"excerpt":{"rendered":"<p>Limpieza, desmanchado, vaporizado y planchado de <em>servilletas de hilo<\/em> o <em>bordadas<\/em>.<\/p>\n","protected":false},"featured_media":225893,"template":"","meta":{"_acf_changed":false,"_et_pb_use_builder":"","_et_pb_old_content":"","_et_gb_content_width":""},"product_brand":[],"product_cat":[228,291],"product_tag":[],"class_list":{"0":"post-225444","1":"product","2":"type-product","3":"status-publish","4":"has-post-thumbnail","6":"product_cat-ropa-de-mesa","7":"product_cat-servilletas","9":"first","10":"instock","11":"taxable","12":"shipping-taxable","13":"purchasable","14":"product-type-simple"},"acf":[],"_links":{"self":[{"href":"https:\/\/tintoreriasronsel.es\/tienda\/wp-json\/wp\/v2\/product\/225444","targetHints":{"allow":["GET"]}}],"collection":[{"href":"https:\/\/tintoreriasronsel.es\/tienda\/wp-json\/wp\/v2\/product"}],"about":[{"href":"https:\/\/tintoreriasronsel.es\/tienda\/wp-json\/wp\/v2\/types\/product"}],"wp:featuredmedia":[{"embeddable":true,"href":"https:\/\/tintoreriasronsel.es\/tienda\/wp-json\/wp\/v2\/media\/225893"}],"wp:attachment":[{"href":"https:\/\/tintoreriasronsel.es\/tienda\/wp-json\/wp\/v2\/media?parent=225444"}],"wp:term":[{"taxonomy":"product_brand","embeddable":true,"href":"https:\/\/tintoreriasronsel.es\/tienda\/wp-json\/wp\/v2\/product_brand?post=225444"},{"taxonomy":"product_cat","embeddable":true,"href":"https:\/\/tintoreriasronsel.es\/tienda\/wp-json\/wp\/v2\/product_cat?post=225444"},{"taxonomy":"product_tag","embeddable":true,"href":"https:\/\/tintoreriasronsel.es\/tienda\/wp-json\/wp\/v2\/product_tag?post=225444"}],"curies":[{"name":"wp","href":"https:\/\/api.w.org\/{rel}","templated":true}]}}