{"id":225171,"date":"2021-02-01T10:55:55","date_gmt":"2021-02-01T09:55:55","guid":{"rendered":"https:\/\/tintoreriasronsel.es\/tienda\/?post_type=product&#038;p=225171"},"modified":"2025-12-20T15:07:06","modified_gmt":"2025-12-20T14:07:06","slug":"zapatos-de-piel","status":"publish","type":"product","link":"https:\/\/tintoreriasronsel.es\/tienda\/producto\/zapatos-de-piel\/","title":{"rendered":"Zapatos de piel"},"content":{"rendered":"<p>Las prendas elaboradas con pieles de distintos animales y con caracter\u00edsticas espec\u00edficas requieren de diferentes cuidados que seguidamente detallamos en el proceso que realizamos para la limpieza de <em>zapatos de piel<\/em>:<\/p>\n<blockquote>\n<ul>\n<li><em>Desmanchado<\/em> en el que utilizamos productos que permiten la eliminaci\u00f3n de manchas sin da\u00f1ar la piel. La limpieza y en funci\u00f3n de la prenda se realizar\u00e1 en limpieza seco o Wet-Cleaning.<\/li>\n<li><em>Protecci\u00f3n<\/em> de los adornos (hebillas, botones, etc.) para que no sufran en el proceso de limpieza.<\/li>\n<li><em>Engrasado\u00a0<\/em>de la piel tipo ante, nobuck, con la finalidad de mantener su flexibilidad y aspecto.<\/li>\n<li><em>Restauraci\u00f3n<\/em> de color, brillo, tacto, impermeabilizaci\u00f3n de aquellas prendas que por el uso han perdidos estas caracter\u00edsticas.<\/li>\n<\/ul>\n<\/blockquote>\n<p>Posteriormente, realizamos un planchado profesional y tradicional, utilizando prensas en donde vaporizamos, estiramos y damos forma a la prenda para que adquiera su apresto y forma original, sin aplastar el tejido.<\/p>\n","protected":false},"excerpt":{"rendered":"<p><span style=\"font-weight: 400;\">Desmanchado, limpieza y planchado\/ vaporizado de <em>zapatos de piel<\/em> (ante, pecar\u00ed, nobuck, serraje, napalan\/cuero). <\/span><\/p>\n","protected":false},"featured_media":226734,"template":"","meta":{"_acf_changed":false,"_et_pb_use_builder":"","_et_pb_old_content":"","_et_gb_content_width":""},"product_brand":[],"product_cat":[241,265,247],"product_tag":[],"class_list":{"0":"post-225171","1":"product","2":"type-product","3":"status-publish","4":"has-post-thumbnail","6":"product_cat-bolsos-y-calzado","7":"product_cat-calzado","8":"product_cat-prendas-de-vestir","9":"product_shipping_class-envio-tienda","11":"first","12":"instock","13":"taxable","14":"shipping-taxable","15":"purchasable","16":"product-type-simple"},"acf":[],"_links":{"self":[{"href":"https:\/\/tintoreriasronsel.es\/tienda\/wp-json\/wp\/v2\/product\/225171","targetHints":{"allow":["GET"]}}],"collection":[{"href":"https:\/\/tintoreriasronsel.es\/tienda\/wp-json\/wp\/v2\/product"}],"about":[{"href":"https:\/\/tintoreriasronsel.es\/tienda\/wp-json\/wp\/v2\/types\/product"}],"wp:featuredmedia":[{"embeddable":true,"href":"https:\/\/tintoreriasronsel.es\/tienda\/wp-json\/wp\/v2\/media\/226734"}],"wp:attachment":[{"href":"https:\/\/tintoreriasronsel.es\/tienda\/wp-json\/wp\/v2\/media?parent=225171"}],"wp:term":[{"taxonomy":"product_brand","embeddable":true,"href":"https:\/\/tintoreriasronsel.es\/tienda\/wp-json\/wp\/v2\/product_brand?post=225171"},{"taxonomy":"product_cat","embeddable":true,"href":"https:\/\/tintoreriasronsel.es\/tienda\/wp-json\/wp\/v2\/product_cat?post=225171"},{"taxonomy":"product_tag","embeddable":true,"href":"https:\/\/tintoreriasronsel.es\/tienda\/wp-json\/wp\/v2\/product_tag?post=225171"}],"curies":[{"name":"wp","href":"https:\/\/api.w.org\/{rel}","templated":true}]}}