{"id":225155,"date":"2021-02-01T10:36:08","date_gmt":"2021-02-01T09:36:08","guid":{"rendered":"https:\/\/tintoreriasronsel.es\/tienda\/?post_type=product&#038;p=225155"},"modified":"2024-07-04T22:00:24","modified_gmt":"2024-07-04T20:00:24","slug":"bolso-de-piel-grande","status":"publish","type":"product","link":"https:\/\/tintoreriasronsel.es\/tienda\/producto\/bolso-de-piel-grande\/","title":{"rendered":"Bolso de Piel Grande"},"content":{"rendered":"<p>Las prendas elaboradas con <em>pieles de animales<\/em>, con caracter\u00edsticas espec\u00edficas, requieren por tanto de diferentes cuidados. Seguidamente detallamos el proceso que realizamos en la <em>limpieza de bolsos de piel<\/em>:<\/p>\n<blockquote>\n<ul>\n<li>Desmanchamos utilizando productos que permiten la eliminaci\u00f3n de manchas sin da\u00f1ar la piel. La limpieza y en funci\u00f3n de la prenda se realizar\u00e1 en limpieza seco o <em>Wet-Cleaning<\/em>.<\/li>\n<li>Protegemos los adornos (hebillas, botones, etc.) para que no sufran en el proceso de limpieza.<\/li>\n<li>Engrasado de la piel tipo ante, nobuck, con la finalidad de mantener su flexibilidad y aspecto.<\/li>\n<li><em>Restaurado<\/em> de color, brillo, tacto, <em>impermeabilizaci\u00f3n<\/em> de aquellas prendas que por el uso han perdidos estas caracter\u00edsticas.<\/li>\n<\/ul>\n<\/blockquote>\n<p>Posteriormente, realizamos un <em>planchado profesional y tradicional<\/em>, utilizando prensas en donde <em>vaporizamos<\/em>, <em>estiramos<\/em> y <em>damos forma<\/em> a la prenda para que adquiera su apresto y forma original, sin aplastar el tejido.<\/p>\n","protected":false},"excerpt":{"rendered":"<p>Desmanchado, limpieza y planchado\/ vaporizado de <em>bolso de piel<\/em> de tama\u00f1o grande (ante, pecar\u00ed, nobuck, serraje, napalan\/ cuero).<\/p>\n<p>Excluido bolsos de grandes dise\u00f1adores.<\/p>\n","protected":false},"featured_media":226728,"template":"","meta":{"_acf_changed":false,"_et_pb_use_builder":"","_et_pb_old_content":"","_et_gb_content_width":""},"product_brand":[],"product_cat":[264,241,247],"product_tag":[],"class_list":{"0":"post-225155","1":"product","2":"type-product","3":"status-publish","4":"has-post-thumbnail","6":"product_cat-bolsos","7":"product_cat-bolsos-y-calzado","8":"product_cat-prendas-de-vestir","9":"product_shipping_class-envio-tienda","11":"first","12":"instock","13":"taxable","14":"shipping-taxable","15":"purchasable","16":"product-type-simple"},"acf":[],"_links":{"self":[{"href":"https:\/\/tintoreriasronsel.es\/tienda\/wp-json\/wp\/v2\/product\/225155","targetHints":{"allow":["GET"]}}],"collection":[{"href":"https:\/\/tintoreriasronsel.es\/tienda\/wp-json\/wp\/v2\/product"}],"about":[{"href":"https:\/\/tintoreriasronsel.es\/tienda\/wp-json\/wp\/v2\/types\/product"}],"wp:featuredmedia":[{"embeddable":true,"href":"https:\/\/tintoreriasronsel.es\/tienda\/wp-json\/wp\/v2\/media\/226728"}],"wp:attachment":[{"href":"https:\/\/tintoreriasronsel.es\/tienda\/wp-json\/wp\/v2\/media?parent=225155"}],"wp:term":[{"taxonomy":"product_brand","embeddable":true,"href":"https:\/\/tintoreriasronsel.es\/tienda\/wp-json\/wp\/v2\/product_brand?post=225155"},{"taxonomy":"product_cat","embeddable":true,"href":"https:\/\/tintoreriasronsel.es\/tienda\/wp-json\/wp\/v2\/product_cat?post=225155"},{"taxonomy":"product_tag","embeddable":true,"href":"https:\/\/tintoreriasronsel.es\/tienda\/wp-json\/wp\/v2\/product_tag?post=225155"}],"curies":[{"name":"wp","href":"https:\/\/api.w.org\/{rel}","templated":true}]}}