{"id":225151,"date":"2021-02-01T10:21:17","date_gmt":"2021-02-01T09:21:17","guid":{"rendered":"https:\/\/tintoreriasronsel.es\/tienda\/?post_type=product&#038;p=225151"},"modified":"2024-07-04T21:52:35","modified_gmt":"2024-07-04T19:52:35","slug":"bolso-de-piel-pequeno-mediano","status":"publish","type":"product","link":"https:\/\/tintoreriasronsel.es\/tienda\/producto\/bolso-de-piel-pequeno-mediano\/","title":{"rendered":"Bolso de Piel (Peque\u00f1o\/ Mediano)"},"content":{"rendered":"<p>Las <em>prendas de piel<\/em>, est\u00e1n confeccionadas con diferentes tipos de pieles de distintos animales, con caracter\u00edsticas espec\u00edficas, que requieren por tanto de diferentes cuidados.<\/p>\n<p>Seguidamente detallamos el proceso que realizamos en la <em>limpieza de bolsos de piel<\/em>:<\/p>\n<p>Desmancho utilizamos productos que permiten la eliminaci\u00f3n de manchas sin da\u00f1ar la piel. La limpieza y en funci\u00f3n de la prenda se realizar\u00e1 en limpieza seco o Wet-Cleaning.<\/p>\n<blockquote>\n<ul>\n<li>Protegemos los <em>adornos<\/em> (Hebillas, botones, etc.) para que no sufran deterioro en el proceso de limpieza.<\/li>\n<li><em>Engrasado<\/em> de la piel tipo ante, nobuck, con la finalidad de mantener su flexibilidad y aspecto.<\/li>\n<li><em>Restaurado<\/em> de color, brillo, tacto, <em>impermeabilizaci\u00f3n<\/em> de aquellas prendas que a causa del desgaste por el uso continuado han perdidos estas caracter\u00edsticas.<\/li>\n<\/ul>\n<\/blockquote>\n<p>Posteriormente, realizamos un <em>planchado profesional<\/em> y <em>tradicional<\/em>, utilizando prensas en donde <em>vaporizamos<\/em>, <em>estiramos<\/em> y <em>damos forma<\/em> a la prenda para que adquiera su apresto y forma original, sin aplastar el tejido.<\/p>\n","protected":false},"excerpt":{"rendered":"<p>Desmanchado, limpieza y planchado\/ vaporizado de <em>bolso de<\/em> piel (ante, pecar\u00ed, nobuck, serraje, napalan\/cuero) de tama\u00f1o peque\u00f1o o mediano.<\/p>\n<p>Excluidos bolsos de grandes dise\u00f1adores.<\/p>\n","protected":false},"featured_media":226726,"template":"","meta":{"_acf_changed":false,"_et_pb_use_builder":"","_et_pb_old_content":"","_et_gb_content_width":""},"product_brand":[],"product_cat":[264,241,247],"product_tag":[540],"class_list":{"0":"post-225151","1":"product","2":"type-product","3":"status-publish","4":"has-post-thumbnail","6":"product_cat-bolsos","7":"product_cat-bolsos-y-calzado","8":"product_cat-prendas-de-vestir","9":"product_tag-14-dias","10":"product_shipping_class-envio-tienda","12":"first","13":"instock","14":"taxable","15":"shipping-taxable","16":"purchasable","17":"product-type-simple"},"acf":[],"_links":{"self":[{"href":"https:\/\/tintoreriasronsel.es\/tienda\/wp-json\/wp\/v2\/product\/225151","targetHints":{"allow":["GET"]}}],"collection":[{"href":"https:\/\/tintoreriasronsel.es\/tienda\/wp-json\/wp\/v2\/product"}],"about":[{"href":"https:\/\/tintoreriasronsel.es\/tienda\/wp-json\/wp\/v2\/types\/product"}],"wp:featuredmedia":[{"embeddable":true,"href":"https:\/\/tintoreriasronsel.es\/tienda\/wp-json\/wp\/v2\/media\/226726"}],"wp:attachment":[{"href":"https:\/\/tintoreriasronsel.es\/tienda\/wp-json\/wp\/v2\/media?parent=225151"}],"wp:term":[{"taxonomy":"product_brand","embeddable":true,"href":"https:\/\/tintoreriasronsel.es\/tienda\/wp-json\/wp\/v2\/product_brand?post=225151"},{"taxonomy":"product_cat","embeddable":true,"href":"https:\/\/tintoreriasronsel.es\/tienda\/wp-json\/wp\/v2\/product_cat?post=225151"},{"taxonomy":"product_tag","embeddable":true,"href":"https:\/\/tintoreriasronsel.es\/tienda\/wp-json\/wp\/v2\/product_tag?post=225151"}],"curies":[{"name":"wp","href":"https:\/\/api.w.org\/{rel}","templated":true}]}}