{"id":225111,"date":"2021-02-01T08:44:15","date_gmt":"2021-02-01T07:44:15","guid":{"rendered":"https:\/\/tintoreriasronsel.es\/tienda\/?post_type=product&#038;p=225111"},"modified":"2025-08-04T02:05:01","modified_gmt":"2025-08-04T00:05:01","slug":"alfombra-de-piel","status":"publish","type":"product","link":"https:\/\/tintoreriasronsel.es\/tienda\/producto\/alfombra-de-piel\/","title":{"rendered":"Alfombra de piel"},"content":{"rendered":"<p>El proceso de limpieza de las <em>alfombras tejidas<\/em> ser\u00eda el siguiente:<\/p>\n<blockquote>\n<ul>\n<li><em>Desempolvado <\/em>a fondo.<\/li>\n<li>Previo <em>tratamiento de<\/em> <em>manchas<\/em> con productos neutros en zonas sucias.<\/li>\n<li>Aplicaci\u00f3n de tratamientos espec\u00edficos para <em>eliminar manchas<\/em> concretas (vino, orina de animales, etc.).<\/li>\n<li>Utilizamos t\u00e9cnicas de lavado en funci\u00f3n de las <em>necesidades espec\u00edficas<\/em> de cada <em>alfombra de piel<\/em>. Estas t\u00e9cnicas profesionales e innovadoras de lavado permiten la <em>extracci\u00f3n de suciedad y manchas<\/em> efectuando una eliminaci\u00f3n completa de <em>bacterias, \u00e1caros y malos olores<\/em>.<\/li>\n<li>Tratamiento especial por medio del <em>Ozono<\/em> para <em>eliminar virus<\/em> y realizar una <em>desinfecci\u00f3n total<\/em>.<\/li>\n<li><em>Secado est\u00e1tico<\/em> o en <em>m\u00e1quina<\/em>, seg\u00fan tipo de alfombra de piel.<\/li>\n<\/ul>\n<\/blockquote>\n","protected":false},"excerpt":{"rendered":"<p><span style=\"font-weight: 400;\">Limpieza y vaporizaci\u00f3n de <em>alfombra de piel y pelo.<\/em><\/span><\/p>\n","protected":false},"featured_media":225338,"template":"","meta":{"_acf_changed":false,"_et_pb_use_builder":"","_et_pb_old_content":"","_et_gb_content_width":""},"product_brand":[],"product_cat":[221,223,248],"product_tag":[540],"class_list":{"0":"post-225111","1":"product","2":"type-product","3":"status-publish","4":"has-post-thumbnail","6":"product_cat-alfombras","7":"product_cat-alfombras-de-piel","8":"product_cat-prendas-del-hogar","9":"product_tag-14-dias","10":"product_shipping_class-envio-tienda","12":"first","13":"instock","14":"taxable","15":"shipping-taxable","16":"purchasable","17":"product-type-simple"},"acf":[],"_links":{"self":[{"href":"https:\/\/tintoreriasronsel.es\/tienda\/wp-json\/wp\/v2\/product\/225111","targetHints":{"allow":["GET"]}}],"collection":[{"href":"https:\/\/tintoreriasronsel.es\/tienda\/wp-json\/wp\/v2\/product"}],"about":[{"href":"https:\/\/tintoreriasronsel.es\/tienda\/wp-json\/wp\/v2\/types\/product"}],"wp:featuredmedia":[{"embeddable":true,"href":"https:\/\/tintoreriasronsel.es\/tienda\/wp-json\/wp\/v2\/media\/225338"}],"wp:attachment":[{"href":"https:\/\/tintoreriasronsel.es\/tienda\/wp-json\/wp\/v2\/media?parent=225111"}],"wp:term":[{"taxonomy":"product_brand","embeddable":true,"href":"https:\/\/tintoreriasronsel.es\/tienda\/wp-json\/wp\/v2\/product_brand?post=225111"},{"taxonomy":"product_cat","embeddable":true,"href":"https:\/\/tintoreriasronsel.es\/tienda\/wp-json\/wp\/v2\/product_cat?post=225111"},{"taxonomy":"product_tag","embeddable":true,"href":"https:\/\/tintoreriasronsel.es\/tienda\/wp-json\/wp\/v2\/product_tag?post=225111"}],"curies":[{"name":"wp","href":"https:\/\/api.w.org\/{rel}","templated":true}]}}