{"id":225091,"date":"2021-02-01T08:24:15","date_gmt":"2021-02-01T07:24:15","guid":{"rendered":"https:\/\/tintoreriasronsel.es\/tienda\/?post_type=product&#038;p=225091"},"modified":"2026-03-18T23:45:25","modified_gmt":"2026-03-18T22:45:25","slug":"funda-de-sofa-estandar-desenfundable","status":"publish","type":"product","link":"https:\/\/tintoreriasronsel.es\/tienda\/producto\/funda-de-sofa-estandar-desenfundable\/","title":{"rendered":"Funda de sof\u00e1 est\u00e1ndar (Desenfundable)"},"content":{"rendered":"<p>En el proceso de limpieza y desmanchado utilizamos productos que permiten la eliminaci\u00f3n de manchas producidas por accidentes de la vida diaria. La limpieza y en funci\u00f3n de la prenda se realizar\u00e1 en limpieza seco o <em>Wet-Cleaning<\/em>.<\/p>\n<p>En el Lavado Wet-Cleaning utilizamos detergentes biodegradables para un <em>lavado ecol\u00f3gico<\/em>, que tiene un impacto casi nulo con el medio ambiente. Asimismo, aplicamos un proceso de <em>desodorizaci\u00f3n<\/em> encaminado a eliminar olores diversos y desinfectar.<\/p>\n<p>Posteriormente, realizamos un <em>planchado profesional<\/em> y <em>tradicional<\/em>, utilizando prensas en donde <em>vaporizamos<\/em>, estiramos y damos forma a la prenda para que adquiera su apresto y forma original, sin aplastar el tejido.<\/p>\n","protected":false},"excerpt":{"rendered":"<p>Desmanchado, limpieza y planchado de <em>fundas de sof\u00e1 desenfundables<\/em>.<\/p>\n","protected":false},"featured_media":225290,"template":"","meta":{"_acf_changed":false,"_et_pb_use_builder":"","_et_pb_old_content":"","_et_gb_content_width":""},"product_brand":[],"product_cat":[249,248,209],"product_tag":[],"class_list":{"0":"post-225091","1":"product","2":"type-product","3":"status-publish","4":"has-post-thumbnail","6":"product_cat-fundas-muebles","7":"product_cat-prendas-del-hogar","8":"product_cat-ropa-de-cama","10":"first","11":"instock","12":"taxable","13":"shipping-taxable","14":"purchasable","15":"product-type-variable"},"acf":[],"_links":{"self":[{"href":"https:\/\/tintoreriasronsel.es\/tienda\/wp-json\/wp\/v2\/product\/225091","targetHints":{"allow":["GET"]}}],"collection":[{"href":"https:\/\/tintoreriasronsel.es\/tienda\/wp-json\/wp\/v2\/product"}],"about":[{"href":"https:\/\/tintoreriasronsel.es\/tienda\/wp-json\/wp\/v2\/types\/product"}],"wp:featuredmedia":[{"embeddable":true,"href":"https:\/\/tintoreriasronsel.es\/tienda\/wp-json\/wp\/v2\/media\/225290"}],"wp:attachment":[{"href":"https:\/\/tintoreriasronsel.es\/tienda\/wp-json\/wp\/v2\/media?parent=225091"}],"wp:term":[{"taxonomy":"product_brand","embeddable":true,"href":"https:\/\/tintoreriasronsel.es\/tienda\/wp-json\/wp\/v2\/product_brand?post=225091"},{"taxonomy":"product_cat","embeddable":true,"href":"https:\/\/tintoreriasronsel.es\/tienda\/wp-json\/wp\/v2\/product_cat?post=225091"},{"taxonomy":"product_tag","embeddable":true,"href":"https:\/\/tintoreriasronsel.es\/tienda\/wp-json\/wp\/v2\/product_tag?post=225091"}],"curies":[{"name":"wp","href":"https:\/\/api.w.org\/{rel}","templated":true}]}}