{"id":225074,"date":"2021-02-01T08:05:08","date_gmt":"2021-02-01T07:05:08","guid":{"rendered":"https:\/\/tintoreriasronsel.es\/tienda\/?post_type=product&#038;p=225074"},"modified":"2024-07-05T14:14:56","modified_gmt":"2024-07-05T12:14:56","slug":"almohada-de-plumas-relleno","status":"publish","type":"product","link":"https:\/\/tintoreriasronsel.es\/tienda\/producto\/almohada-de-plumas-relleno\/","title":{"rendered":"Almohada de plumas (Relleno)"},"content":{"rendered":"<p>En el proceso de limpieza y desmanchado utilizamos productos que permiten la eliminaci\u00f3n de manchas producidas por accidentes de la vida diaria. La limpieza y en funci\u00f3n de la prenda se realizar\u00e1 en limpieza seco o <em>Wet-Cleaning<\/em>.<\/p>\n<p>En el Lavado Wet-Cleaning utilizamos detergentes biodegradables para un lavado ecol\u00f3gico, que tiene un impacto casi nulo con el medio ambiente.<\/p>\n<p>Asimismo, aplicamos un proceso de desodorizaci\u00f3n encaminado a eliminar olores diversos y desinfectar.<\/p>\n<p>Posteriormente, realizamos un planchado profesional y tradicional,\u00a0 utilizando prensas en donde vaporizamos, estiramos\u00a0 y damos forma a la prenda para que adquiera su apresto y forma original, sin aplastar el tejido y darle volumen a las plumas para que el relleno recupere su apariencia original.<\/p>\n","protected":false},"excerpt":{"rendered":"<p>Desmanchado, limpieza y planchado de almohada con relleno de <em>plumas<\/em> de ocas y patos.<\/p>\n","protected":false},"featured_media":225282,"template":"","meta":{"_acf_changed":false,"_et_pb_use_builder":"","_et_pb_old_content":"","_et_gb_content_width":""},"product_brand":[],"product_cat":[248,209,304],"product_tag":[],"class_list":{"0":"post-225074","1":"product","2":"type-product","3":"status-publish","4":"has-post-thumbnail","6":"product_cat-prendas-del-hogar","7":"product_cat-ropa-de-cama","8":"product_cat-sabanas","10":"first","11":"instock","12":"taxable","13":"shipping-taxable","14":"purchasable","15":"product-type-simple"},"acf":[],"_links":{"self":[{"href":"https:\/\/tintoreriasronsel.es\/tienda\/wp-json\/wp\/v2\/product\/225074","targetHints":{"allow":["GET"]}}],"collection":[{"href":"https:\/\/tintoreriasronsel.es\/tienda\/wp-json\/wp\/v2\/product"}],"about":[{"href":"https:\/\/tintoreriasronsel.es\/tienda\/wp-json\/wp\/v2\/types\/product"}],"wp:featuredmedia":[{"embeddable":true,"href":"https:\/\/tintoreriasronsel.es\/tienda\/wp-json\/wp\/v2\/media\/225282"}],"wp:attachment":[{"href":"https:\/\/tintoreriasronsel.es\/tienda\/wp-json\/wp\/v2\/media?parent=225074"}],"wp:term":[{"taxonomy":"product_brand","embeddable":true,"href":"https:\/\/tintoreriasronsel.es\/tienda\/wp-json\/wp\/v2\/product_brand?post=225074"},{"taxonomy":"product_cat","embeddable":true,"href":"https:\/\/tintoreriasronsel.es\/tienda\/wp-json\/wp\/v2\/product_cat?post=225074"},{"taxonomy":"product_tag","embeddable":true,"href":"https:\/\/tintoreriasronsel.es\/tienda\/wp-json\/wp\/v2\/product_tag?post=225074"}],"curies":[{"name":"wp","href":"https:\/\/api.w.org\/{rel}","templated":true}]}}