{"id":1966,"date":"2019-09-09T20:24:19","date_gmt":"2019-09-09T18:24:19","guid":{"rendered":"https:\/\/tintoreriasronsel.es\/tienda\/?post_type=product&#038;p=1966"},"modified":"2024-07-02T02:37:28","modified_gmt":"2024-07-02T00:37:28","slug":"traje-de-nazareno","status":"publish","type":"product","link":"https:\/\/tintoreriasronsel.es\/tienda\/producto\/traje-de-nazareno\/","title":{"rendered":"Traje de Nazareno"},"content":{"rendered":"<div style=\"position: relative!important; top: -20px;\">\n\n\t\t<style type=\"text\/css\">\n\t\t\t#gallery-1 {\n\t\t\t\tmargin: auto;\n\t\t\t}\n\t\t\t#gallery-1 .gallery-item {\n\t\t\t\tfloat: left;\n\t\t\t\tmargin-top: 10px;\n\t\t\t\ttext-align: center;\n\t\t\t\twidth: 100%;\n\t\t\t}\n\t\t\t#gallery-1 img {\n\t\t\t\tborder: 2px solid #cfcfcf;\n\t\t\t}\n\t\t\t#gallery-1 .gallery-caption {\n\t\t\t\tmargin-left: 0;\n\t\t\t}\n\t\t\t\/* see gallery_shortcode() in wp-includes\/media.php *\/\n\t\t<\/style>\n\t\t<div id='gallery-1' class='gallery galleryid-1966 gallery-columns-1 gallery-size-large'><dl class='gallery-item'>\n\t\t\t<dt class='gallery-icon landscape'>\n\t\t\t\t<a href='https:\/\/tintoreriasronsel.es\/tienda\/?attachment_id=224784'><img loading=\"lazy\" decoding=\"async\" width=\"700\" height=\"700\" src=\"data:image\/gif;base64,R0lGODlhAQABAAAAACH5BAEKAAEALAAAAAABAAEAAAICTAEAOw==\" class=\"attachment-large size-large lazyload\" alt=\"\" sizes=\"(min-width: 0px) and (max-width: 480px) 480px, (min-width: 481px) 700px, 100vw\" data-src=\"https:\/\/tintoreriasronsel.es\/tienda\/wp-content\/uploads\/2019\/09\/traje-de-nazareno-manchas.jpeg\" data-srcset=\"https:\/\/tintoreriasronsel.es\/tienda\/wp-content\/uploads\/2019\/09\/traje-de-nazareno-manchas.jpeg 700w, https:\/\/tintoreriasronsel.es\/tienda\/wp-content\/uploads\/2019\/09\/traje-de-nazareno-manchas-480x480.jpeg 480w\"><\/a>\n\t\t\t<\/dt><\/dl><br style=\"clear: both\" \/>\n\t\t<\/div>\n\n<\/div>\n<p>En el proceso de <em>desmanchado<\/em> y <em>limpieza<\/em> utilizamos procesos basados en t\u00e9cnicas tradicionales, y con productos espec\u00edficos de \u00faltima generaci\u00f3n, lo que nos permite <em>eliminar<\/em> las <em>manchas de cera,<\/em> as\u00ed como las temibles <em>manchas de suciedad<\/em> en los bajos. Estos\u00a0procesos son realizados por personal cualificado, con amplia experiencia en el manejo de estas prendas delicadas.<\/p>\n<p>En el proceso de <em>planchado<\/em> utilizamos t\u00e9cnica tradicional utilizando maquinaria especializada para <em>planchado al vapor y<\/em> <em>presi\u00f3n<\/em>, para que la prenda recupere su apariencia original, posteriormente la prenda se finaliza mediante un proceso de <em>plancha manual<\/em>, en manos de expertos, con muchos a\u00f1os de experiencia en el planchado de tejidos naturales y delicados.<\/p>\n<p>Este proceso garantiza un acabado perfecto, sin brillos ni marcas en el tejido.<\/p>\n","protected":false},"excerpt":{"rendered":"<p><em>Limpieza<\/em> y <em>planchado<\/em> de traje de nazareno y sus componentes : <em>T\u00fanica<\/em>, <em>capa<\/em>, <em>capuz<\/em>, <em>escudo<\/em>, <em>guantes<\/em>. Confeccionados en lana, algod\u00f3n y terciopelo.<\/p>\n","protected":false},"featured_media":224783,"template":"","meta":{"_acf_changed":false,"_et_pb_use_builder":"","_et_pb_old_content":"","_et_gb_content_width":""},"product_brand":[],"product_cat":[159,247,256,161],"product_tag":[540],"class_list":{"0":"post-1966","1":"product","2":"type-product","3":"status-publish","4":"has-post-thumbnail","6":"product_cat-oficiales-y-regionales","7":"product_cat-prendas-de-vestir","8":"product_cat-presupuestos-1","9":"product_cat-regionales-folcloricos","10":"product_tag-14-dias","11":"product_shipping_class-envio-tienda","13":"first","14":"instock","15":"taxable","16":"shipping-taxable","17":"purchasable","18":"product-type-simple"},"acf":[],"_links":{"self":[{"href":"https:\/\/tintoreriasronsel.es\/tienda\/wp-json\/wp\/v2\/product\/1966","targetHints":{"allow":["GET"]}}],"collection":[{"href":"https:\/\/tintoreriasronsel.es\/tienda\/wp-json\/wp\/v2\/product"}],"about":[{"href":"https:\/\/tintoreriasronsel.es\/tienda\/wp-json\/wp\/v2\/types\/product"}],"wp:featuredmedia":[{"embeddable":true,"href":"https:\/\/tintoreriasronsel.es\/tienda\/wp-json\/wp\/v2\/media\/224783"}],"wp:attachment":[{"href":"https:\/\/tintoreriasronsel.es\/tienda\/wp-json\/wp\/v2\/media?parent=1966"}],"wp:term":[{"taxonomy":"product_brand","embeddable":true,"href":"https:\/\/tintoreriasronsel.es\/tienda\/wp-json\/wp\/v2\/product_brand?post=1966"},{"taxonomy":"product_cat","embeddable":true,"href":"https:\/\/tintoreriasronsel.es\/tienda\/wp-json\/wp\/v2\/product_cat?post=1966"},{"taxonomy":"product_tag","embeddable":true,"href":"https:\/\/tintoreriasronsel.es\/tienda\/wp-json\/wp\/v2\/product_tag?post=1966"}],"curies":[{"name":"wp","href":"https:\/\/api.w.org\/{rel}","templated":true}]}}