{"id":1946,"date":"2019-09-09T19:58:17","date_gmt":"2019-09-09T17:58:17","guid":{"rendered":"https:\/\/tintoreriasronsel.es\/tienda\/?post_type=product&#038;p=1946"},"modified":"2026-03-19T00:13:42","modified_gmt":"2026-03-18T23:13:42","slug":"cubre-colchon","status":"publish","type":"product","link":"https:\/\/tintoreriasronsel.es\/tienda\/producto\/cubre-colchon\/","title":{"rendered":"Cubre colch\u00f3n"},"content":{"rendered":"<p>En el proceso de limpieza y desmanchado utilizamos productos que permiten la eliminaci\u00f3n de manchas producidas por accidentes de la vida diaria, eliminando cercos y manchas amarillas.\u00a0 La limpieza y en funci\u00f3n de la prenda se realizar\u00e1 en agua o lavado en h\u00famedo o Wet-Cleaning.<\/p>\n<p>En el Lavado Wet-Cleaning utilizamos detergentes biodegradables para un lavado ecol\u00f3gico, que tiene un impacto casi nulo con el medio ambiente.<\/p>\n<p>Asimismo, aplicamos un proceso de desodorizaci\u00f3n encaminado a eliminar olores diversos y realizar un proceso de desinfecci\u00f3n.<\/p>\n<p>En el proceso de planchado utilizamos t\u00e9cnica tradicional utilizando maquinaria especializada para planchar al vapor y presi\u00f3n, para que la prenda recupere su apariencia y medidas originales.<\/p>\n","protected":false},"excerpt":{"rendered":"<p><span style=\"font-weight: 400;\">Limpieza, desmanchado, vaporizado, planchado\u00a0 y desinfecci\u00f3n de cubre colch\u00f3n.<\/span><\/p>\n","protected":false},"featured_media":225873,"template":"","meta":{"_acf_changed":false,"_et_pb_use_builder":"","_et_pb_old_content":"","_et_gb_content_width":""},"product_brand":[],"product_cat":[212,248,209],"product_tag":[],"class_list":{"0":"post-1946","1":"product","2":"type-product","3":"status-publish","4":"has-post-thumbnail","6":"product_cat-cubrecolchones","7":"product_cat-prendas-del-hogar","8":"product_cat-ropa-de-cama","9":"product_shipping_class-envio-tienda","11":"first","12":"instock","13":"taxable","14":"shipping-taxable","15":"purchasable","16":"product-type-variable"},"acf":[],"_links":{"self":[{"href":"https:\/\/tintoreriasronsel.es\/tienda\/wp-json\/wp\/v2\/product\/1946","targetHints":{"allow":["GET"]}}],"collection":[{"href":"https:\/\/tintoreriasronsel.es\/tienda\/wp-json\/wp\/v2\/product"}],"about":[{"href":"https:\/\/tintoreriasronsel.es\/tienda\/wp-json\/wp\/v2\/types\/product"}],"wp:featuredmedia":[{"embeddable":true,"href":"https:\/\/tintoreriasronsel.es\/tienda\/wp-json\/wp\/v2\/media\/225873"}],"wp:attachment":[{"href":"https:\/\/tintoreriasronsel.es\/tienda\/wp-json\/wp\/v2\/media?parent=1946"}],"wp:term":[{"taxonomy":"product_brand","embeddable":true,"href":"https:\/\/tintoreriasronsel.es\/tienda\/wp-json\/wp\/v2\/product_brand?post=1946"},{"taxonomy":"product_cat","embeddable":true,"href":"https:\/\/tintoreriasronsel.es\/tienda\/wp-json\/wp\/v2\/product_cat?post=1946"},{"taxonomy":"product_tag","embeddable":true,"href":"https:\/\/tintoreriasronsel.es\/tienda\/wp-json\/wp\/v2\/product_tag?post=1946"}],"curies":[{"name":"wp","href":"https:\/\/api.w.org\/{rel}","templated":true}]}}