{"id":1790,"date":"2019-09-05T08:52:11","date_gmt":"2019-09-05T06:52:11","guid":{"rendered":"https:\/\/tintoreriasronsel.es\/tienda\/?post_type=product&#038;p=1790"},"modified":"2025-05-03T09:30:46","modified_gmt":"2025-05-03T07:30:46","slug":"vestido-de-comunion-nino","status":"publish","type":"product","link":"https:\/\/tintoreriasronsel.es\/tienda\/producto\/vestido-de-comunion-nino\/","title":{"rendered":"Vestido de Comuni\u00f3n. Ni\u00f1o"},"content":{"rendered":"<p>En el proceso de <em>limpieza<\/em> y <em>desmanchado<\/em> utilizamos productos que permiten la eliminaci\u00f3n de manchas producidas por accidentes de la vida diaria. La limpieza y en funci\u00f3n de la prenda se realizar\u00e1 en <em>limpieza en seco<\/em> o <em>lavado en h\u00famedo<\/em> o <em>Wet-Cleaning<\/em>.<\/p>\n<p>En el Lavado Wet-Cleaning utilizamos detergentes biodegradables para un <em>lavado ecol\u00f3gico<\/em>, que tiene un impacto casi nulo con el medio ambiente. Asimismo, aplicamos un proceso de desodorizaci\u00f3n encaminado a eliminar humo de combusti\u00f3n por la contaminaci\u00f3n, olores diversos. Para algunos tejidos (por ejemplo el lino) requeridos por nuestros clientes, aplicamos <em>aprestos<\/em> para conseguir un mejor acabado.<\/p>\n<blockquote><p>Finalmente, realizamos un planchado profesional y tradicional, que se fundamenta en 3 fases:<\/p>\n<ul>\n<li>Inicialmente estas prendas pasan por un maniqu\u00ed para estirar y dar forma a las americanas,<\/li>\n<li>en una segunda fase utilizamos prensa en donde vaporizamos y damos forma a la prenda (prensamos raya del pantal\u00f3n, para que caiga)\u2026<\/li>\n<li>y finalmente se realiza un planchado manual para quitar arrugas menores e imperfecciones.<\/li>\n<\/ul>\n<\/blockquote>\n<p>Este sistema de planchado garantiza una calidad total, y evita que salgan brillos, o costuras marcadas, etc., al evitar la mayor fricci\u00f3n que se producir\u00eda con un planchado cien por cien manual.<\/p>\n","protected":false},"excerpt":{"rendered":"<p>Limpieza, desmanchado y planchado o vaporizado de vestido de comuni\u00f3n.<br \/>\nPuede tener en cuenta las opciones de terminado y planchado que le convengan a su vestido de acuerdo al uso que vaya a darle.<\/p>\n","protected":false},"featured_media":225688,"template":"","meta":{"_acf_changed":false,"_et_pb_use_builder":"","_et_pb_old_content":"","_et_gb_content_width":""},"product_brand":[],"product_cat":[148,199,247],"product_tag":[549],"class_list":{"0":"post-1790","1":"product","2":"type-product","3":"status-publish","4":"has-post-thumbnail","6":"product_cat-ceremonias","7":"product_cat-comuniones","8":"product_cat-prendas-de-vestir","9":"product_tag-vestidos","10":"product_shipping_class-envio-tienda","12":"first","13":"instock","14":"taxable","15":"shipping-taxable","16":"purchasable","17":"product-type-variable"},"acf":[],"_links":{"self":[{"href":"https:\/\/tintoreriasronsel.es\/tienda\/wp-json\/wp\/v2\/product\/1790","targetHints":{"allow":["GET"]}}],"collection":[{"href":"https:\/\/tintoreriasronsel.es\/tienda\/wp-json\/wp\/v2\/product"}],"about":[{"href":"https:\/\/tintoreriasronsel.es\/tienda\/wp-json\/wp\/v2\/types\/product"}],"wp:featuredmedia":[{"embeddable":true,"href":"https:\/\/tintoreriasronsel.es\/tienda\/wp-json\/wp\/v2\/media\/225688"}],"wp:attachment":[{"href":"https:\/\/tintoreriasronsel.es\/tienda\/wp-json\/wp\/v2\/media?parent=1790"}],"wp:term":[{"taxonomy":"product_brand","embeddable":true,"href":"https:\/\/tintoreriasronsel.es\/tienda\/wp-json\/wp\/v2\/product_brand?post=1790"},{"taxonomy":"product_cat","embeddable":true,"href":"https:\/\/tintoreriasronsel.es\/tienda\/wp-json\/wp\/v2\/product_cat?post=1790"},{"taxonomy":"product_tag","embeddable":true,"href":"https:\/\/tintoreriasronsel.es\/tienda\/wp-json\/wp\/v2\/product_tag?post=1790"}],"curies":[{"name":"wp","href":"https:\/\/api.w.org\/{rel}","templated":true}]}}