{"id":1785,"date":"2019-09-05T08:42:32","date_gmt":"2019-09-05T06:42:32","guid":{"rendered":"https:\/\/tintoreriasronsel.es\/tienda\/?post_type=product&#038;p=1785"},"modified":"2025-07-22T13:47:17","modified_gmt":"2025-07-22T11:47:17","slug":"vestido-de-comunion-nina","status":"publish","type":"product","link":"https:\/\/tintoreriasronsel.es\/tienda\/producto\/vestido-de-comunion-nina\/","title":{"rendered":"Vestido de Comuni\u00f3n. Ni\u00f1a"},"content":{"rendered":"<p>En el proceso de <em>desmanchado<\/em> y <em>limpieza<\/em> utilizamos procesos basados en t\u00e9cnicas tradicionales, y con productos espec\u00edficos de \u00faltima generaci\u00f3n, que nos permite eliminar las <em>manchas<\/em> de bebidas, as\u00ed como las temibles manchas de suciedad de los bajos. Los procesos son realizados por personal cualificado, con amplia experiencia en el manejo de estas <em>prendas delicadas<\/em>, y de colores vivos, elaborados con <em>tintes<\/em> muy delicados.<\/p>\n<p>En el proceso de <em>planchado<\/em> utilizamos t\u00e9cnica tradicional utilizando maquinaria especializada para planchado al <em>vapor<\/em> y <em>presi\u00f3n<\/em>, para que la prenda recupere su apariencia original, posteriormente la prenda se finaliza mediante un proceso de <em>plancha manual<\/em>, en manos de expertos, con mucho a\u00f1os de experiencia en el planchado de tejidos <em>naturales<\/em> y <em>delicados<\/em>. As\u00ed mismo, tambi\u00e9n se planchar\u00eda a mano (en el caso de haber elegido la <em>Opci\u00f3n 1<\/em>) y minuciosamente los volantes, etc. Este proceso garantiza un acabado perfecto, sin brillos ni marcas en el tejido.<\/p>\n<p>(*) Su vestido de comuni\u00f3n estar\u00e1 protegido con capas sucesivas de un papel de seda especial, libre de cloro y \u00e1cidos, y que no genera las emanaciones que producir\u00edan la aparici\u00f3n de manchas amarillas en los tejidos que han sido empaquetados durante largo tiempo.<\/p>\n","protected":false},"excerpt":{"rendered":"<p><em>Limpieza<\/em>, <em>desmanchado<\/em> y <em>planchado<\/em> o <em>vaporizado<\/em> de vestido de comuni\u00f3n.<br \/>\nPuede tener en cuenta las opciones de terminado y planchado que le convengan a su vestido de acuerdo al uso que vaya a darle.<\/p>\n<p><span style=\"font-weight: 400;\">Adicionalmente algunos vestidos tienen <em>puntilla<\/em> o <em>encaje<\/em>, y usted desea <em>enca\u00f1onar<\/em> dicha terminaci\u00f3n. En este caso, el precio adicional por este proceso artesanal de <em>enca\u00f1onado\u00a0<\/em>ser\u00eda bajo presupuesto, una vez podamos revisar detenidamente el vestido.<\/span><\/p>\n","protected":false},"featured_media":225596,"template":"","meta":{"_acf_changed":false,"_et_pb_use_builder":"","_et_pb_old_content":"","_et_gb_content_width":""},"product_brand":[],"product_cat":[148,199,247],"product_tag":[540,549],"class_list":{"0":"post-1785","1":"product","2":"type-product","3":"status-publish","4":"has-post-thumbnail","6":"product_cat-ceremonias","7":"product_cat-comuniones","8":"product_cat-prendas-de-vestir","9":"product_tag-14-dias","10":"product_tag-vestidos","11":"product_shipping_class-envio-tienda","13":"first","14":"instock","15":"taxable","16":"shipping-taxable","17":"purchasable","18":"product-type-variable"},"acf":[],"_links":{"self":[{"href":"https:\/\/tintoreriasronsel.es\/tienda\/wp-json\/wp\/v2\/product\/1785","targetHints":{"allow":["GET"]}}],"collection":[{"href":"https:\/\/tintoreriasronsel.es\/tienda\/wp-json\/wp\/v2\/product"}],"about":[{"href":"https:\/\/tintoreriasronsel.es\/tienda\/wp-json\/wp\/v2\/types\/product"}],"wp:featuredmedia":[{"embeddable":true,"href":"https:\/\/tintoreriasronsel.es\/tienda\/wp-json\/wp\/v2\/media\/225596"}],"wp:attachment":[{"href":"https:\/\/tintoreriasronsel.es\/tienda\/wp-json\/wp\/v2\/media?parent=1785"}],"wp:term":[{"taxonomy":"product_brand","embeddable":true,"href":"https:\/\/tintoreriasronsel.es\/tienda\/wp-json\/wp\/v2\/product_brand?post=1785"},{"taxonomy":"product_cat","embeddable":true,"href":"https:\/\/tintoreriasronsel.es\/tienda\/wp-json\/wp\/v2\/product_cat?post=1785"},{"taxonomy":"product_tag","embeddable":true,"href":"https:\/\/tintoreriasronsel.es\/tienda\/wp-json\/wp\/v2\/product_tag?post=1785"}],"curies":[{"name":"wp","href":"https:\/\/api.w.org\/{rel}","templated":true}]}}