{"id":1773,"date":"2019-09-05T07:38:22","date_gmt":"2019-09-05T05:38:22","guid":{"rendered":"https:\/\/tintoreriasronsel.es\/tienda\/?post_type=product&#038;p=1773"},"modified":"2026-02-02T16:37:46","modified_gmt":"2026-02-02T15:37:46","slug":"pantalon-sin-raya-tipo-chino","status":"publish","type":"product","link":"https:\/\/tintoreriasronsel.es\/tienda\/producto\/pantalon-sin-raya-tipo-chino\/","title":{"rendered":"Pantal\u00f3n sin raya (Tipo Chino)"},"content":{"rendered":"<p>En el proceso de limpieza y desmanchado utilizamos productos que permiten la eliminaci\u00f3n de manchas producidas por accidentes de la vida diaria. La limpieza y en funci\u00f3n de la prenda se realizar\u00e1 en limpieza seco o lavado en h\u00famedo o <em>Wet-<\/em>Cleaning.<\/p>\n<p>En el Lavado Wet-Cleaning utilizamos detergentes biodegradables para un <em>lavado ecol\u00f3gico<\/em>, que tiene un impacto casi nulo con el medio ambiente. Asimismo, aplicamos un proceso de <em>desodorizaci\u00f3n<\/em> encaminado a eliminar humo de combusti\u00f3n por la contaminaci\u00f3n, olores diversos.<\/p>\n<p>Finalmente, realizamos un planchado profesional y tradicional, que se fundamenta en 3 fases:<\/p>\n<blockquote>\n<ul>\n<li>Inicialmente estas prendas pasan por un maniqu\u00ed para <em>estirar<\/em><\/li>\n<li>en una segunda fase utilizamos prensa en donde y <em>vaporizamos<\/em> y damos forma a la prenda.<\/li>\n<li>y finalmente se realiza un <em>planchado manual<\/em> para quitar arrugas menores e imperfecciones.<\/li>\n<\/ul>\n<\/blockquote>\n<p>Este sistema de planchado garantiza una calidad total, y evita que salgan brillos, o costuras marcadas, etc, al evitar la mayor fricci\u00f3n que se producir\u00eda con un planchado cien por cien manual.<\/p>\n","protected":false},"excerpt":{"rendered":"<p>Desmanchado, limpieza y planchado de pantalones sin raya tipo casual o sport (Tipo Chino), y de cualquier tejido.<\/p>\n","protected":false},"featured_media":226348,"template":"","meta":{"_acf_changed":false,"_et_pb_use_builder":"","_et_pb_old_content":"","_et_gb_content_width":""},"product_brand":[],"product_cat":[179,198,247],"product_tag":[],"class_list":{"0":"post-1773","1":"product","2":"type-product","3":"status-publish","4":"has-post-thumbnail","6":"product_cat-basicos","7":"product_cat-pantalones","8":"product_cat-prendas-de-vestir","10":"first","11":"instock","12":"taxable","13":"shipping-taxable","14":"purchasable","15":"product-type-simple"},"acf":[],"_links":{"self":[{"href":"https:\/\/tintoreriasronsel.es\/tienda\/wp-json\/wp\/v2\/product\/1773","targetHints":{"allow":["GET"]}}],"collection":[{"href":"https:\/\/tintoreriasronsel.es\/tienda\/wp-json\/wp\/v2\/product"}],"about":[{"href":"https:\/\/tintoreriasronsel.es\/tienda\/wp-json\/wp\/v2\/types\/product"}],"wp:featuredmedia":[{"embeddable":true,"href":"https:\/\/tintoreriasronsel.es\/tienda\/wp-json\/wp\/v2\/media\/226348"}],"wp:attachment":[{"href":"https:\/\/tintoreriasronsel.es\/tienda\/wp-json\/wp\/v2\/media?parent=1773"}],"wp:term":[{"taxonomy":"product_brand","embeddable":true,"href":"https:\/\/tintoreriasronsel.es\/tienda\/wp-json\/wp\/v2\/product_brand?post=1773"},{"taxonomy":"product_cat","embeddable":true,"href":"https:\/\/tintoreriasronsel.es\/tienda\/wp-json\/wp\/v2\/product_cat?post=1773"},{"taxonomy":"product_tag","embeddable":true,"href":"https:\/\/tintoreriasronsel.es\/tienda\/wp-json\/wp\/v2\/product_tag?post=1773"}],"curies":[{"name":"wp","href":"https:\/\/api.w.org\/{rel}","templated":true}]}}