{"id":1732,"date":"2019-09-04T08:56:45","date_gmt":"2019-09-04T06:56:45","guid":{"rendered":"https:\/\/tintoreriasronsel.es\/tienda\/?post_type=product&#038;p=1732"},"modified":"2026-02-02T16:58:15","modified_gmt":"2026-02-02T15:58:15","slug":"vestido-de-calle-sencillo-algodon-lana-sinteticos","status":"publish","type":"product","link":"https:\/\/tintoreriasronsel.es\/tienda\/producto\/vestido-de-calle-sencillo-algodon-lana-sinteticos\/","title":{"rendered":"Vestido de calle sencillo. Algod\u00f3n, lana, sint\u00e9ticos"},"content":{"rendered":"<p>En el proceso de limpieza y desmanchado utilizamos productos que permiten la eliminaci\u00f3n de manchas producidas por accidentes de la vida diaria. La limpieza y en funci\u00f3n de la prenda se realizar\u00e1 en limpieza seco o lavado en h\u00famedo o <em>Wet-Cleaning<\/em>.<\/p>\n<p>En el Lavado Wet-Cleaning utilizamos detergentes biodegradables para un <em>lavado ecol\u00f3gico<\/em>, que tiene un impacto casi nulo con el medio ambiente. Asimismo, aplicamos un proceso de desodorizaci\u00f3n encaminado a eliminar humo de combusti\u00f3n por la contaminaci\u00f3n, olores diversos.<\/p>\n<p>Finalmente, realizamos un planchado profesional y tradicional, que se fundamenta en 3 fases:<\/p>\n<blockquote>\n<ul>\n<li>Inicialmente estas prendas pasan por un maniqu\u00ed para estirar el vestido,<\/li>\n<li>en una segunda fase utilizamos prensa en donde vaporizamos y damos forma a la prenda y,<\/li>\n<li>finalmente se realiza un planchado manual para quitar arrugas menores e imperfecciones.<\/li>\n<\/ul>\n<\/blockquote>\n<p>Este sistema de planchado garantiza una calidad total, y evita que salgan brillos, o costuras marcadas, etc., al evitar la mayor fricci\u00f3n que se producir\u00eda con un planchado cien por cien manual.<\/p>\n","protected":false},"excerpt":{"rendered":"<p><span style=\"font-weight: 400;\"><em>Desmanchado<\/em>, <em>limpieza<\/em> y <em>planchado<\/em> de <em>vestido sencillo<\/em>: De algod\u00f3n, punto, lana , viscosa, y cualquier otra fibra sint\u00e9tica.\u00a0 Excluidos: Vestido de seda y lino, o cualquier otro vestido de tejidos naturales y delicados.<\/span><\/p>\n","protected":false},"featured_media":2282,"template":"","meta":{"_acf_changed":false,"_et_pb_use_builder":"","_et_pb_old_content":"","_et_gb_content_width":""},"product_brand":[],"product_cat":[179,247,196],"product_tag":[549],"class_list":{"0":"post-1732","1":"product","2":"type-product","3":"status-publish","4":"has-post-thumbnail","6":"product_cat-basicos","7":"product_cat-prendas-de-vestir","8":"product_cat-vestidos","9":"product_tag-vestidos","11":"first","12":"instock","13":"taxable","14":"shipping-taxable","15":"purchasable","16":"product-type-simple"},"acf":[],"_links":{"self":[{"href":"https:\/\/tintoreriasronsel.es\/tienda\/wp-json\/wp\/v2\/product\/1732","targetHints":{"allow":["GET"]}}],"collection":[{"href":"https:\/\/tintoreriasronsel.es\/tienda\/wp-json\/wp\/v2\/product"}],"about":[{"href":"https:\/\/tintoreriasronsel.es\/tienda\/wp-json\/wp\/v2\/types\/product"}],"wp:featuredmedia":[{"embeddable":true,"href":"https:\/\/tintoreriasronsel.es\/tienda\/wp-json\/wp\/v2\/media\/2282"}],"wp:attachment":[{"href":"https:\/\/tintoreriasronsel.es\/tienda\/wp-json\/wp\/v2\/media?parent=1732"}],"wp:term":[{"taxonomy":"product_brand","embeddable":true,"href":"https:\/\/tintoreriasronsel.es\/tienda\/wp-json\/wp\/v2\/product_brand?post=1732"},{"taxonomy":"product_cat","embeddable":true,"href":"https:\/\/tintoreriasronsel.es\/tienda\/wp-json\/wp\/v2\/product_cat?post=1732"},{"taxonomy":"product_tag","embeddable":true,"href":"https:\/\/tintoreriasronsel.es\/tienda\/wp-json\/wp\/v2\/product_tag?post=1732"}],"curies":[{"name":"wp","href":"https:\/\/api.w.org\/{rel}","templated":true}]}}