{"id":1726,"date":"2019-09-04T01:09:04","date_gmt":"2019-09-03T23:09:04","guid":{"rendered":"https:\/\/tintoreriasronsel.es\/tienda\/?post_type=product&#038;p=1726"},"modified":"2024-07-04T11:58:40","modified_gmt":"2024-07-04T09:58:40","slug":"blusa-plisada","status":"publish","type":"product","link":"https:\/\/tintoreriasronsel.es\/tienda\/producto\/blusa-plisada\/","title":{"rendered":"Blusa Plisada"},"content":{"rendered":"<p>En el proceso de limpieza y desmanchado utilizamos productos que permiten la eliminaci\u00f3n de las manchas .La limpieza y en funci\u00f3n de la prenda se realizar\u00e1 en limpieza seco o lavado en h\u00famedo o <em>Wet-Cleaning<\/em>.<\/p>\n<p>En el Lavado Wet-Cleaning utilizamos detergentes biodegradables para un <em>lavado ecol\u00f3gico<\/em>, que tiene un impacto casi nulo con el medio ambiente. Asimismo, aplicamos un proceso de desodorizaci\u00f3n encaminado a eliminar humo de combusti\u00f3n por la contaminaci\u00f3n, olores diversos.<\/p>\n<p>Finalmente, realizamos un planchado profesional y tradicional, que se fundamenta en 3 fases:<\/p>\n<blockquote>\n<ul>\n<li>Inicialmente estas prendas pasan por un maniqu\u00ed para <em>estirar<\/em> y dar forma a las blusas,<\/li>\n<li>en una segunda fase utilizamos prensa en donde <em>vaporizamos<\/em> y <em>damos forma<\/em> a la prenda,<\/li>\n<li>finalmente se realiza un <em>planchado manual<\/em> para quitar arrugas menores e imperfecciones. En esta fase, y <em>de forma manual rehacemos el plisado<\/em>, <em>tableado<\/em> o <em>pliegues<\/em>, para dejarla en su estado original.<\/li>\n<\/ul>\n<\/blockquote>\n<p>Este sistema de planchado garantiza una calidad total, y evita que salgan brillos, o costuras marcadas, etc., al evitar la mayor fricci\u00f3n que se producir\u00eda con un planchado cien por cien manual.<\/p>\n","protected":false},"excerpt":{"rendered":"<p><em>Desmanchado<\/em>, <em>limpieza<\/em> y <em>planchado<\/em> de <em>blusas<\/em> que contengan en cuello, mangas, bajo o cualquier otro sitio alg\u00fan <em>plisado<\/em> o <em>tableado<\/em>, y que requieran <em>adem\u00e1s de planchar<\/em>, rehacer dicho plisado o tableado.<\/p>\n","protected":false},"featured_media":2280,"template":"","meta":{"_acf_changed":false,"_et_pb_use_builder":"","_et_pb_old_content":"","_et_gb_content_width":""},"product_brand":[],"product_cat":[179,195,247,256],"product_tag":[],"class_list":{"0":"post-1726","1":"product","2":"type-product","3":"status-publish","4":"has-post-thumbnail","6":"product_cat-basicos","7":"product_cat-blusas","8":"product_cat-prendas-de-vestir","9":"product_cat-presupuestos-1","11":"first","12":"instock","13":"taxable","14":"shipping-taxable","15":"purchasable","16":"product-type-simple"},"acf":[],"_links":{"self":[{"href":"https:\/\/tintoreriasronsel.es\/tienda\/wp-json\/wp\/v2\/product\/1726","targetHints":{"allow":["GET"]}}],"collection":[{"href":"https:\/\/tintoreriasronsel.es\/tienda\/wp-json\/wp\/v2\/product"}],"about":[{"href":"https:\/\/tintoreriasronsel.es\/tienda\/wp-json\/wp\/v2\/types\/product"}],"wp:featuredmedia":[{"embeddable":true,"href":"https:\/\/tintoreriasronsel.es\/tienda\/wp-json\/wp\/v2\/media\/2280"}],"wp:attachment":[{"href":"https:\/\/tintoreriasronsel.es\/tienda\/wp-json\/wp\/v2\/media?parent=1726"}],"wp:term":[{"taxonomy":"product_brand","embeddable":true,"href":"https:\/\/tintoreriasronsel.es\/tienda\/wp-json\/wp\/v2\/product_brand?post=1726"},{"taxonomy":"product_cat","embeddable":true,"href":"https:\/\/tintoreriasronsel.es\/tienda\/wp-json\/wp\/v2\/product_cat?post=1726"},{"taxonomy":"product_tag","embeddable":true,"href":"https:\/\/tintoreriasronsel.es\/tienda\/wp-json\/wp\/v2\/product_tag?post=1726"}],"curies":[{"name":"wp","href":"https:\/\/api.w.org\/{rel}","templated":true}]}}