{"id":1722,"date":"2019-09-04T01:08:46","date_gmt":"2019-09-03T23:08:46","guid":{"rendered":"https:\/\/tintoreriasronsel.es\/tienda\/?post_type=product&#038;p=1722"},"modified":"2026-02-02T17:00:19","modified_gmt":"2026-02-02T16:00:19","slug":"blusa-de-grandes-disenadores","status":"publish","type":"product","link":"https:\/\/tintoreriasronsel.es\/tienda\/producto\/blusa-de-grandes-disenadores\/","title":{"rendered":"Blusa con adornos, volantes, de grandes dise\u00f1adores"},"content":{"rendered":"<p>En el proceso de limpieza y desmanchado utilizamos productos que permiten la eliminaci\u00f3n de las manchas. La limpieza en funci\u00f3n de la prenda se realizar\u00e1 en <em>limpieza seco<\/em> o <em>lavado en h\u00famedo<\/em> o <em>Wet-Cleaning<\/em>.<\/p>\n<p>En el Lavado Wet-Cleaning utilizamos detergentes biodegradables para un <em>lavado ecol\u00f3gico<\/em>, que tiene un impacto casi nulo con el medio ambiente. Asimismo, aplicamos un proceso de <em>desodorizaci\u00f3n<\/em> encaminado a eliminar humo de combusti\u00f3n por la contaminaci\u00f3n, olores diversos.<\/p>\n<p>Finalmente, realizamos un planchado profesional y tradicional, que se fundamenta en 3 fases:<\/p>\n<blockquote>\n<ul>\n<li>Inicialmente estas prendas pasan por un maniqu\u00ed para <em>estirar<\/em> y dar forma a las blusas,<\/li>\n<li>en una segunda fase utilizamos prensa en donde <em>vaporizamos<\/em> y <em>damos forma<\/em> a la prenda y,<\/li>\n<li>finalmente se realiza un <em>planchado manual<\/em> para quitar arrugas menores e imperfecciones.<\/li>\n<\/ul>\n<\/blockquote>\n<p>Este sistema de planchado garantiza una calidad total, y evita que salgan brillos, o costuras marcadas, etc., al evitar la mayor fricci\u00f3n que se producir\u00eda con un planchado cien por cien manual.<\/p>\n","protected":false},"excerpt":{"rendered":"<p><em>Desmanchado<\/em>, <em>limpieza<\/em> y <em>planchado<\/em> de <em>blusas de tejidos delicados<\/em> (seda, lino, etc.), que tengan <em>adornos <\/em>y\/o <em>volantes<\/em>. Tambi\u00e9n se incluyen cualquier blusa con marca de dise\u00f1o de casas reconocidas, o de dise\u00f1adores, o marcas exclusivas.<\/p>\n","protected":false},"featured_media":2279,"template":"","meta":{"_acf_changed":false,"_et_pb_use_builder":"","_et_pb_old_content":"","_et_gb_content_width":""},"product_brand":[],"product_cat":[179,195,247],"product_tag":[],"class_list":{"0":"post-1722","1":"product","2":"type-product","3":"status-publish","4":"has-post-thumbnail","6":"product_cat-basicos","7":"product_cat-blusas","8":"product_cat-prendas-de-vestir","10":"first","11":"instock","12":"taxable","13":"shipping-taxable","14":"purchasable","15":"product-type-simple"},"acf":[],"_links":{"self":[{"href":"https:\/\/tintoreriasronsel.es\/tienda\/wp-json\/wp\/v2\/product\/1722","targetHints":{"allow":["GET"]}}],"collection":[{"href":"https:\/\/tintoreriasronsel.es\/tienda\/wp-json\/wp\/v2\/product"}],"about":[{"href":"https:\/\/tintoreriasronsel.es\/tienda\/wp-json\/wp\/v2\/types\/product"}],"wp:featuredmedia":[{"embeddable":true,"href":"https:\/\/tintoreriasronsel.es\/tienda\/wp-json\/wp\/v2\/media\/2279"}],"wp:attachment":[{"href":"https:\/\/tintoreriasronsel.es\/tienda\/wp-json\/wp\/v2\/media?parent=1722"}],"wp:term":[{"taxonomy":"product_brand","embeddable":true,"href":"https:\/\/tintoreriasronsel.es\/tienda\/wp-json\/wp\/v2\/product_brand?post=1722"},{"taxonomy":"product_cat","embeddable":true,"href":"https:\/\/tintoreriasronsel.es\/tienda\/wp-json\/wp\/v2\/product_cat?post=1722"},{"taxonomy":"product_tag","embeddable":true,"href":"https:\/\/tintoreriasronsel.es\/tienda\/wp-json\/wp\/v2\/product_tag?post=1722"}],"curies":[{"name":"wp","href":"https:\/\/api.w.org\/{rel}","templated":true}]}}