{"id":1500,"date":"2019-08-25T19:36:00","date_gmt":"2019-08-25T17:36:00","guid":{"rendered":"https:\/\/tintoreriasronsel.es\/tienda\/?post_type=product&#038;p=1500"},"modified":"2026-02-03T08:24:49","modified_gmt":"2026-02-03T07:24:49","slug":"americana-estandar","status":"publish","type":"product","link":"https:\/\/tintoreriasronsel.es\/tienda\/producto\/americana-estandar\/","title":{"rendered":"Americana est\u00e1ndar"},"content":{"rendered":"<p>En el proceso de limpieza y desmanchado utilizamos productos que permiten la eliminaci\u00f3n de manchas producidas por accidentes de la vida diaria. La limpieza y en funci\u00f3n de la prenda se realizar\u00e1 en limpieza seco o lavado en h\u00famedo o <em>Wet-Cleaning, <\/em>en el que utilizamos detergentes biodegradables para un lavado ecol\u00f3gico, con un impacto casi nulo con el medio ambiente. Asimismo, aplicamos un proceso de desodorizaci\u00f3n para eliminar olores como el del humo de combusti\u00f3n causado por la contaminaci\u00f3n y otros olores diversos.<\/p>\n<p>Finalmente, realizamos un planchado profesional y tradicional, que se fundamenta en 3 fases:<\/p>\n<blockquote>\n<ul>\n<li>Planchado en <em>maniqu\u00ed<\/em> para <em>estirar<\/em> y <em>dar forma<\/em> a las <em>americanas<\/em>,<\/li>\n<li>Planchado en <em>prensa<\/em>, en donde <em>vaporizamos<\/em> y damos forma a la prenda,<\/li>\n<li>Planchado <em>manual <\/em>para <em>quitar arrugas<\/em> menores e imperfecciones.<\/li>\n<\/ul>\n<\/blockquote>\n<p>Nuestro sistema de planchado garantiza una calidad total, evitando que salgan brillos, o se marquen las costuras, al evitar la considerable <em>fricci\u00f3n<\/em> que se producir\u00eda con un planchado cien por cien manual.<\/p>\n","protected":false},"excerpt":{"rendered":"<p><span style=\"font-weight: 400;\">Desmanchado, limpieza y planchado de <\/span><span style=\"font-weight: 400;\">americana est\u00e1ndar o sencilla, elaborada en toda clase de tejidos; as\u00ed como de cualquier otra clase de americanas de grandes marcas o dise\u00f1adores exclusivos. <em>No incluidos:<\/em> Americana de lino, terciopelo o seda. Americana de esmoquin o levita.<\/span><\/p>\n","protected":false},"featured_media":1504,"template":"","meta":{"_acf_changed":false,"_et_pb_use_builder":"","_et_pb_old_content":"","_et_gb_content_width":""},"product_brand":[],"product_cat":[179,247,180],"product_tag":[],"class_list":{"0":"post-1500","1":"product","2":"type-product","3":"status-publish","4":"has-post-thumbnail","6":"product_cat-basicos","7":"product_cat-prendas-de-vestir","8":"product_cat-trajes-y-chaquetas","10":"first","11":"instock","12":"taxable","13":"shipping-taxable","14":"purchasable","15":"product-type-simple"},"acf":[],"_links":{"self":[{"href":"https:\/\/tintoreriasronsel.es\/tienda\/wp-json\/wp\/v2\/product\/1500","targetHints":{"allow":["GET"]}}],"collection":[{"href":"https:\/\/tintoreriasronsel.es\/tienda\/wp-json\/wp\/v2\/product"}],"about":[{"href":"https:\/\/tintoreriasronsel.es\/tienda\/wp-json\/wp\/v2\/types\/product"}],"wp:featuredmedia":[{"embeddable":true,"href":"https:\/\/tintoreriasronsel.es\/tienda\/wp-json\/wp\/v2\/media\/1504"}],"wp:attachment":[{"href":"https:\/\/tintoreriasronsel.es\/tienda\/wp-json\/wp\/v2\/media?parent=1500"}],"wp:term":[{"taxonomy":"product_brand","embeddable":true,"href":"https:\/\/tintoreriasronsel.es\/tienda\/wp-json\/wp\/v2\/product_brand?post=1500"},{"taxonomy":"product_cat","embeddable":true,"href":"https:\/\/tintoreriasronsel.es\/tienda\/wp-json\/wp\/v2\/product_cat?post=1500"},{"taxonomy":"product_tag","embeddable":true,"href":"https:\/\/tintoreriasronsel.es\/tienda\/wp-json\/wp\/v2\/product_tag?post=1500"}],"curies":[{"name":"wp","href":"https:\/\/api.w.org\/{rel}","templated":true}]}}