{"id":1449,"date":"2019-08-25T12:21:11","date_gmt":"2019-08-25T10:21:11","guid":{"rendered":"https:\/\/tintoreriasronsel.es\/tienda\/?post_type=product&#038;p=1449"},"modified":"2024-07-02T01:46:04","modified_gmt":"2024-07-01T23:46:04","slug":"vestido-tableado-o-plisado","status":"publish","type":"product","link":"https:\/\/tintoreriasronsel.es\/tienda\/producto\/vestido-tableado-o-plisado\/","title":{"rendered":"Vestido Tableado o plisado"},"content":{"rendered":"<p>En el proceso de limpieza y desmanchado utilizamos productos que permiten la eliminaci\u00f3n de las manchas .La limpieza y en funci\u00f3n de la prenda se realizar\u00e1 en limpieza seco o lavado en h\u00famedo o <em>Wet-Cleaning<\/em>.<\/p>\n<p>En el Lavado Wet-Cleaning utilizamos detergentes biodegradables para un <em>lavado ecol\u00f3gico<\/em>, que tiene un impacto casi nulo con el medio ambiente. Asimismo, aplicamos un proceso de desodorizaci\u00f3n encaminado a eliminar humo de combusti\u00f3n por la contaminaci\u00f3n, olores diversos.<\/p>\n<p>Finalmente, realizamos un <em>planchado profesional<\/em> y <em>tradicional<\/em>, que se fundamenta en 3 fases:<\/p>\n<blockquote>\n<ul>\n<li>Inicialmente estas prendas pasan por un maniqu\u00ed para <em>estirar<\/em> y dar forma a los vestidos,<\/li>\n<li>en una segunda fase utilizamos prensa en donde <em>vaporizamos<\/em> y <em>damos forma<\/em> a la prenda,<\/li>\n<li>finalmente se realiza un <em>planchado manual<\/em> para quitar arrugas menores e imperfecciones.<br \/>\nEn esta fase, y de forma <em>manual<\/em> rehacemos el <em>plisado<\/em>, <em>tableado<\/em> o <em>pliegues<\/em>, para dejarla en su estado original.<\/li>\n<\/ul>\n<\/blockquote>\n<p>Este sistema de planchado garantiza una calidad total, y evita que salgan brillos, o costuras marcadas, etc., al evitar la mayor fricci\u00f3n que se producir\u00eda con un planchado cien por cien manual.<\/p>\n","protected":false},"excerpt":{"rendered":"<p><span style=\"font-weight: 400;\"><em>Desmanchado<\/em>, <em>limpieza<\/em> y <em>planchado<\/em>, adem\u00e1s\u00a0 rehacemos el tableado o plisado para dejarlo en su estado original.<\/span><\/p>\n","protected":false},"featured_media":224721,"template":"","meta":{"_acf_changed":false,"_et_pb_use_builder":"","_et_pb_old_content":"","_et_gb_content_width":""},"product_brand":[],"product_cat":[148,153,247,256],"product_tag":[540,549],"class_list":{"0":"post-1449","1":"product","2":"type-product","3":"status-publish","4":"has-post-thumbnail","6":"product_cat-ceremonias","7":"product_cat-fiesta","8":"product_cat-prendas-de-vestir","9":"product_cat-presupuestos-1","10":"product_tag-14-dias","11":"product_tag-vestidos","12":"product_shipping_class-envio-tienda","14":"first","15":"instock","16":"taxable","17":"shipping-taxable","18":"purchasable","19":"product-type-simple"},"acf":[],"_links":{"self":[{"href":"https:\/\/tintoreriasronsel.es\/tienda\/wp-json\/wp\/v2\/product\/1449","targetHints":{"allow":["GET"]}}],"collection":[{"href":"https:\/\/tintoreriasronsel.es\/tienda\/wp-json\/wp\/v2\/product"}],"about":[{"href":"https:\/\/tintoreriasronsel.es\/tienda\/wp-json\/wp\/v2\/types\/product"}],"wp:featuredmedia":[{"embeddable":true,"href":"https:\/\/tintoreriasronsel.es\/tienda\/wp-json\/wp\/v2\/media\/224721"}],"wp:attachment":[{"href":"https:\/\/tintoreriasronsel.es\/tienda\/wp-json\/wp\/v2\/media?parent=1449"}],"wp:term":[{"taxonomy":"product_brand","embeddable":true,"href":"https:\/\/tintoreriasronsel.es\/tienda\/wp-json\/wp\/v2\/product_brand?post=1449"},{"taxonomy":"product_cat","embeddable":true,"href":"https:\/\/tintoreriasronsel.es\/tienda\/wp-json\/wp\/v2\/product_cat?post=1449"},{"taxonomy":"product_tag","embeddable":true,"href":"https:\/\/tintoreriasronsel.es\/tienda\/wp-json\/wp\/v2\/product_tag?post=1449"}],"curies":[{"name":"wp","href":"https:\/\/api.w.org\/{rel}","templated":true}]}}