{"id":1421,"date":"2019-08-25T00:35:28","date_gmt":"2019-08-24T22:35:28","guid":{"rendered":"https:\/\/tintoreriasronsel.es\/tienda\/?post_type=product&#038;p=1421"},"modified":"2024-07-01T18:17:39","modified_gmt":"2024-07-01T16:17:39","slug":"vestido-madrina-elaborado-alta-costura","status":"publish","type":"product","link":"https:\/\/tintoreriasronsel.es\/tienda\/producto\/vestido-madrina-elaborado-alta-costura\/","title":{"rendered":"Vestido de Madrina elaborado. Alta costura"},"content":{"rendered":"<p><span style=\"font-weight: 400;\">En el proceso de desmanchado y limpieza utilizamos procesos basados <\/span><span style=\"font-weight: 400;\">en t\u00e9cnicas tradicionales, y con productos espec\u00edficos de \u00faltima generaci\u00f3n, que nos permite eliminar las manchas de bebidas, as\u00ed como las temibles manchas de suciedad de los <\/span><i><span style=\"font-weight: 400;\">bajos<\/span><\/i><span style=\"font-weight: 400;\">. Los procesos son realizados por personal cualificado, con amplia experiencia en el manejo de estas prendas delicadas, y de colores vivos, elaborados con <\/span><i><span style=\"font-weight: 400;\">tintes <\/span><\/i><span style=\"font-weight: 400;\">muy delicados.<\/span><\/p>\n<p><span style=\"font-weight: 400;\">Nuestro equipo de profesionales, estudia y analiza cada uno de estos componentes, para establecer el tratamiento \u00f3ptimo para cada componente. Si fuera necesario, nuestro equipo de modistas de <\/span><a href=\"http:\/\/www.tintoreriasronsel.es\/arreglos-de-ropa-costura-sastreria-tintoreria.shtml\"><b>Modistilla Ronsel<\/b><\/a><span style=\"font-weight: 400;\">, descoser\u00e1 las piezas que deban tratarse por separado, volviendo posteriormente a coser, dejando en su estado original.<\/span><\/p>\n<blockquote><p><span style=\"font-weight: 400;\">En el proceso de planchado utilizamos t\u00e9cnica tradicional utilizando maquinaria especializada para <\/span><i><span style=\"font-weight: 400;\">planchado al vapor<\/span><\/i><span style=\"font-weight: 400;\"> y presi\u00f3n, para que la prenda recupere su apariencia original, posteriormente la prenda se finaliza mediante un proceso de plancha manual, en manos de expertos, con mucho a\u00f1os de experiencia en el planchado de tejidos naturales y delicados. As\u00ed mismo, tambi\u00e9n se planchar\u00eda a mano y minuciosamente los volantes, etc. Es proceso garantiza un acabado perfecto, sin brillos ni marcas en el tejido.<\/span><\/p><\/blockquote>\n","protected":false},"excerpt":{"rendered":"<p><span style=\"font-weight: 400;\">Limpieza y planchado o vaporizado de vestido de madrina m\u00e1s elaborados; con encaje, volantes, adornos, o con varias capas de tela. Y vestido de madrina en general, de alta costura.<\/span><\/p>\n","protected":false},"featured_media":1426,"template":"","meta":{"_acf_changed":false,"_et_pb_use_builder":"","_et_pb_old_content":"","_et_gb_content_width":""},"product_brand":[],"product_cat":[148,178,247],"product_tag":[555,549],"class_list":{"0":"post-1421","1":"product","2":"type-product","3":"status-publish","4":"has-post-thumbnail","6":"product_cat-ceremonias","7":"product_cat-madrinas","8":"product_cat-prendas-de-vestir","9":"product_tag-madrinas","10":"product_tag-vestidos","11":"product_shipping_class-envio-tienda","13":"first","14":"instock","15":"taxable","16":"shipping-taxable","17":"purchasable","18":"product-type-simple"},"acf":[],"_links":{"self":[{"href":"https:\/\/tintoreriasronsel.es\/tienda\/wp-json\/wp\/v2\/product\/1421","targetHints":{"allow":["GET"]}}],"collection":[{"href":"https:\/\/tintoreriasronsel.es\/tienda\/wp-json\/wp\/v2\/product"}],"about":[{"href":"https:\/\/tintoreriasronsel.es\/tienda\/wp-json\/wp\/v2\/types\/product"}],"wp:featuredmedia":[{"embeddable":true,"href":"https:\/\/tintoreriasronsel.es\/tienda\/wp-json\/wp\/v2\/media\/1426"}],"wp:attachment":[{"href":"https:\/\/tintoreriasronsel.es\/tienda\/wp-json\/wp\/v2\/media?parent=1421"}],"wp:term":[{"taxonomy":"product_brand","embeddable":true,"href":"https:\/\/tintoreriasronsel.es\/tienda\/wp-json\/wp\/v2\/product_brand?post=1421"},{"taxonomy":"product_cat","embeddable":true,"href":"https:\/\/tintoreriasronsel.es\/tienda\/wp-json\/wp\/v2\/product_cat?post=1421"},{"taxonomy":"product_tag","embeddable":true,"href":"https:\/\/tintoreriasronsel.es\/tienda\/wp-json\/wp\/v2\/product_tag?post=1421"}],"curies":[{"name":"wp","href":"https:\/\/api.w.org\/{rel}","templated":true}]}}