{"id":1405,"date":"2019-08-24T23:35:51","date_gmt":"2019-08-24T21:35:51","guid":{"rendered":"https:\/\/tintoreriasronsel.es\/tienda\/?post_type=product&#038;p=1405"},"modified":"2026-02-03T08:28:46","modified_gmt":"2026-02-03T07:28:46","slug":"traje-completo-de-2-piezas-mujer","status":"publish","type":"product","link":"https:\/\/tintoreriasronsel.es\/tienda\/producto\/traje-completo-de-2-piezas-mujer\/","title":{"rendered":"Traje completo de 2 piezas. Mujer"},"content":{"rendered":"<p><span style=\"font-weight: 400;\">En el proceso de limpieza y desmanchado utilizamos productos que permiten la eliminaci\u00f3n de manchas <\/span><span style=\"font-weight: 400;\">producidas por accidentes de la vida diaria. La limpieza y en funci\u00f3n de la prenda se realizar\u00e1 en limpieza seco o la<\/span><span style=\"font-weight: 400;\">vado en h\u00famedo o <\/span><em>Wet-Cleaning.\u00a0<\/em><\/p>\n<p><span style=\"font-weight: 400;\">En el Lavado <\/span><span style=\"font-weight: 400;\">Wet<\/span><i><span style=\"font-weight: 400;\">&#8211;<\/span><\/i><span style=\"font-weight: 400;\">Cleaning utilizamos detergentes biodegradables para un lavado <\/span><i><span style=\"font-weight: 400;\">ecol\u00f3gico<\/span><\/i><span style=\"font-weight: 400;\">, que tiene un impacto casi nulo con el medio ambiente.<\/span><\/p>\n<p><span style=\"font-weight: 400;\">Asimismo, aplicamos un proceso de desodorizaci\u00f3n encaminado a eliminar humo de combusti\u00f3n por la contaminaci\u00f3n, olores diversos.<\/span><\/p>\n<p><span style=\"font-weight: 400;\">Algunos tejidos (ejemplo lino, ) a los requeridos por nuestros clientes, aplicamos aprestos para conseguir un mejor acabado.<\/span><\/p>\n<blockquote><p><span style=\"font-weight: 400;\">Finalmente, realizamos un planchado profesional y tradicional, que se fundamenta en 3 fases: Inicialmente estas prendas pasan por un maniqu\u00ed para estirar y dar forma a las americanas, en una segunda fase utilizamos prensa en donde vaporizamos y damos forma a la prenda (Prensamos raya del pantal\u00f3n, para que caiga.) y finalmente se realiza un planchado manual para quitar arrugas menores e imperfecciones.<\/span><\/p>\n<p><span style=\"font-weight: 400;\">Este sistema de planchado garantiza una calidad total, y evita que salgan brillos, o costuras marcadas, etc, al evitar la mayor fricci\u00f3n que se producir\u00eda con un planchado cien por cien manual.<\/span><\/p><\/blockquote>\n","protected":false},"excerpt":{"rendered":"<p><span style=\"font-weight: 400;\">Desmanchado, limpieza y planchado de <em>traje completo<\/em> de mujer, compuesto de 2 piezas: El <\/span><span style=\"font-weight: 400;\">pantal\u00f3n o falda y la chaqueta. De cualquier clase de tejidos, <em>exceptuando<\/em> lino, seda o terciopelo.<\/span><\/p>\n","protected":false},"featured_media":1409,"template":"","meta":{"_acf_changed":false,"_et_pb_use_builder":"","_et_pb_old_content":"","_et_gb_content_width":""},"product_brand":[],"product_cat":[179,247,180],"product_tag":[],"class_list":{"0":"post-1405","1":"product","2":"type-product","3":"status-publish","4":"has-post-thumbnail","6":"product_cat-basicos","7":"product_cat-prendas-de-vestir","8":"product_cat-trajes-y-chaquetas","10":"first","11":"instock","12":"taxable","13":"shipping-taxable","14":"purchasable","15":"product-type-simple"},"acf":[],"_links":{"self":[{"href":"https:\/\/tintoreriasronsel.es\/tienda\/wp-json\/wp\/v2\/product\/1405","targetHints":{"allow":["GET"]}}],"collection":[{"href":"https:\/\/tintoreriasronsel.es\/tienda\/wp-json\/wp\/v2\/product"}],"about":[{"href":"https:\/\/tintoreriasronsel.es\/tienda\/wp-json\/wp\/v2\/types\/product"}],"wp:featuredmedia":[{"embeddable":true,"href":"https:\/\/tintoreriasronsel.es\/tienda\/wp-json\/wp\/v2\/media\/1409"}],"wp:attachment":[{"href":"https:\/\/tintoreriasronsel.es\/tienda\/wp-json\/wp\/v2\/media?parent=1405"}],"wp:term":[{"taxonomy":"product_brand","embeddable":true,"href":"https:\/\/tintoreriasronsel.es\/tienda\/wp-json\/wp\/v2\/product_brand?post=1405"},{"taxonomy":"product_cat","embeddable":true,"href":"https:\/\/tintoreriasronsel.es\/tienda\/wp-json\/wp\/v2\/product_cat?post=1405"},{"taxonomy":"product_tag","embeddable":true,"href":"https:\/\/tintoreriasronsel.es\/tienda\/wp-json\/wp\/v2\/product_tag?post=1405"}],"curies":[{"name":"wp","href":"https:\/\/api.w.org\/{rel}","templated":true}]}}