{"id":1387,"date":"2019-08-23T19:43:38","date_gmt":"2019-08-23T17:43:38","guid":{"rendered":"https:\/\/tintoreriasronsel.es\/tienda\/?post_type=product&#038;p=1387"},"modified":"2026-02-03T16:59:49","modified_gmt":"2026-02-03T15:59:49","slug":"vestido-de-madrina-sencillo","status":"publish","type":"product","link":"https:\/\/tintoreriasronsel.es\/tienda\/producto\/vestido-de-madrina-sencillo\/","title":{"rendered":"Vestido de Madrina sencillo"},"content":{"rendered":"<p><span style=\"font-weight: 400;\">En el proceso de desmanchado y limpieza utilizamos procesos basados <\/span><span style=\"font-weight: 400;\">en t\u00e9cnicas tradicionales, y con productos espec\u00edficos de \u00faltima generaci\u00f3n, que nos permite eliminar las manchas de bebidas, as\u00ed como las temibles manchas de suciedad de los <\/span><i><span style=\"font-weight: 400;\">bajos<\/span><\/i><span style=\"font-weight: 400;\">.\u00a0<\/span><\/p>\n<p><span style=\"font-weight: 400;\">Los procesos son realizados por personal cualificado, con amplia experiencia en el manejo de estas prendas delicadas, y de colores vivos, elaborados con <\/span><i><span style=\"font-weight: 400;\">tintes <\/span><\/i><span style=\"font-weight: 400;\">muy delicados.<\/span><\/p>\n<blockquote><p><span style=\"font-weight: 400;\">En el proceso de planchado utilizamos t\u00e9cnica tradicional utilizando maquinaria especializada para <\/span><i><span style=\"font-weight: 400;\">planchado al vapor\u00a0<\/span><\/i><span style=\"font-weight: 400;\"> y presi\u00f3n, para que la prenda recupere su apariencia original, posteriormente la prenda se finaliza mediante un proceso de plancha manual, en manos de expertos, con mucho a\u00f1os de experiencia en el planchado de tejidos naturales y delicados. Es proceso garantiza un acabado perfecto, sin brillos ni marcas en el tejido.<\/span><\/p><\/blockquote>\n","protected":false},"excerpt":{"rendered":"<p><span style=\"font-weight: 400;\">Desmanchado, limpieza y planchado de Vestido de Madrina Sencillo.<\/span><\/p>\n","protected":false},"featured_media":1386,"template":"","meta":{"_acf_changed":false,"_et_pb_use_builder":"","_et_pb_old_content":"","_et_gb_content_width":""},"product_brand":[],"product_cat":[148,178,247],"product_tag":[552,555,549],"class_list":{"0":"post-1387","1":"product","2":"type-product","3":"status-publish","4":"has-post-thumbnail","6":"product_cat-ceremonias","7":"product_cat-madrinas","8":"product_cat-prendas-de-vestir","9":"product_tag-bodas","10":"product_tag-madrinas","11":"product_tag-vestidos","12":"product_shipping_class-envio-tienda","14":"first","15":"instock","16":"taxable","17":"shipping-taxable","18":"purchasable","19":"product-type-simple"},"acf":[],"_links":{"self":[{"href":"https:\/\/tintoreriasronsel.es\/tienda\/wp-json\/wp\/v2\/product\/1387","targetHints":{"allow":["GET"]}}],"collection":[{"href":"https:\/\/tintoreriasronsel.es\/tienda\/wp-json\/wp\/v2\/product"}],"about":[{"href":"https:\/\/tintoreriasronsel.es\/tienda\/wp-json\/wp\/v2\/types\/product"}],"wp:featuredmedia":[{"embeddable":true,"href":"https:\/\/tintoreriasronsel.es\/tienda\/wp-json\/wp\/v2\/media\/1386"}],"wp:attachment":[{"href":"https:\/\/tintoreriasronsel.es\/tienda\/wp-json\/wp\/v2\/media?parent=1387"}],"wp:term":[{"taxonomy":"product_brand","embeddable":true,"href":"https:\/\/tintoreriasronsel.es\/tienda\/wp-json\/wp\/v2\/product_brand?post=1387"},{"taxonomy":"product_cat","embeddable":true,"href":"https:\/\/tintoreriasronsel.es\/tienda\/wp-json\/wp\/v2\/product_cat?post=1387"},{"taxonomy":"product_tag","embeddable":true,"href":"https:\/\/tintoreriasronsel.es\/tienda\/wp-json\/wp\/v2\/product_tag?post=1387"}],"curies":[{"name":"wp","href":"https:\/\/api.w.org\/{rel}","templated":true}]}}