{"id":1377,"date":"2019-08-23T18:51:25","date_gmt":"2019-08-23T16:51:25","guid":{"rendered":"https:\/\/tintoreriasronsel.es\/tienda\/?post_type=product&#038;p=1377"},"modified":"2026-02-03T17:07:00","modified_gmt":"2026-02-03T16:07:00","slug":"fajin","status":"publish","type":"product","link":"https:\/\/tintoreriasronsel.es\/tienda\/producto\/fajin\/","title":{"rendered":"Faj\u00edn"},"content":{"rendered":"<blockquote><p><span style=\"font-weight: 400;\">Contamos con la amplia experiencia, tecnolog\u00eda y equipo profesional para la limpieza y planchado de su faj\u00edn, y sabemos que est\u00e1 fabricado con materiales que requieren de un trato experto tanto en la limpieza como planchado.<\/span><\/p><\/blockquote>\n","protected":false},"excerpt":{"rendered":"<p><span style=\"font-weight: 400;\">Limpieza, desmanchado y planchado de Faj\u00edn.<\/span><\/p>\n","protected":false},"featured_media":1378,"template":"","meta":{"_acf_changed":false,"_et_pb_use_builder":"","_et_pb_old_content":"","_et_gb_content_width":""},"product_brand":[],"product_cat":[148,150,247],"product_tag":[606,552,556],"class_list":{"0":"post-1377","1":"product","2":"type-product","3":"status-publish","4":"has-post-thumbnail","6":"product_cat-ceremonias","7":"product_cat-novios","8":"product_cat-prendas-de-vestir","9":"product_tag-8_fiesta_fajin","10":"product_tag-bodas","11":"product_tag-novios","13":"first","14":"instock","15":"taxable","16":"shipping-taxable","17":"purchasable","18":"product-type-simple"},"acf":[],"_links":{"self":[{"href":"https:\/\/tintoreriasronsel.es\/tienda\/wp-json\/wp\/v2\/product\/1377","targetHints":{"allow":["GET"]}}],"collection":[{"href":"https:\/\/tintoreriasronsel.es\/tienda\/wp-json\/wp\/v2\/product"}],"about":[{"href":"https:\/\/tintoreriasronsel.es\/tienda\/wp-json\/wp\/v2\/types\/product"}],"wp:featuredmedia":[{"embeddable":true,"href":"https:\/\/tintoreriasronsel.es\/tienda\/wp-json\/wp\/v2\/media\/1378"}],"wp:attachment":[{"href":"https:\/\/tintoreriasronsel.es\/tienda\/wp-json\/wp\/v2\/media?parent=1377"}],"wp:term":[{"taxonomy":"product_brand","embeddable":true,"href":"https:\/\/tintoreriasronsel.es\/tienda\/wp-json\/wp\/v2\/product_brand?post=1377"},{"taxonomy":"product_cat","embeddable":true,"href":"https:\/\/tintoreriasronsel.es\/tienda\/wp-json\/wp\/v2\/product_cat?post=1377"},{"taxonomy":"product_tag","embeddable":true,"href":"https:\/\/tintoreriasronsel.es\/tienda\/wp-json\/wp\/v2\/product_tag?post=1377"}],"curies":[{"name":"wp","href":"https:\/\/api.w.org\/{rel}","templated":true}]}}