{"id":1246,"date":"2019-08-22T14:25:52","date_gmt":"2019-08-22T12:25:52","guid":{"rendered":"https:\/\/tintoreriasronsel.es\/tienda\/?post_type=product&#038;p=1246"},"modified":"2025-05-20T11:09:36","modified_gmt":"2025-05-20T09:09:36","slug":"sabanas-estandar","status":"publish","type":"product","link":"https:\/\/tintoreriasronsel.es\/tienda\/producto\/sabanas-estandar\/","title":{"rendered":"S\u00e1banas est\u00e1ndar"},"content":{"rendered":"<p>En el proceso de limpieza y desmanchado utilizamos productos que permiten la eliminaci\u00f3n de manchas producidas por accidentes de la vida diaria. La limpieza y en funci\u00f3n de la prenda se realizar\u00e1 en limpieza seco o <em>Wet-Cleaning<\/em>.<\/p>\n<p>En el Lavado Wet-Cleaning utilizamos detergentes biodegradables para un lavado ecol\u00f3gico, que tiene un impacto casi nulo con el medio ambiente.<\/p>\n<p>Asimismo, aplicamos un proceso de desodorizaci\u00f3n encaminado a eliminar olores diversos y desinfectar.<\/p>\n<p>Posteriormente, realizamos un planchado profesional y tradicional,\u00a0 utilizando prensas en donde vaporizamos, estiramos\u00a0 y damos forma a la prenda para que adquiera su apresto y forma original.<\/p>\n","protected":false},"excerpt":{"rendered":"<p>Desmanchado, limpieza y planchado de sabanas <em>est\u00e1ndar,<\/em> de algod\u00f3n o sint\u00e9ticas.<\/p>\n","protected":false},"featured_media":225270,"template":"","meta":{"_acf_changed":false,"_et_pb_use_builder":"","_et_pb_old_content":"","_et_gb_content_width":""},"product_brand":[],"product_cat":[248,209,304],"product_tag":[],"class_list":{"0":"post-1246","1":"product","2":"type-product","3":"status-publish","4":"has-post-thumbnail","6":"product_cat-prendas-del-hogar","7":"product_cat-ropa-de-cama","8":"product_cat-sabanas","10":"first","11":"instock","12":"taxable","13":"shipping-taxable","14":"purchasable","15":"product-type-variable"},"acf":[],"_links":{"self":[{"href":"https:\/\/tintoreriasronsel.es\/tienda\/wp-json\/wp\/v2\/product\/1246","targetHints":{"allow":["GET"]}}],"collection":[{"href":"https:\/\/tintoreriasronsel.es\/tienda\/wp-json\/wp\/v2\/product"}],"about":[{"href":"https:\/\/tintoreriasronsel.es\/tienda\/wp-json\/wp\/v2\/types\/product"}],"wp:featuredmedia":[{"embeddable":true,"href":"https:\/\/tintoreriasronsel.es\/tienda\/wp-json\/wp\/v2\/media\/225270"}],"wp:attachment":[{"href":"https:\/\/tintoreriasronsel.es\/tienda\/wp-json\/wp\/v2\/media?parent=1246"}],"wp:term":[{"taxonomy":"product_brand","embeddable":true,"href":"https:\/\/tintoreriasronsel.es\/tienda\/wp-json\/wp\/v2\/product_brand?post=1246"},{"taxonomy":"product_cat","embeddable":true,"href":"https:\/\/tintoreriasronsel.es\/tienda\/wp-json\/wp\/v2\/product_cat?post=1246"},{"taxonomy":"product_tag","embeddable":true,"href":"https:\/\/tintoreriasronsel.es\/tienda\/wp-json\/wp\/v2\/product_tag?post=1246"}],"curies":[{"name":"wp","href":"https:\/\/api.w.org\/{rel}","templated":true}]}}