{"id":554,"date":"2019-08-09T13:16:00","date_gmt":"2019-08-09T11:16:00","guid":{"rendered":"https:\/\/tintoreriasronsel.es\/tienda\/politica-de-cookies\/"},"modified":"2026-03-04T16:45:18","modified_gmt":"2026-03-04T15:45:18","slug":"politica-de-cookies","status":"publish","type":"page","link":"https:\/\/tintoreriasronsel.es\/tienda\/politica-de-cookies\/","title":{"rendered":"Pol\u00edtica de cookies"},"content":{"rendered":"<p>[et_pb_section fb_built=\u00bb1&#8243; _builder_version=\u00bb4.27.4&#8243; background_color=\u00bbRGBA(255,255,255,0)\u00bb da_disable_devices=\u00bboff|off|off\u00bb global_colors_info=\u00bb{}\u00bb da_is_popup=\u00bboff\u00bb da_exit_intent=\u00bboff\u00bb da_has_close=\u00bbon\u00bb da_alt_close=\u00bboff\u00bb da_dark_close=\u00bboff\u00bb da_not_modal=\u00bbon\u00bb da_is_singular=\u00bboff\u00bb da_with_loader=\u00bboff\u00bb da_has_shadow=\u00bbon\u00bb][et_pb_row _builder_version=\u00bb4.16&#8243; background_size=\u00bbinitial\u00bb background_position=\u00bbtop_left\u00bb background_repeat=\u00bbrepeat\u00bb global_colors_info=\u00bb{}\u00bb][et_pb_column type=\u00bb4_4&#8243; _builder_version=\u00bb4.16&#8243; custom_padding=\u00bb|||\u00bb global_colors_info=\u00bb{}\u00bb custom_padding__hover=\u00bb|||\u00bb][et_pb_accordion _builder_version=\u00bb4.27.4&#8243; _module_preset=\u00bb72ac338d-d24b-40d2-bcf8-57071541d048&#8243; global_colors_info=\u00bb{}\u00bb][et_pb_accordion_item title=\u00bbDefiniciones\u00bb open=\u00bbon\u00bb _builder_version=\u00bb4.27.4&#8243; _module_preset=\u00bb14fb59e1-df35-4007-874d-638223f4979b\u00bb global_colors_info=\u00bb{}\u00bb]<\/p>\n<p class=\"bg-success\">Cookie es un fichero que se descarga en su ordenador al acceder a determinadas p\u00e1ginas web, Smartphone, Tablet o dispositivo an\u00e1logo. Las cookies permiten a una p\u00e1gina web, entre otras cosas, almacenar y recuperar informaci\u00f3n sobre los h\u00e1bitos de navegaci\u00f3n de un usuario o de su equipo y, dependiendo de la informaci\u00f3n que contengan y de la forma en que utilice su equipo, pueden utilizarse para reconocer al usuario.<\/p>\n<p>El navegador del usuario memoriza cookies en el disco duro solamente durante la sesi\u00f3n actual ocupando un espacio de memoria m\u00ednimo y no perjudicando al ordenador. Las cookies no contienen ninguna clase de informaci\u00f3n personal espec\u00edfica, y la mayor\u00eda de las mismas se borran del disco duro al finalizar la sesi\u00f3n de navegador (las denominadas cookies de sesi\u00f3n).<\/p>\n<h4>\u00bfQu\u00e9 tipos de cookies utiliza esta p\u00e1gina web?<\/h4>\n<p>[\/et_pb_accordion_item][et_pb_accordion_item title=\u00bb1. Cookies de Rendimiento\u00bb _builder_version=\u00bb4.27.4&#8243; _module_preset=\u00bb815207fe-a295-4ce1-8523-8f522b9f74a3&#8243; global_colors_info=\u00bb{}\u00bb open=\u00bboff\u00bb]<\/p>\n<div class=\"panel-body table-responsive\">\n<table border=\"1\" cellpadding=\"0\" cellspacing=\"0\">\n<tbody>\n<tr>\n<td colspan=\"2\" class=\"default-bg-yellow-1 padd-20\">\n<h6>Estas Cookies se utilizan para mejorar tu experiencia de navegaci\u00f3n y optimizar el funcionamiento de nuestros sitios web. Almacenan configuraciones de servicios para que no tengas que reconfigurarlos cada vez que nos visitas.<\/h6>\n<\/td>\n<\/tr>\n<tr>\n<td>Nombre\/Proveedor<\/td>\n<td>Finalidad<\/td>\n<\/tr>\n<tr>\n<td class=\"cookie-class\">\n<p>__smVID \/ Google Tag Manager<\/p>\n<p>CookieConsent \/ Cookiebot<\/p>\n<\/td>\n<td>\n<ul class=\"cookies-properties cookie-list\">\n<li>Velocidades de transmisi\u00f3n de v\u00eddeo \u00f3ptimas.<\/li>\n<li>Contenidos adaptados a tu navegaci\u00f3n.<\/li>\n<li>Facilidad de viralizar el contenido de tu preferencia.<\/li>\n<li>Almacena la compra realizada en un \u201ccarrito de la compra\u201d en los Servicios de E-commerce.<\/li>\n<\/ul>\n<\/td>\n<\/tr>\n<\/tbody>\n<\/table>\n<\/div>\n<p>[\/et_pb_accordion_item][et_pb_accordion_item title=\u00bb2. Cookies de Geolocalizaci\u00f3n\u00bb _builder_version=\u00bb4.27.4&#8243; _module_preset=\u00bb815207fe-a295-4ce1-8523-8f522b9f74a3&#8243; global_colors_info=\u00bb{}\u00bb open=\u00bboff\u00bb]<\/p>\n<div class=\"panel-body\">\n<table border=\"1\" cellpadding=\"1\" cellspacing=\"1\">\n<tbody>\n<tr>\n<td colspan=\"2\" class=\"default-bg-yellow-1 padd-20\">\n<h6>Estas Cookies se utilizan para almacenar datos de geolocalizaci\u00f3n del ordenador o dispositivo para ofrecerte contenidos y servicios m\u00e1s adecuados.<\/h6>\n<\/td>\n<\/tr>\n<tr><\/tr>\n<tr>\n<td>Nombre\/Proveedor<\/td>\n<td>Finalidad<\/td>\n<\/tr>\n<tr>\n<td class=\"cookie-class\">GPS \/ YouTube<\/td>\n<td>\n<ul class=\"cookies-properties cookie-list\">\n<li>Contenidos ajustados al pa\u00eds, ciudad, idioma, etc.<\/li>\n<\/ul>\n<\/td>\n<\/tr>\n<\/tbody>\n<\/table>\n<\/div>\n<p>[\/et_pb_accordion_item][et_pb_accordion_item title=\u00bb3. Cookies de Registro\u00bb _builder_version=\u00bb4.27.4&#8243; _module_preset=\u00bb815207fe-a295-4ce1-8523-8f522b9f74a3&#8243; global_colors_info=\u00bb{}\u00bb open=\u00bboff\u00bb]<\/p>\n<div class=\"panel-body table-responsive\">\n<table border=\"1\" cellpadding=\"1\" cellspacing=\"1\">\n<tbody>\n<tr>\n<td colspan=\"2\" class=\"default-bg-yellow-1 padd-20\">\n<h6>Las Cookies de registro se crean al registrarte o cuando inicias sesi\u00f3n en uno de nuestros portales web.<\/h6>\n<\/td>\n<\/tr>\n<tr><\/tr>\n<tr>\n<td>Nombre\/Proveedor<\/td>\n<td>Finalidad<\/td>\n<\/tr>\n<tr>\n<td class=\"cookie-class\">__smSessionId \/ Sumo<\/td>\n<td>\n<ul class=\"cookies-properties cookie-list\">\n<li>Puedes mantenerte autenticado aunque cierres el navegador, as\u00ed cuando vuelvas seguir\u00e1s identificado a menos que te desconectes o cierres la sesi\u00f3n.<\/li>\n<li>Para acceder a ciertas zonas de nuestros portales web, por ejemplo para participar en un concurso.<\/li>\n<\/ul>\n<\/td>\n<\/tr>\n<\/tbody>\n<\/table>\n<\/div>\n<p>[\/et_pb_accordion_item][et_pb_accordion_item title=\u00bb4. Cookies Anal\u00edticas\u00bb _builder_version=\u00bb4.27.4&#8243; _module_preset=\u00bb815207fe-a295-4ce1-8523-8f522b9f74a3&#8243; global_colors_info=\u00bb{}\u00bb open=\u00bboff\u00bb]<\/p>\n<div class=\"panel panel-default legal\">\n<div class=\"panel-heading\">\n<p>&nbsp;<\/p>\n<\/div>\n<div id=\"collapse4\" class=\"panel-collapse collapse in\" aria-expanded=\"true\">\n<div class=\"panel-body table-responsive\">\n<table border=\"1\" cellpadding=\"1\" cellspacing=\"1\">\n<tbody>\n<tr>\n<td colspan=\"2\" class=\"default-bg-yellow-1 padd-20\">\n<h6>Estas Cookies recopilan informaci\u00f3n de tu experiencia de navegaci\u00f3n en nuestros portales web de forma totalmente an\u00f3nima. &#8211; Podemos contabilizar el n\u00famero de visitantes de la p\u00e1gina o los contenidos m\u00e1s vistos.<\/h6>\n<\/td>\n<\/tr>\n<tr><\/tr>\n<tr>\n<td>Nombre\/Proveedor<\/td>\n<td>Finalidad<\/td>\n<\/tr>\n<tr>\n<td class=\"cookie-class\">\n<p>_ga \/ Google Tag Manager<\/p>\n<p>_gat \/ Google Tag Manager<\/p>\n<p>_gid \/ Google Tag Manager<\/p>\n<\/td>\n<td>\n<ul class=\"cookies-properties cookie-list\">\n<li>Podemos saber si el usuario que est\u00e1 accediendo es nuevo o repite visita.<\/li>\n<li>Esa informaci\u00f3n puede ayudarnos a mejorar la navegaci\u00f3n y darte un mejor servicio.<\/li>\n<\/ul>\n<\/td>\n<\/tr>\n<\/tbody>\n<\/table>\n<\/div>\n<\/div>\n<\/div>\n<p>[\/et_pb_accordion_item][et_pb_accordion_item title=\u00bb5. Cookies de Publicidad\u00bb _builder_version=\u00bb4.27.4&#8243; _module_preset=\u00bb815207fe-a295-4ce1-8523-8f522b9f74a3&#8243; global_colors_info=\u00bb{}\u00bb open=\u00bboff\u00bb]<\/p>\n<div class=\"panel panel-default legal\">\n<div class=\"panel-heading\">\n<p>&nbsp;<\/p>\n<\/div>\n<div id=\"collapse5\" class=\"panel-collapse collapse in\" aria-expanded=\"true\">\n<div class=\"panel-body table-responsive\">\n<table border=\"1\" cellpadding=\"1\" cellspacing=\"1\">\n<tbody>\n<tr>\n<td colspan=\"2\" class=\"default-bg-yellow-1 padd-20\">\n<h6>Estas Cookies recogen informaci\u00f3n sobre los anuncios mostrados a cada usuario an\u00f3nimo en los portales web. &#8211; Adaptar la publicidad al tipo de dispositivo desde el que el usuario se est\u00e1 conectando.<\/h6>\n<\/td>\n<\/tr>\n<tr><\/tr>\n<tr>\n<td>Nombre\/Proveedor<\/td>\n<td>Finalidad<\/td>\n<\/tr>\n<tr>\n<td class=\"cookie-class\">\n<p>IDE \/ Google<\/p>\n<p>r\/collect \/ Google<\/p>\n<p>test_cookie \/ Google<\/p>\n<p>NID \/ Google<\/p>\n<p>VISITOR_INFO1_LIVE YouTube<\/p>\n<p>YSC \/ YouTube<\/p>\n<p>yt-remote-cast-installed \/ YouTube<\/p>\n<p>yt-remote-connected-devices \/ YouTube<\/p>\n<p>yt-remote-device-id \/ YouTube<\/p>\n<p>yt-remote-fast-check-period \/ YouTube<\/p>\n<p>yt-remote-session-app \/ YouTube<\/p>\n<p>yt-remote-session-name \/ YouTube<\/p>\n<p>pagead\/1p-conversion\/# \/ Google<\/p>\n<\/td>\n<td>\n<ul class=\"cookies-properties cookie-list\">\n<li>Proporcionar anuncios gestionados a trav\u00e9s de terceros (\u201cAd-servers\u201d) que son mostrados en la p\u00e1gina en tiempo real.<\/li>\n<li>Conocer informaci\u00f3n sobre el resultado de las campa\u00f1as como el n\u00famero de clicks, duraci\u00f3n, frecuencia de visualizaci\u00f3n, etc.<\/li>\n<li>Ofrecerte publicidad de inter\u00e9s con base en tus h\u00e1bitos de navegaci\u00f3n.<\/li>\n<\/ul>\n<\/td>\n<\/tr>\n<\/tbody>\n<\/table>\n<\/div>\n<\/div>\n<\/div>\n<p>[\/et_pb_accordion_item][et_pb_accordion_item title=\u00bbDesactivaci\u00f3n de cookies\u00bb _builder_version=\u00bb4.27.4&#8243; _module_preset=\u00bb14fb59e1-df35-4007-874d-638223f4979b\u00bb global_colors_info=\u00bb{}\u00bb open=\u00bboff\u00bb]<\/p>\n<p><span>El usuario podr\u00e1 -en cualquier momento- elegir qu\u00e9 cookies quiere que funcionen en este sitio web mediante la configuraci\u00f3n del\u00a0navegador; por ejemplo:<\/span><\/p>\n<ul class=\"url-go\">\n<li class=\"url-go\"><a href=\"https:\/\/support.google.com\/chrome\/answer\/95647?hl=es\" target=\"_blank\" rel=\"noopener nofollow\"><strong>Google Chrome<\/strong>, desde este enlace.<\/a><\/li>\n<li class=\"url-go\"><a href=\"https:\/\/support.microsoft.com\/es-es\/windows\/administrar-cookies-en-microsoft-edge-ver-permitir-bloquear-eliminar-y-usar-168dab11-0753-043d-7c16-ede5947fc64d\" target=\"_blank\" rel=\"noopener nofollow\"><strong>Microsoft Edge<\/strong> \/ <strong>Explorer<\/strong>, desde este enlace.<\/a><\/li>\n<li class=\"url-go\"><a href=\"https:\/\/support.mozilla.org\/es\/kb\/habilitar-y-deshabilitar-cookies-sitios-web-rastrear-preferencias?redirectslug=habilitar-y-deshabilitar-cookies-que-los-sitios-we&amp;redirectlocale=es\" target=\"_blank\" rel=\"noopener nofollow\"><strong>Mozilla Firefox<\/strong>, desde este enlace.<\/a><\/li>\n<li class=\"url-go\"><a href=\"https:\/\/support.apple.com\/es-es\/guide\/iphone\/iph1ec277219\/18.0\/ios\/18.0\" target=\"_blank\" rel=\"noopener nofollow\"><strong>Safari<\/strong>, desde este enlace.<\/a><\/li>\n<\/ul>\n<p>[\/et_pb_accordion_item][et_pb_accordion_item title=\u00bbActualizaci\u00f3n de la pol\u00edtica de cookies\u00bb _builder_version=\u00bb4.27.4&#8243; _module_preset=\u00bb14fb59e1-df35-4007-874d-638223f4979b\u00bb global_colors_info=\u00bb{}\u00bb open=\u00bboff\u00bb]<\/p>\n<div class=\"bg-success\">Es posible que actualicemos la Pol\u00edtica de Cookies de nuestro Sitio Web, por ello le recomendamos revisar esta pol\u00edtica cada vez que acceda a nuestro Sitio Web con el objetivo de estar adecuadamente informado sobre c\u00f3mo y para qu\u00e9 usamos las cookies.<\/div>\n<aside class=\"col-md-3 col-md-pull-6\">\n<div class=\"\">\n<div class=\"image-box style-2 mb-20 shadow bordered light-gray-bg text-center\">\n<div class=\"body verde-difuso\"><\/div>\n<\/div>\n<\/div>\n<\/aside>\n<p>[\/et_pb_accordion_item][\/et_pb_accordion][\/et_pb_column][\/et_pb_row][\/et_pb_section]<\/p>\n","protected":false},"excerpt":{"rendered":"<p>Nuestra pol\u00edtica de cookies define que, entre otras cosas, las cookies nos permiten reconocer al usuario, y la mayor\u00eda de las mismas se borran del disco duro al finalizar la sesi\u00f3n de navegador.<\/p>\n","protected":false},"author":2,"featured_media":0,"parent":0,"menu_order":0,"comment_status":"closed","ping_status":"closed","template":"","meta":{"_acf_changed":false,"_et_pb_use_builder":"on","_et_pb_old_content":"<h1>Pol\u00edtica de cookies<\/h1><p>Una <em>cookie<\/em> es un peque\u00f1o fichero de texto que se almacena en su navegador cuando visita casi cualquier p\u00e1gina web. Su utilidad es que la web sea capaz de recordar su visita cuando vuelva a navegar por esa p\u00e1gina. Las <em>cookies<\/em> suelen almacenar informaci\u00f3n de car\u00e1cter t\u00e9cnico, preferencias personales, personalizaci\u00f3n de contenidos, estad\u00edsticas de uso, enlaces a redes sociales, acceso a cuentas de usuario, etc. El objetivo de la <em>cookie<\/em> es adaptar el contenido de la web a su perfil y necesidades, sin <em>cookies<\/em> los servicios ofrecidos por cualquier p\u00e1gina se ver\u00edan mermados notablemente. Si desea consultar m\u00e1s informaci\u00f3n sobre qu\u00e9 son las <em>cookies<\/em>, qu\u00e9 almacenan, c\u00f3mo eliminarlas, desactivarlas, etc., <a href=\"https:\/\/tintoreriasronsel.es\/tienda\/mas-informacion-sobre-las-cookies\/\">le rogamos se dirija a este enlace.<\/a><\/p><h2>Cookies utilizadas en este sitio web<\/h2><p>Siguiendo las directrices de la Agencia Espa\u00f1ola de Protecci\u00f3n de Datos procedemos a detallar el uso de <em>cookies<\/em> que hace esta web con el fin de informarle con la m\u00e1xima exactitud posible.<\/p><p>Este sitio web utiliza las siguientes <strong>cookies propias<\/strong>:<\/p><ul><li>Cookies de sesi\u00f3n, para garantizar que los usuarios que escriban comentarios en el blog sean humanos y no aplicaciones automatizadas. De esta forma se combate el <em>spam<\/em>.<\/li><\/ul><p>Este sitio web utiliza las siguientes <strong>cookies de terceros<\/strong>:<\/p><ul><li>Google Analytics: Almacena <em>cookies<\/em> para poder elaborar estad\u00edsticas sobre el tr\u00e1fico y volumen de visitas de esta web. Al utilizar este sitio web est\u00e1 consintiendo el tratamiento de informaci\u00f3n acerca de usted por Google. Por tanto, el ejercicio de cualquier derecho en este sentido deber\u00e1 hacerlo comunicando directamente con Google.<\/li><li>Redes sociales: Cada red social utiliza sus propias <em>cookies<\/em> para que usted pueda pinchar en botones del tipo <em>Me gusta<\/em> o <em>Compartir<\/em>.<\/li><\/ul><h2>Desactivaci\u00f3n o eliminaci\u00f3n de cookies<\/h2><p>En cualquier momento podr\u00e1 ejercer su derecho de desactivaci\u00f3n o eliminaci\u00f3n de cookies de este sitio web. Estas acciones se realizan de forma diferente en funci\u00f3n del navegador que est\u00e9 usando. <a href=\"https:\/\/tintoreriasronsel.es\/tienda\/mas-informacion-sobre-las-cookies\/#navegadores\">Aqu\u00ed le dejamos una gu\u00eda r\u00e1pida para los navegadores m\u00e1s populares<\/a>.<\/p><h2>Notas adicionales<\/h2><ul><li>Ni esta web ni sus representantes legales se hacen responsables ni del contenido ni de la veracidad de las pol\u00edticas de privacidad que puedan tener los terceros mencionados en esta pol\u00edtica de <em>cookies<\/em>.<\/li><li>Los navegadores web son las herramientas encargadas de almacenar las <em>cookies<\/em> y desde este lugar debe efectuar su derecho a eliminaci\u00f3n o desactivaci\u00f3n de las mismas. Ni esta web ni sus representantes legales pueden garantizar la correcta o incorrecta manipulaci\u00f3n de las <em>cookies<\/em> por parte de los mencionados navegadores.<\/li><li>En algunos casos es necesario instalar <em>cookies<\/em> para que el navegador no olvide su decisi\u00f3n de no aceptaci\u00f3n de las mismas.<\/li><li>En el caso de las <em>cookies<\/em> de Google Analytics, esta empresa almacena las <em>cookies<\/em> en servidores ubicados en Estados Unidos y se compromete a no compartirla con terceros, excepto en los casos en los que sea necesario para el funcionamiento del sistema o cuando la ley obligue a tal efecto. Seg\u00fan Google no guarda su direcci\u00f3n IP. Google Inc. es una compa\u00f1\u00eda adherida al Acuerdo de Puerto Seguro que garantiza que todos los datos transferidos ser\u00e1n tratados con un nivel de protecci\u00f3n acorde a la normativa europea. Puede consultar informaci\u00f3n detallada a este respecto <a href=\"http:\/\/safeharbor.export.gov\/companyinfo.aspx?id=16626\" target=\"_blank\" rel=\"noopener noreferrer\">en este enlace<\/a>. Si desea informaci\u00f3n sobre el uso que Google da a las cookies <a href=\"https:\/\/developers.google.com\/analytics\/devguides\/collection\/analyticsjs\/cookie-usage?hl=es&csw=1\" target=\"_blank\" rel=\"noopener noreferrer\">le adjuntamos este otro enlace<\/a>.<\/li><li>Para cualquier duda o consulta acerca de esta pol\u00edtica de <em>cookies<\/em> no dude en comunicarse con nosotros a trav\u00e9s de la secci\u00f3n de contacto.<\/li><\/ul><p>Asesor de Cookies es un <a href=\"http:\/\/wordpress.org\/plugins\/asesor-cookies-para-la-ley-en-espana\/\" target=\"_blank\" rel=\"noopener noreferrer\">plugin para WordPress<\/a><\/p>","_et_gb_content_width":"","footnotes":""},"class_list":["post-554","page","type-page","status-publish","hentry"],"acf":[],"_links":{"self":[{"href":"https:\/\/tintoreriasronsel.es\/tienda\/wp-json\/wp\/v2\/pages\/554","targetHints":{"allow":["GET"]}}],"collection":[{"href":"https:\/\/tintoreriasronsel.es\/tienda\/wp-json\/wp\/v2\/pages"}],"about":[{"href":"https:\/\/tintoreriasronsel.es\/tienda\/wp-json\/wp\/v2\/types\/page"}],"author":[{"embeddable":true,"href":"https:\/\/tintoreriasronsel.es\/tienda\/wp-json\/wp\/v2\/users\/2"}],"replies":[{"embeddable":true,"href":"https:\/\/tintoreriasronsel.es\/tienda\/wp-json\/wp\/v2\/comments?post=554"}],"version-history":[{"count":0,"href":"https:\/\/tintoreriasronsel.es\/tienda\/wp-json\/wp\/v2\/pages\/554\/revisions"}],"wp:attachment":[{"href":"https:\/\/tintoreriasronsel.es\/tienda\/wp-json\/wp\/v2\/media?parent=554"}],"curies":[{"name":"wp","href":"https:\/\/api.w.org\/{rel}","templated":true}]}}