{"id":505,"date":"2019-08-07T16:15:06","date_gmt":"2019-08-07T14:15:06","guid":{"rendered":"https:\/\/tintoreriasronsel.es\/tienda\/mi-cuenta\/"},"modified":"2022-02-03T19:08:10","modified_gmt":"2022-02-03T18:08:10","slug":"mi-cuenta","status":"publish","type":"page","link":"https:\/\/tintoreriasronsel.es\/tienda\/mi-cuenta\/","title":{"rendered":"Su cuenta"},"content":{"rendered":"[et_pb_section fb_built=\u00bb1&#8243; _builder_version=\u00bb3.22&#8243; da_disable_devices=\u00bboff|off|off\u00bb global_colors_info=\u00bb{}\u00bb theme_builder_area=\u00bbpost_content\u00bb da_is_popup=\u00bboff\u00bb da_exit_intent=\u00bboff\u00bb da_has_close=\u00bbon\u00bb da_alt_close=\u00bboff\u00bb da_dark_close=\u00bboff\u00bb da_not_modal=\u00bbon\u00bb da_is_singular=\u00bboff\u00bb da_with_loader=\u00bboff\u00bb da_has_shadow=\u00bbon\u00bb][et_pb_row _builder_version=\u00bb3.25&#8243; background_size=\u00bbinitial\u00bb background_position=\u00bbtop_left\u00bb background_repeat=\u00bbrepeat\u00bb global_colors_info=\u00bb{}\u00bb theme_builder_area=\u00bbpost_content\u00bb][et_pb_column type=\u00bb4_4&#8243; _builder_version=\u00bb3.25&#8243; custom_padding=\u00bb|||\u00bb global_colors_info=\u00bb{}\u00bb custom_padding__hover=\u00bb|||\u00bb theme_builder_area=\u00bbpost_content\u00bb][et_pb_text _builder_version=\u00bb4.14.7&#8243; _dynamic_attributes=\u00bbcontent\u00bb _module_preset=\u00bbdefault\u00bb hover_enabled=\u00bb0&#8243; global_colors_info=\u00bb{}\u00bb theme_builder_area=\u00bbpost_content\u00bb text_font=\u00bbUbuntuTitling||||||||\u00bb text_font_size=\u00bb36px\u00bb text_letter_spacing=\u00bb-0.05em\u00bb text_text_color=\u00bb#00BBBB\u00bb custom_margin=\u00bb||40px||false|false\u00bb sticky_enabled=\u00bb0&#8243;]@ET-DC@eyJkeW5hbWljIjp0cnVlLCJjb250ZW50IjoicG9zdF90aXRsZSIsInNldHRpbmdzIjp7ImJlZm9yZSI6IiIsImFmdGVyIjoiIn19@[\/et_pb_text][et_pb_text _builder_version=\u00bb3.27.4&#8243; background_size=\u00bbinitial\u00bb background_position=\u00bbtop_left\u00bb background_repeat=\u00bbrepeat\u00bb global_colors_info=\u00bb{}\u00bb theme_builder_area=\u00bbpost_content\u00bb]<p style=\"margin: 0 auto 10px;\">Para hacer sus pedidos debe <strong>crear<span style=\"color: red;\">*<\/span><\/strong>\u00a0una cuenta. Si ya la tiene solo necesita <strong>acceder<\/strong> a su cuenta. Escriba su correo electr\u00f3nico o nombre de usuario, y la contrase\u00f1a.<\/p>\r\n<p style=\"margin: 0 auto 10px;\">(<span style=\"color: red;\">*<\/span>) Si todav\u00eda no tiene cuenta de cliente en Tintorer\u00edas Ronsel, solo tiene que escribir su correo electr\u00f3nico y pulsar en el bot\u00f3n \u00ab<em>Registrarse<\/em>\u00ab; a continuaci\u00f3n le enviaremos un mensaje a su cuenta de correo donde encontrar\u00e1 su <em>usuario<\/em> y una <em>contrase\u00f1a<\/em> asignada autom\u00e1ticamente, la que luego podr\u00e1 cambiar editando el enlace \u00abDetalles de la cuenta\u00bb.<\/p>\r\n<div class=\"woocommerce\"><\/div>\n\r[\/et_pb_text][\/et_pb_column][\/et_pb_row][\/et_pb_section]","protected":false},"excerpt":{"rendered":"<p>En esta p\u00e1gina puede crear una nueva cuenta, o acceder a su cuenta de cliente ya creada. Solo tiene que a\u00f1adir tu correo electr\u00f3nico, o nombre de usuario y contrase\u00f1a. Si no tiene cuenta de cliente, solo tiene que a\u00f1adir su correo electr\u00f3nico y pulsar en el bot\u00f3n \u00abRegistrarse\u00bb; a continuaci\u00f3n deber\u00e1 revisar su correo donde encontrar\u00e1 su usuario y contrase\u00f1a asignados autom\u00e1ticamente, que luego podr\u00e1 cambiar editando el enlace \u00abDetalles de la cuenta\u00bb.<\/p>\n","protected":false},"author":2,"featured_media":0,"parent":0,"menu_order":0,"comment_status":"closed","ping_status":"closed","template":"","meta":{"_acf_changed":false,"_et_pb_use_builder":"on","_et_pb_old_content":"<p style=\"margin: 0 auto 10px;\">Para hacer sus pedidos debe <strong>crear<span style=\"color: red;\">*<\/span><\/strong>\u00a0una cuenta. Si ya la tiene solo necesita <strong>acceder<\/strong> a su cuenta. Escriba su correo electr\u00f3nico o nombre de usuario, y la contrase\u00f1a.<\/p>\r\n<p style=\"margin: 0 auto 10px;\">(<span style=\"color: red;\">*<\/span>) Si todav\u00eda no tiene cuenta de cliente en Tintorer\u00edas Ronsel, solo tiene que escribir su correo electr\u00f3nico y pulsar en el bot\u00f3n \"<em>Registrarse<\/em>\"; a continuaci\u00f3n le enviaremos un mensaje a su cuenta de correo donde encontrar\u00e1 su <em>usuario<\/em> y una <em>contrase\u00f1a<\/em> asignada autom\u00e1ticamente, la que luego podr\u00e1 cambiar editando el enlace \"Detalles de la cuenta\".<\/p>\r\n<!-- wp:shortcode -->\r\n<p>[woocommerce_my_account]<\/p>\r\n<!-- \/wp:shortcode -->","_et_gb_content_width":"","footnotes":""},"class_list":["post-505","page","type-page","status-publish","hentry"],"acf":[],"_links":{"self":[{"href":"https:\/\/tintoreriasronsel.es\/tienda\/wp-json\/wp\/v2\/pages\/505","targetHints":{"allow":["GET"]}}],"collection":[{"href":"https:\/\/tintoreriasronsel.es\/tienda\/wp-json\/wp\/v2\/pages"}],"about":[{"href":"https:\/\/tintoreriasronsel.es\/tienda\/wp-json\/wp\/v2\/types\/page"}],"author":[{"embeddable":true,"href":"https:\/\/tintoreriasronsel.es\/tienda\/wp-json\/wp\/v2\/users\/2"}],"replies":[{"embeddable":true,"href":"https:\/\/tintoreriasronsel.es\/tienda\/wp-json\/wp\/v2\/comments?post=505"}],"version-history":[{"count":0,"href":"https:\/\/tintoreriasronsel.es\/tienda\/wp-json\/wp\/v2\/pages\/505\/revisions"}],"wp:attachment":[{"href":"https:\/\/tintoreriasronsel.es\/tienda\/wp-json\/wp\/v2\/media?parent=505"}],"curies":[{"name":"wp","href":"https:\/\/api.w.org\/{rel}","templated":true}]}}