{"id":3,"date":"2021-03-18T10:00:10","date_gmt":"2021-03-18T09:00:10","guid":{"rendered":"https:\/\/tintoreriasronsel.es\/tienda\/?page_id=3"},"modified":"2026-03-04T16:44:21","modified_gmt":"2026-03-04T15:44:21","slug":"politica-privacidad","status":"publish","type":"page","link":"https:\/\/tintoreriasronsel.es\/tienda\/politica-privacidad\/","title":{"rendered":"Pol\u00edtica de privacidad"},"content":{"rendered":"<p>[et_pb_section fb_built=\u00bb1&#8243; admin_label=\u00bbP.Privacidad\u00bb _builder_version=\u00bb4.16&#8243; _module_preset=\u00bbdefault\u00bb background_color=\u00bbRGBA(0,0,0,0)\u00bb custom_padding=\u00bb||10px|||\u00bb da_disable_devices=\u00bboff|off|off\u00bb global_colors_info=\u00bb{}\u00bb da_is_popup=\u00bboff\u00bb da_exit_intent=\u00bboff\u00bb da_has_close=\u00bbon\u00bb da_alt_close=\u00bboff\u00bb da_dark_close=\u00bboff\u00bb da_not_modal=\u00bbon\u00bb da_is_singular=\u00bboff\u00bb da_with_loader=\u00bboff\u00bb da_has_shadow=\u00bbon\u00bb][et_pb_row _builder_version=\u00bb4.16&#8243; _module_preset=\u00bbdefault\u00bb global_colors_info=\u00bb{}\u00bb][et_pb_column type=\u00bb4_4&#8243; _builder_version=\u00bb4.16&#8243; _module_preset=\u00bbdefault\u00bb global_colors_info=\u00bb{}\u00bb][et_pb_accordion _builder_version=\u00bb4.27.4&#8243; _module_preset=\u00bb72ac338d-d24b-40d2-bcf8-57071541d048&#8243; toggle_font_size=\u00bb30px\u00bb body_ol_item_indent=\u00bb40px\u00bb global_colors_info=\u00bb{}\u00bb][et_pb_accordion_item title=\u00bbI. RESPONSABLE\u00bb _builder_version=\u00bb4.27.4&#8243; _module_preset=\u00bb815207fe-a295-4ce1-8523-8f522b9f74a3&#8243; global_colors_info=\u00bb{}\u00bb open=\u00bbon\u00bb]<\/p>\n<p><a name=\"responsable-politica-privacidad\"><\/a><\/p>\n<h2>\u00bfQui\u00e9n es el responsable de tratamiento de sus datos?<\/h2>\n<p><strong>Raz\u00f3n social<\/strong>: MODISTILLA Y RONSEL, S.L.<\/p>\n<p><strong>CIF<\/strong>: B87063921<\/p>\n<p><strong>Domicilio<\/strong>: Calle Doctor Fleming 24 Local. 28036 Madrid<\/p>\n<p><strong>Tel\u00e9fono<\/strong>: 680590069<\/p>\n<p class=\"mb-panel\"><strong>Correo electr\u00f3nico<\/strong>: CORREO@TINTORERIASRONSEL.ES<\/p>\n<p>[\/et_pb_accordion_item][et_pb_accordion_item title=\u00bbII. FINALIDAD\u00bb open=\u00bboff\u00bb _builder_version=\u00bb4.27.4&#8243; _module_preset=\u00bb815207fe-a295-4ce1-8523-8f522b9f74a3&#8243; global_colors_info=\u00bb{}\u00bb]<\/p>\n<h2>\u00bfCon que finalidad trataremos sus datos personales?<\/h2>\n<p>En MODISTILLA Y RONSEL, S.L. trataremos su informaci\u00f3n para:<\/p>\n<ul class=\"list-sin-ord-accordion\">\n<li>Mantenimiento de la relaci\u00f3n mercantil y prestaci\u00f3n del servicio contratado.<\/li>\n<li>Env\u00edo de informaci\u00f3n comercial vinculadas con nuestro sector como tintorer\u00eda.<\/li>\n<li>Realizaci\u00f3n de un presupuesto ajustado a sus necesidades.<\/li>\n<li>Gestionar comunicaciones por correo electr\u00f3nico con interesados.<\/li>\n<li>Llevar a cabo los procesos de selecci\u00f3n de la sociedad.<\/li>\n<li>Controlar la seguridad de las instalaciones (videovigilancia).<\/li>\n<li>Gesti\u00f3n de los empleados y recursos humanos de la sociedad.<\/li>\n<\/ul>\n<h2 class=\"title-legal\">\u00bfDurante cu\u00e1nto tiempo tendremos sus datos?<\/h2>\n<p>Los datos personales que nos proporciones ser\u00e1n conservados mientras se mantenga la relaci\u00f3n mercantil vigente. No obstante para tener la m\u00e1xima transparencia con usted le indicamos que los c\u00f3mputos generales con los que trabajamos son:<\/p>\n<ul class=\"list-sin-ord-accordion\">\n<li>Contable, fiscal y laboral: seis (6) a\u00f1os.<\/li>\n<li>Laboral: seis (6) a\u00f1os.<\/li>\n<li>Videovigilancia: treinta (30) d\u00edas, salvo grabaci\u00f3n de una infracci\u00f3n y\/o delito.<\/li>\n<li>Asimismo, dado el env\u00edo de informaci\u00f3n comercial, aunque se ponga fin a la relaci\u00f3n entre las partes, MODISTILLA Y RONSEL, S.L. seguir\u00e1 conservando su informaci\u00f3n para el env\u00edo de newsletters vinculadas con nuestros productos y servicios1. Siempre podr\u00e1 ejercitar los derechos que le reconoce la normativa vigente poni\u00e9ndose en contacto a trav\u00e9s de la v\u00eda que le sea m\u00e1s c\u00f3moda.<\/li>\n<\/ul>\n<p style=\"background-color: rgba(179, 223, 0, 0.7); padding: 20px 30px;\">No obstante pese a la existencia de estos plazos generales, le informamos que de forma peri\u00f3dica revisaremos nuestros sistemas para proceder a eliminar aquellos datos que no sean legalmente necesarios.<\/p>\n<p>[\/et_pb_accordion_item][et_pb_accordion_item title=\u00bbIII. LEGITIMACI\u00d3N\u00bb _builder_version=\u00bb4.27.4&#8243; _module_preset=\u00bb815207fe-a295-4ce1-8523-8f522b9f74a3&#8243; global_colors_info=\u00bb{}\u00bb open=\u00bboff\u00bb]<\/p>\n<h5>Seg\u00fan las finalidades de la recogida de nuestros datos, el tratamiento de sus datos es necesario:<\/h5>\n<ol class=\"list-1-ord-accordion\">\n<li>Gestionar la relaci\u00f3n mercantil que ha suscrito y contratado con nosotros.\n<ol class=\"list-a-ord-accordion\">\n<li>Ejecuci\u00f3n de un contrato (habilitado por el art\u00edculo 6.1.b RGPD).<\/li>\n<li>Consentimiento del interesado (habitado por el art\u00edculo 6.1.a RGPD).<\/li>\n<\/ol>\n<\/li>\n<li>Env\u00edo de comunicaciones comerciales.\n<ol class=\"list-a-ord-accordion\">\n<li>Consentimiento del interesado (habilitado por el art\u00edculo 6.1. RGPD).<\/li>\n<li>Consentimiento del interesado (habilitado por el art\u00edculo 20 LSSICE).<\/li>\n<li>Inter\u00e9s leg\u00edtimo (habilitado por el art\u00edculo 6.1.f RGPD).<\/li>\n<\/ol>\n<\/li>\n<li>Realizaci\u00f3n de un presupuesto ajustado a sus necesidades.\n<ol class=\"list-a-ord-accordion\">\n<li>Consentimiento del interesado (habitado por el art\u00edculo 6.1.a RGPD).<\/li>\n<\/ol>\n<\/li>\n<li>Gestionar comunicaciones por correo electr\u00f3nico con interesados.\n<ol class=\"list-a-ord-accordion\">\n<li>Consentimiento del interesado (habitado por el art\u00edculo 6.1.a RGPD).<\/li>\n<li>Inter\u00e9s leg\u00edtimo (habilitado por el art\u00edculo 6.1.f RGPD).<\/li>\n<\/ol>\n<\/li>\n<li>Controlar la seguridad de las instalaciones (videovigilancia).\n<ol class=\"list-a-ord-accordion\">\n<li>Inter\u00e9s leg\u00edtimo (habilitado por el art\u00edculo 6.1.f RGPD).<\/li>\n<\/ol>\n<\/li>\n<li>Gesti\u00f3n de los empleados y recursos humanos internos de la sociedad.\n<ol class=\"list-a-ord-accordion\">\n<li>Ejecuci\u00f3n contractual (habilitado por el art\u00edculo 6.1.b RGPD).<\/li>\n<\/ol>\n<\/li>\n<\/ol>\n<p style=\"background-color: rgba(255, 255, 163, 1); padding: 10px;\">Asimismo, todos los datos recogidos son necesarios para la prestaci\u00f3n del servicio. No obstante, aquellos datos que est\u00e9n marcados con un asterisco (*) ser\u00e1n obligatorios. En el caso de que los datos obligatorios no fueran facilitados MODISTILLA Y RONSEL, S.L.Z no podr\u00e1 prestarle el servicio contratado.<\/p>\n<p>[\/et_pb_accordion_item][et_pb_accordion_item title=\u00bbIV. DERECHOS QUE LES ASISTEN A LAS PERSONAS INTERESADAS. \t\t\t\t\t\t\t\t\t\t\t\u00bb _builder_version=\u00bb4.27.4&#8243; _module_preset=\u00bb815207fe-a295-4ce1-8523-8f522b9f74a3&#8243; global_colors_info=\u00bb{}\u00bb open=\u00bboff\u00bb]<\/p>\n<h2 class=\"title-legal\">\u00bfQu\u00e9 derechos tengo en materia de protecci\u00f3n de datos?<\/h2>\n<p>Puede ejercitar cualquiera de los siguientes derechos comunic\u00e1ndonoslo a la direcci\u00f3n postal C\/ JOSE ORTEGA Y GASET, 84 5\u00b0- 28006 MADRID o a la direcci\u00f3n electr\u00f3nica indicada en el encabezado (CORREO@TINTORERIASRONSEL.ES). En todo caso, seg\u00fan la normativa vigente tiene reconocido el:<\/p>\n<ul class=\"list-sin-ord-accordion\">\n<li>Derecho a solicitar el acceso a los datos personales relativos al interesado.<\/li>\n<li>Derecho a solicitar su rectificaci\u00f3n o supresi\u00f3n.<\/li>\n<li>Derecho a solicitar la limitaci\u00f3n del tratamiento.<\/li>\n<li>Derecho a oponerse al tratamiento.<\/li>\n<li>Derecho a la portabilidad.<\/li>\n<\/ul>\n<div style=\"background-color: rgba(255, 255, 163, 1); padding: 40px 60px;\">\n<h4 style=\"background-color: rgba(255, 255, 163, 1); padding: 40px 60px;\">Para conocer y ejercitar sus derechos, usted puede acceder a los contenidos y formularios dispuestos para tal fin.<\/h4>\n<p><a class=\"btn-legal\" href=\"https:\/\/tintoreriasronsel.es\/procedimientos-de-respuesta-al-ejercicio-de-derechos_tintorerias-ronsel.shtml\">Procedimientos y derechos de las personas interesadas <i class=\"fa fa-arrow-right\" aria-hidden=\"true\"><\/i> <\/a>Adicionalmente, puede presentar una reclamaci\u00f3n ante la Agencia Espa\u00f1ola de Protecci\u00f3n de Datos (AEPD). M\u00e1s informaci\u00f3n en el Apartado VII de esta misma p\u00e1gina.<\/p>\n<\/div>\n<p>[\/et_pb_accordion_item][et_pb_accordion_item title=\u00bbV. DESTINATARIOS. \t\t\t\t\t\t\t\t\t\t\t\u00bb _builder_version=\u00bb4.27.4&#8243; _module_preset=\u00bb815207fe-a295-4ce1-8523-8f522b9f74a3&#8243; global_colors_info=\u00bb{}\u00bb open=\u00bboff\u00bb]<\/p>\n<h2 class=\"title-legal\">\u00bfA qu\u00e9 destinatarios se comunicar\u00e1n sus datos?<\/h2>\n<p>Sus datos no ser\u00e1n comunicados a terceras empresas.<\/p>\n<p class=\"mb-panel\">Asimismo, le informamos que sus datos no se transferir\u00e1n internacionalmente a ning\u00fan tercer pa\u00eds.<\/p>\n<p>[\/et_pb_accordion_item][et_pb_accordion_item title=\u00bbVI. PROCEDENCIA DE SUS DATOS\u00bb _builder_version=\u00bb4.27.4&#8243; _module_preset=\u00bb815207fe-a295-4ce1-8523-8f522b9f74a3&#8243; global_colors_info=\u00bb{}\u00bb open=\u00bboff\u00bb]<\/p>\n<h2 class=\"title-legal\">\u00bfC\u00f3mo hemos obtenido sus datos?<\/h2>\n<p>Los datos de car\u00e1cter personal que utiliza MODISTILLA Y RONSEL, S.L. proceden del propio interesado.<\/p>\n<h2 class=\"title-legal\">\u00bfQu\u00e9 categor\u00edas de datos manejamos?<\/h2>\n<p>Las categor\u00edas de datos de car\u00e1cter personal que se tratan:<\/p>\n<ul class=\"list-sin-ord-accordion\">\n<li>Datos de identificaci\u00f3n.\n<ul class=\"list-sin-ord-2nivel\">\n<li>Nombre.<\/li>\n<li>Apellidos.<\/li>\n<li>DNI \/ NIE \/ Pasaporte o documento equivalente.<\/li>\n<li>Direcciones postales.<\/li>\n<li>Direcciones electr\u00f3nicas.<\/li>\n<li>Sexo.<\/li>\n<li>Fecha de nacimiento.<\/li>\n<li>Lugar de nacimiento.<\/li>\n<\/ul>\n<\/li>\n<li>Informaci\u00f3n comercial.<\/li>\n<li>Datos econ\u00f3micos.\n<ul class=\"list-sin-ord-2nivel\">\n<li>N\u00famero de cuenta bancaria.<\/li>\n<li>N\u00famero de tarjeta de cr\u00e9dito.<\/li>\n<\/ul>\n<\/li>\n<li>Videovigilancia.\n<ul class=\"list-sin-ord-2nivel\">\n<li>Imagen.<\/li>\n<\/ul>\n<\/li>\n<\/ul>\n<p style=\"background-color: rgba(255, 255, 163, 1); padding: 40px 60px;\">MODISTILLA Y RONSEL, S.L.no trata datos especialmente protegidos.<\/p>\n<p>[\/et_pb_accordion_item][et_pb_accordion_item title=\u00bbVII. AUTORIDAD DE CONTROL\u00bb _builder_version=\u00bb4.27.4&#8243; _module_preset=\u00bb815207fe-a295-4ce1-8523-8f522b9f74a3&#8243; global_colors_info=\u00bb{}\u00bb open=\u00bboff\u00bb]<\/p>\n<p>Desde MODISTILLA Y RONSEL, S.L. ponemos el m\u00e1ximo empe\u00f1o para cumplir con la normativa de protecci\u00f3n de datos dado que es el activo m\u00e1s valioso para nosotros. No obstante, le informamos que en caso de que usted entienda que sus derechos se han visto menoscabados, puede presentar una reclamaci\u00f3n ante la Agencia Espa\u00f1ola de Protecci\u00f3n de Datos (AEPD), sita en C\/ Jorge Juan, 6. 28001 \u2013 Madrid.<\/p>\n<h5><a class=\"enlace-black-underline\" href=\"http:\/\/www.agpd.es\/\" target=\"_blank\" rel=\"noopener nofollow\">M\u00e1s informaci\u00f3n sobre la AEPD<\/a>.<\/h5>\n<p>[\/et_pb_accordion_item][\/et_pb_accordion][\/et_pb_column][\/et_pb_row][\/et_pb_section]<\/p>\n","protected":false},"excerpt":{"rendered":"<p>Nuestra pol\u00edtica de privacidad define entre otras cosas: \u00bfQu\u00e9 derechos tengo en materia de protecci\u00f3n de datos? \u00bfCon que finalidad trataremos sus datos personales? \u00bfDurante cu\u00e1nto tiempo tendremos sus datos? y m\u00e1s cosas&#8230;<\/p>\n","protected":false},"author":1,"featured_media":0,"parent":0,"menu_order":0,"comment_status":"closed","ping_status":"closed","template":"","meta":{"_acf_changed":false,"_et_pb_use_builder":"on","_et_pb_old_content":"<!-- wp:heading -->\r\n<h2>Qui\u00e9nes somos<\/h2>\r\n<!-- \/wp:heading -->\r\n<p>\u00a0<\/p>\r\n<!-- wp:paragraph -->\r\n<p>La direcci\u00f3n de nuestra web es: https:\/\/tintoreriasronsel.es\/tienda<\/p>\r\n<!-- \/wp:paragraph -->\r\n<p>\u00a0<\/p>\r\n<!-- wp:heading -->\r\n<h2>Qu\u00e9 datos personales recogemos y por qu\u00e9 los recogemos<\/h2>\r\n<!-- \/wp:heading -->\r\n<p>\u00a0<\/p>\r\n<!-- wp:heading {\"level\":3} -->\r\n<h3>Comentarios<\/h3>\r\n<!-- \/wp:heading -->\r\n<p>\u00a0<\/p>\r\n<!-- wp:paragraph -->\r\n<p>Cuando los visitantes dejan comentarios en la web, recopilamos los datos que se muestran en el formulario de comentarios, as\u00ed como la direcci\u00f3n IP del visitante y la cadena de agentes de usuario del navegador para ayudar a la detecci\u00f3n de spam.<\/p>\r\n<!-- \/wp:paragraph -->\r\n<p>\u00a0<\/p>\r\n<!-- wp:paragraph -->\r\n<p>Una cadena an\u00f3nima creada a partir de tu direcci\u00f3n de correo electr\u00f3nico (tambi\u00e9n llamada hash) puede ser proporcionada al servicio de Gravatar para ver si la est\u00e1s usando. La pol\u00edtica de privacidad del servicio Gravatar est\u00e1 disponible aqu\u00ed: https:\/\/automattic.com\/privacy\/. Despu\u00e9s de la aprobaci\u00f3n de tu comentario, la imagen de tu perfil es visible para el p\u00fablico en el contexto de su comentario.<\/p>\r\n<!-- \/wp:paragraph -->\r\n<p>\u00a0<\/p>\r\n<!-- wp:heading {\"level\":3} -->\r\n<h3>Medios<\/h3>\r\n<!-- \/wp:heading -->\r\n<p>\u00a0<\/p>\r\n<!-- wp:paragraph -->\r\n<p>Si subes im\u00e1genes a la web deber\u00edas evitar subir im\u00e1genes con datos de ubicaci\u00f3n (GPS EXIF) incluidos. Los visitantes de la web pueden descargar y extraer cualquier dato de localizaci\u00f3n de las im\u00e1genes de la web.<\/p>\r\n<!-- \/wp:paragraph -->\r\n<p>\u00a0<\/p>\r\n<!-- wp:heading {\"level\":3} -->\r\n<h3>Formularios de contacto<\/h3>\r\n<!-- \/wp:heading -->\r\n<p>\u00a0<\/p>\r\n<!-- wp:heading {\"level\":3} -->\r\n<h3>Cookies<\/h3>\r\n<!-- \/wp:heading -->\r\n<p>\u00a0<\/p>\r\n<!-- wp:paragraph -->\r\n<p>Si dejas un comentario en nuestro sitio puedes elegir guardar tu nombre, direcci\u00f3n de correo electr\u00f3nico y web en cookies. Esto es para tu comodidad, para que no tengas que volver a rellenar tus datos cuando dejes otro comentario. Estas cookies tendr\u00e1n una duraci\u00f3n de un a\u00f1o.<\/p>\r\n<!-- \/wp:paragraph -->\r\n<p>\u00a0<\/p>\r\n<!-- wp:paragraph -->\r\n<p>Si tienes una cuenta y te conectas a este sitio, instalaremos una cookie temporal para determinar si tu navegador acepta cookies. Esta cookie no contiene datos personales y se elimina al cerrar el navegador.<\/p>\r\n<!-- \/wp:paragraph -->\r\n<p>\u00a0<\/p>\r\n<!-- wp:paragraph -->\r\n<p>Cuando inicias sesi\u00f3n, tambi\u00e9n instalaremos varias cookies para guardar tu informaci\u00f3n de inicio de sesi\u00f3n y tus opciones de visualizaci\u00f3n de pantalla. Las cookies de inicio de sesi\u00f3n duran dos d\u00edas, y las cookies de opciones de pantalla duran un a\u00f1o. Si seleccionas \"Recordarme\", tu inicio de sesi\u00f3n perdurar\u00e1 durante dos semanas. Si sales de tu cuenta, las cookies de inicio de sesi\u00f3n se eliminar\u00e1n.<\/p>\r\n<!-- \/wp:paragraph -->\r\n<p>\u00a0<\/p>\r\n<!-- wp:paragraph -->\r\n<p>Si editas o publicas un art\u00edculo se guardar\u00e1 una cookie adicional en tu navegador. Esta cookie no incluye datos personales y simplemente indica el ID del art\u00edculo que acabas de editar. Caduca despu\u00e9s de 1 d\u00eda.<\/p>\r\n<!-- \/wp:paragraph -->\r\n<p>\u00a0<\/p>\r\n<!-- wp:heading {\"level\":3} -->\r\n<h3>Contenido incrustado de otros sitios web<\/h3>\r\n<!-- \/wp:heading -->\r\n<p>\u00a0<\/p>\r\n<!-- wp:paragraph -->\r\n<p>Los art\u00edculos de este sitio pueden incluir contenido incrustado (por ejemplo, v\u00eddeos, im\u00e1genes, art\u00edculos, etc.). El contenido incrustado de otras web se comporta exactamente de la misma manera que si el visitante hubiera visitado la otra web.<\/p>\r\n<!-- \/wp:paragraph -->\r\n<p>\u00a0<\/p>\r\n<!-- wp:paragraph -->\r\n<p>Estas web pueden recopilar datos sobre ti, utilizar cookies, incrustar un seguimiento adicional de terceros, y supervisar tu interacci\u00f3n con ese contenido incrustado, incluido el seguimiento de tu interacci\u00f3n con el contenido incrustado si tienes una cuenta y est\u00e1s conectado a esa web.<\/p>\r\n<!-- \/wp:paragraph -->\r\n<p>\u00a0<\/p>\r\n<!-- wp:heading {\"level\":3} -->\r\n<h3>Anal\u00edtica<\/h3>\r\n<!-- \/wp:heading -->\r\n<p>\u00a0<\/p>\r\n<!-- wp:heading -->\r\n<h2>Con qui\u00e9n compartimos tus datos<\/h2>\r\n<!-- \/wp:heading -->\r\n<p>\u00a0<\/p>\r\n<!-- wp:heading -->\r\n<h2>Cu\u00e1nto tiempo conservamos tus datos<\/h2>\r\n<!-- \/wp:heading -->\r\n<p>\u00a0<\/p>\r\n<!-- wp:paragraph -->\r\n<p>Si dejas un comentario, el comentario y sus metadatos se conservan indefinidamente. Esto es para que podamos reconocer y aprobar comentarios sucesivos autom\u00e1ticamente en lugar de mantenerlos en una cola de moderaci\u00f3n.<\/p>\r\n<!-- \/wp:paragraph -->\r\n<p>\u00a0<\/p>\r\n<!-- wp:paragraph -->\r\n<p>De los usuarios que se registran en nuestra web (si los hay), tambi\u00e9n almacenamos la informaci\u00f3n personal que proporcionan en su perfil de usuario. Todos los usuarios pueden ver, editar o eliminar su informaci\u00f3n personal en cualquier momento (excepto que no pueden cambiar su nombre de usuario). Los administradores de la web tambi\u00e9n pueden ver y editar esa informaci\u00f3n.<\/p>\r\n<!-- \/wp:paragraph -->\r\n<p>\u00a0<\/p>\r\n<!-- wp:heading -->\r\n<h2>Qu\u00e9 derechos tienes sobre tus datos<\/h2>\r\n<!-- \/wp:heading -->\r\n<p>\u00a0<\/p>\r\n<!-- wp:paragraph -->\r\n<p>Si tienes una cuenta o has dejado comentarios en esta web, puedes solicitar recibir un archivo de exportaci\u00f3n de los datos personales que tenemos sobre ti, incluyendo cualquier dato que nos hayas proporcionado. Tambi\u00e9n puedes solicitar que eliminemos cualquier dato personal que tengamos sobre ti. Esto no incluye ning\u00fan dato que estemos obligados a conservar con fines administrativos, legales o de seguridad.<\/p>\r\n<!-- \/wp:paragraph -->\r\n<p>\u00a0<\/p>\r\n<!-- wp:heading -->\r\n<h2>D\u00f3nde enviamos tus datos<\/h2>\r\n<!-- \/wp:heading -->\r\n<p>\u00a0<\/p>\r\n<!-- wp:paragraph -->\r\n<p>Los comentarios de los visitantes puede que los revise un servicio de detecci\u00f3n autom\u00e1tica de spam.<\/p>\r\n<!-- \/wp:paragraph -->\r\n<p>\u00a0<\/p>\r\n<!-- wp:heading -->\r\n<h2>Tu informaci\u00f3n de contacto<\/h2>\r\n<!-- \/wp:heading -->\r\n<p>\u00a0<\/p>\r\n<!-- wp:heading -->\r\n<h2>Informaci\u00f3n adicional<\/h2>\r\n<!-- \/wp:heading -->\r\n<p>\u00a0<\/p>\r\n<!-- wp:heading {\"level\":3} -->\r\n<h3>C\u00f3mo protegemos tus datos<\/h3>\r\n<!-- \/wp:heading -->\r\n<p>\u00a0<\/p>\r\n<!-- wp:heading {\"level\":3} -->\r\n<h3>Qu\u00e9 procedimientos utilizamos contra las brechas de datos<\/h3>\r\n<!-- \/wp:heading -->\r\n<p>\u00a0<\/p>\r\n<!-- wp:heading {\"level\":3} -->\r\n<h3>De qu\u00e9 terceros recibimos datos<\/h3>\r\n<!-- \/wp:heading -->\r\n<p>\u00a0<\/p>\r\n<!-- wp:heading {\"level\":3} -->\r\n<h3>Qu\u00e9 tipo de toma de decisiones automatizada y\/o perfilado hacemos con los datos del usuario<\/h3>\r\n<!-- \/wp:heading -->\r\n<p>\u00a0<\/p>\r\n<!-- wp:heading {\"level\":3} -->\r\n<h3>Requerimientos regulatorios de revelaci\u00f3n de informaci\u00f3n del sector<\/h3>\r\n<!-- \/wp:heading -->","_et_gb_content_width":"","footnotes":""},"class_list":["post-3","page","type-page","status-publish","hentry"],"acf":[],"_links":{"self":[{"href":"https:\/\/tintoreriasronsel.es\/tienda\/wp-json\/wp\/v2\/pages\/3","targetHints":{"allow":["GET"]}}],"collection":[{"href":"https:\/\/tintoreriasronsel.es\/tienda\/wp-json\/wp\/v2\/pages"}],"about":[{"href":"https:\/\/tintoreriasronsel.es\/tienda\/wp-json\/wp\/v2\/types\/page"}],"author":[{"embeddable":true,"href":"https:\/\/tintoreriasronsel.es\/tienda\/wp-json\/wp\/v2\/users\/1"}],"replies":[{"embeddable":true,"href":"https:\/\/tintoreriasronsel.es\/tienda\/wp-json\/wp\/v2\/comments?post=3"}],"version-history":[{"count":0,"href":"https:\/\/tintoreriasronsel.es\/tienda\/wp-json\/wp\/v2\/pages\/3\/revisions"}],"wp:attachment":[{"href":"https:\/\/tintoreriasronsel.es\/tienda\/wp-json\/wp\/v2\/media?parent=3"}],"curies":[{"name":"wp","href":"https:\/\/api.w.org\/{rel}","templated":true}]}}