{"id":262072,"date":"2026-05-05T12:08:21","date_gmt":"2026-05-05T10:08:21","guid":{"rendered":"https:\/\/tintoreriasronsel.es\/tienda\/?page_id=262072"},"modified":"2026-05-06T17:44:44","modified_gmt":"2026-05-06T15:44:44","slug":"promociones","status":"publish","type":"page","link":"https:\/\/tintoreriasronsel.es\/tienda\/promociones\/","title":{"rendered":"Promociones"},"content":{"rendered":"<p>[et_pb_section fb_built=\u00bb1&#8243; admin_label=\u00bbCabecera\u00bb _builder_version=\u00bb4.27.6&#8243; _module_preset=\u00bb_initial\u00bb background_color=\u00bb#DFF0D8&#8243; background_image=\u00bbhttps:\/\/tintoreriasronsel.es\/tienda\/assets\/svg\/papel-tapiz-ronsel_WHTE.svg\u00bb background_size=\u00bbcustom\u00bb background_image_width=\u00bb50%\u00bb background_position=\u00bbtop_left\u00bb background_repeat=\u00bbrepeat\u00bb background_blend=\u00bbsoft-light\u00bb da_disable_devices=\u00bboff|off|off\u00bb collapsed=\u00bbon\u00bb global_colors_info=\u00bb{}\u00bb da_is_popup=\u00bboff\u00bb da_exit_intent=\u00bboff\u00bb da_has_close=\u00bbon\u00bb da_alt_close=\u00bboff\u00bb da_dark_close=\u00bboff\u00bb da_not_modal=\u00bbon\u00bb da_is_singular=\u00bboff\u00bb da_with_loader=\u00bboff\u00bb da_has_shadow=\u00bbon\u00bb][et_pb_row _builder_version=\u00bb4.20.0&#8243; _module_preset=\u00bbdefault\u00bb width=\u00bb90%\u00bb max_width=\u00bbnone\u00bb custom_padding=\u00bb||0px||false|false\u00bb global_colors_info=\u00bb{}\u00bb][et_pb_column type=\u00bb4_4&#8243; _builder_version=\u00bb4.20.0&#8243; _module_preset=\u00bb_initial\u00bb custom_css_free_form=\u00bb.et_pb_column_0 {||    background-color: RGBA(255,255,255,0);||    padding-left: 0px;||}\u00bb global_colors_info=\u00bb{}\u00bb][et_pb_code _builder_version=\u00bb4.27.6&#8243; _module_preset=\u00bbdefault\u00bb global_colors_info=\u00bb{}\u00bb]<\/p>\n<div style=\"width:auto; height:150px;\"><!-- [et_pb_line_break_holder] -->  <!-- [et_pb_line_break_holder] --><\/div>\n<p>[\/et_pb_code][et_pb_text _builder_version=\u00bb4.27.6&#8243; _module_preset=\u00bbe8775005-fe95-4de4-98ec-6b3a1d17d88c\u00bb global_colors_info=\u00bb{}\u00bb]<\/p>\n<h1>Promociones<\/h1>\n<p>[\/et_pb_text][\/et_pb_column][\/et_pb_row][et_pb_row _builder_version=\u00bb4.20.0&#8243; _module_preset=\u00bbdefault\u00bb width=\u00bb90%\u00bb max_width=\u00bbnone\u00bb global_colors_info=\u00bb{}\u00bb][et_pb_column type=\u00bb4_4&#8243; _builder_version=\u00bb4.20.0&#8243; _module_preset=\u00bb_initial\u00bb custom_css_free_form=\u00bb.et_pb_column_0 {||    background-color: RGBA(255,255,255,0);||    padding-left: 0px;||}\u00bb global_colors_info=\u00bb{}\u00bb][et_pb_image src=\u00bbhttps:\/\/tintoreriasronsel.es\/tienda\/wp-content\/uploads\/2026\/05\/02.promociones-consultar.webp\u00bb title_text=\u00bb02.promociones-consultar\u00bb force_fullwidth=\u00bbon\u00bb _builder_version=\u00bb4.27.6&#8243; _module_preset=\u00bbdefault\u00bb global_colors_info=\u00bb{}\u00bb][\/et_pb_image][et_pb_button button_url=\u00bbtel:\/\/+34680590069&#8243; button_text=\u00bbConsultar\u00bb _builder_version=\u00bb4.27.6&#8243; _module_preset=\u00bb38dce940-9f99-4933-bc60-297f36451f91&#8243; positioning=\u00bbabsolute\u00bb global_colors_info=\u00bb{}\u00bb][\/et_pb_button][\/et_pb_column][\/et_pb_row][et_pb_row _builder_version=\u00bb4.20.0&#8243; _module_preset=\u00bbdefault\u00bb global_colors_info=\u00bb{}\u00bb][et_pb_column type=\u00bb4_4&#8243; _builder_version=\u00bb4.20.0&#8243; _module_preset=\u00bb_initial\u00bb custom_css_free_form=\u00bb.et_pb_column_0 {||    background-color: RGBA(255,255,255,0);||    padding-left: 0px;||}\u00bb global_colors_info=\u00bb{}\u00bb][et_pb_text _builder_version=\u00bb4.27.6&#8243; _module_preset=\u00bb9265755a-9fa3-4e88-bf1b-9578909e4c28&#8243; header_2_font_size=\u00bb20px\u00bb global_colors_info=\u00bb{}\u00bb]<\/p>\n<h2>Aproveche nuestras promociones especiales de tintorer\u00eda y reciba nuestro servicio de limpieza con calidad y puntualidad y con el mejor precio de\u00a0 nuestros packs de oferta.<\/h2>\n<h2>Tintorer\u00edas Ronsel: Servicios de tintorer\u00eda en Madrid, siempre con calidad y puntualidad. Recogida y entrega Gratis.<\/h2>\n<p>[\/et_pb_text][\/et_pb_column][\/et_pb_row][\/et_pb_section][et_pb_section fb_built=\u00bb1&#8243; admin_label=\u00bbPacks Prendas\u00bb module_id=\u00bbblusas\u00bb _builder_version=\u00bb4.27.6&#8243; _module_preset=\u00bb277d2d0d-5705-4550-bb80-d505796c6793&#8243; da_disable_devices=\u00bboff|off|off\u00bb collapsed=\u00bbon\u00bb global_colors_info=\u00bb{}\u00bb da_is_popup=\u00bboff\u00bb da_exit_intent=\u00bboff\u00bb da_has_close=\u00bbon\u00bb da_alt_close=\u00bboff\u00bb da_dark_close=\u00bboff\u00bb da_not_modal=\u00bbon\u00bb da_is_singular=\u00bboff\u00bb da_with_loader=\u00bboff\u00bb da_has_shadow=\u00bbon\u00bb][et_pb_row _builder_version=\u00bb4.20.0&#8243; _module_preset=\u00bbdefault\u00bb global_colors_info=\u00bb{}\u00bb][et_pb_column type=\u00bb4_4&#8243; _builder_version=\u00bb4.20.0&#8243; _module_preset=\u00bb_initial\u00bb custom_css_free_form=\u00bb.et_pb_column_0 {||    background-color: RGBA(255,255,255,0);||    padding-left: 0px;||}\u00bb global_colors_info=\u00bb{}\u00bb][et_pb_text _builder_version=\u00bb4.27.6&#8243; _dynamic_attributes=\u00bbcontent\u00bb _module_preset=\u00bbe452167f-3a8c-4083-8600-e2f5010a5dd6&#8243; header_4_text_color=\u00bbgcid-a3412674-3498-4142-ac08-6afad8430048&#8243; global_colors_info=\u00bb{%22gcid-a3412674-3498-4142-ac08-6afad8430048%22:%91%22header_4_text_color%22%93}\u00bb]@ET-DC@eyJkeW5hbWljIjp0cnVlLCJjb250ZW50IjoicG9zdF90aXRsZSIsInNldHRpbmdzIjp7ImJlZm9yZSI6IiIsImFmdGVyIjoiIn19@[\/et_pb_text][et_pb_text _builder_version=\u00bb4.27.6&#8243; _module_preset=\u00bb6dd2f8ec-d84c-4adc-a7e0-1883fc0c6b2f\u00bb global_colors_info=\u00bb{}\u00bb]<\/p>\n<h2>Packs Prendas<\/h2>\n<p>[\/et_pb_text][et_pb_shop type=\u00bbproduct_category\u00bb include_categories=\u00bb543&#8243; columns_number=\u00bb3&#8243; _builder_version=\u00bb4.27.6&#8243; _module_preset=\u00bb989939ac-ab90-444d-b5e4-4ee89c5cf50b\u00bb locked=\u00bboff\u00bb global_colors_info=\u00bb{%22gcid-a3412674-3498-4142-ac08-6afad8430048%22:%91%22icon_hover_color%22,%22price_text_color%22,%22rating_text_color%22%93}\u00bb][\/et_pb_shop][\/et_pb_column][\/et_pb_row][\/et_pb_section][et_pb_section fb_built=\u00bb1&#8243; admin_label=\u00bbPacks Hogar\u00bb module_id=\u00bbchalecos\u00bb _builder_version=\u00bb4.27.6&#8243; _module_preset=\u00bb59245a05-8ea6-43be-9f64-b9067505b40a\u00bb da_disable_devices=\u00bboff|off|off\u00bb collapsed=\u00bbon\u00bb global_colors_info=\u00bb{}\u00bb da_is_popup=\u00bboff\u00bb da_exit_intent=\u00bboff\u00bb da_has_close=\u00bbon\u00bb da_alt_close=\u00bboff\u00bb da_dark_close=\u00bboff\u00bb da_not_modal=\u00bbon\u00bb da_is_singular=\u00bboff\u00bb da_with_loader=\u00bboff\u00bb da_has_shadow=\u00bbon\u00bb][et_pb_row _builder_version=\u00bb4.20.0&#8243; _module_preset=\u00bbdefault\u00bb global_colors_info=\u00bb{}\u00bb][et_pb_column type=\u00bb4_4&#8243; _builder_version=\u00bb4.20.0&#8243; _module_preset=\u00bb_initial\u00bb custom_css_free_form=\u00bb.et_pb_column_0 {||    background-color: RGBA(255,255,255,0);||    padding-left: 0px;||}\u00bb global_colors_info=\u00bb{}\u00bb][et_pb_text _builder_version=\u00bb4.27.6&#8243; _dynamic_attributes=\u00bbcontent\u00bb _module_preset=\u00bbe452167f-3a8c-4083-8600-e2f5010a5dd6&#8243; header_4_text_color=\u00bbgcid-a3412674-3498-4142-ac08-6afad8430048&#8243; global_colors_info=\u00bb{%22gcid-a3412674-3498-4142-ac08-6afad8430048%22:%91%22header_4_text_color%22%93}\u00bb]@ET-DC@eyJkeW5hbWljIjp0cnVlLCJjb250ZW50IjoicG9zdF90aXRsZSIsInNldHRpbmdzIjp7ImJlZm9yZSI6IiIsImFmdGVyIjoiIn19@[\/et_pb_text][et_pb_text _builder_version=\u00bb4.27.6&#8243; _module_preset=\u00bb6dd2f8ec-d84c-4adc-a7e0-1883fc0c6b2f\u00bb global_colors_info=\u00bb{}\u00bb]<\/p>\n<h2>Packs Hogar<\/h2>\n<p>[\/et_pb_text][et_pb_shop type=\u00bbproduct_category\u00bb include_categories=\u00bb545&#8243; columns_number=\u00bb3&#8243; _builder_version=\u00bb4.27.6&#8243; _module_preset=\u00bb989939ac-ab90-444d-b5e4-4ee89c5cf50b\u00bb hover_enabled=\u00bb0&#8243; locked=\u00bboff\u00bb global_colors_info=\u00bb{%22gcid-a3412674-3498-4142-ac08-6afad8430048%22:%91%22icon_hover_color%22,%22price_text_color%22,%22rating_text_color%22%93}\u00bb sticky_enabled=\u00bb0&#8243;][\/et_pb_shop][\/et_pb_column][\/et_pb_row][\/et_pb_section][et_pb_section fb_built=\u00bb1&#8243; admin_label=\u00bbTintorer\u00eda\u00bb _builder_version=\u00bb4.27.6&#8243; _module_preset=\u00bb_initial\u00bb background_color=\u00bbgcid-67960745-cc0c-4d73-b86b-ef2d6023be78&#8243; background_image=\u00bbhttps:\/\/tintoreriasronsel.es\/tienda\/wp-content\/uploads\/2021\/02\/botines-de-piel.jpeg\u00bb custom_padding=\u00bb||||false|false\u00bb da_disable_devices=\u00bboff|off|off\u00bb collapsed=\u00bbon\u00bb global_colors_info=\u00bb{%22gcid-67960745-cc0c-4d73-b86b-ef2d6023be78%22:%91%22background_color%22%93}\u00bb da_is_popup=\u00bboff\u00bb da_exit_intent=\u00bboff\u00bb da_has_close=\u00bbon\u00bb da_alt_close=\u00bboff\u00bb da_dark_close=\u00bboff\u00bb da_not_modal=\u00bbon\u00bb da_is_singular=\u00bboff\u00bb da_with_loader=\u00bboff\u00bb da_has_shadow=\u00bbon\u00bb][et_pb_row column_structure=\u00bb3_4,1_4&#8243; _builder_version=\u00bb4.27.6&#8243; _module_preset=\u00bbdefault\u00bb custom_padding=\u00bb8vw||8vw||true|false\u00bb global_colors_info=\u00bb{}\u00bb][et_pb_column type=\u00bb3_4&#8243; _builder_version=\u00bb4.27.6&#8243; _module_preset=\u00bb_initial\u00bb custom_css_free_form=\u00bb.et_pb_column_0 {||    background-color: RGBA(255,255,255,0);||    padding-left: 0px;||}\u00bb global_colors_info=\u00bb{}\u00bb][et_pb_text _builder_version=\u00bb4.27.6&#8243; _module_preset=\u00bb9265755a-9fa3-4e88-bf1b-9578909e4c28&#8243; header_2_text_color=\u00bb#ffffff\u00bb global_colors_info=\u00bb{}\u00bb]<\/p>\n<h2>Tintorer\u00eda<\/h2>\n<p>[\/et_pb_text][et_pb_button button_url=\u00bb@ET-DC@eyJkeW5hbWljIjp0cnVlLCJjb250ZW50IjoicG9zdF9saW5rX3VybF9wYWdlIiwic2V0dGluZ3MiOnsicG9zdF9pZCI6IjI2MjAyMiJ9fQ==@\u00bb button_text=\u00bbHaga su pedido\u00bb _builder_version=\u00bb4.27.6&#8243; _dynamic_attributes=\u00bbbutton_url\u00bb _module_preset=\u00bb7983a286-fa68-4fba-a006-033be830c059&#8243; global_colors_info=\u00bb{}\u00bb][\/et_pb_button][\/et_pb_column][et_pb_column type=\u00bb1_4&#8243; _builder_version=\u00bb4.20.0&#8243; _module_preset=\u00bb_initial\u00bb custom_css_free_form=\u00bb.et_pb_column_0 {||    background-color: RGBA(255,255,255,0);||    padding-left: 0px;||}\u00bb global_colors_info=\u00bb{}\u00bb][\/et_pb_column][\/et_pb_row][\/et_pb_section][et_pb_section fb_built=\u00bb1&#8243; admin_label=\u00bbEnlaces\u00bb _builder_version=\u00bb4.27.6&#8243; _module_preset=\u00bb_initial\u00bb overflow-x=\u00bbhidden\u00bb overflow-y=\u00bbhidden\u00bb custom_padding=\u00bb||||false|false\u00bb da_disable_devices=\u00bboff|off|off\u00bb collapsed=\u00bbon\u00bb global_colors_info=\u00bb{}\u00bb da_is_popup=\u00bboff\u00bb da_exit_intent=\u00bboff\u00bb da_has_close=\u00bbon\u00bb da_alt_close=\u00bboff\u00bb da_dark_close=\u00bboff\u00bb da_not_modal=\u00bbon\u00bb da_is_singular=\u00bboff\u00bb da_with_loader=\u00bboff\u00bb da_has_shadow=\u00bbon\u00bb][et_pb_row column_structure=\u00bb1_2,1_2&#8243; _builder_version=\u00bb4.27.6&#8243; _module_preset=\u00bbdefault\u00bb global_colors_info=\u00bb{}\u00bb][et_pb_column type=\u00bb1_2&#8243; _builder_version=\u00bb4.27.6&#8243; _module_preset=\u00bb_initial\u00bb custom_css_free_form=\u00bb.et_pb_column_0 {||    background-color: RGBA(255,255,255,0);||    padding-left: 0px;||}\u00bb global_colors_info=\u00bb{}\u00bb][et_pb_text _builder_version=\u00bb4.27.6&#8243; _dynamic_attributes=\u00bbcontent\u00bb _module_preset=\u00bbe452167f-3a8c-4083-8600-e2f5010a5dd6&#8243; header_4_text_color=\u00bbgcid-a3412674-3498-4142-ac08-6afad8430048&#8243; global_colors_info=\u00bb{%22gcid-a3412674-3498-4142-ac08-6afad8430048%22:%91%22header_4_text_color%22%93}\u00bb]@ET-DC@eyJkeW5hbWljIjp0cnVlLCJjb250ZW50IjoicG9zdF90aXRsZSIsInNldHRpbmdzIjp7ImJlZm9yZSI6IiIsImFmdGVyIjoiIn19@[\/et_pb_text][et_pb_text _builder_version=\u00bb4.27.6&#8243; _module_preset=\u00bb6dd2f8ec-d84c-4adc-a7e0-1883fc0c6b2f\u00bb global_colors_info=\u00bb{}\u00bb]<\/p>\n<h2>Pantalones<\/h2>\n<p>[\/et_pb_text][et_pb_text _builder_version=\u00bb4.27.6&#8243; _module_preset=\u00bb_initial\u00bb global_colors_info=\u00bb{}\u00bb]<\/p>\n<p>Se clasifican por estilo en formales, jeans, chinos, cargo, por ajuste en skinny, recto, o palazzo y por uso en casual, laboral, o t\u00e9cnico. La confecci\u00f3n se pueden clasificar como de Vestir o Sastre, rectos, con pinzas o pliegues, elaborados en lana, crep\u00e9 o lino, dise\u00f1ados para una ca\u00edda impecable. Chinos: que son pantalones vers\u00e1tiles de sarga de algod\u00f3n, de estilo casual-formal, a menudo con corte ajustado. Jeans o vaqueros: Confeccionados en mezclilla (denim), con cortes variados desde skinny hasta wide leg. Palazzo: Pantalones anchos de gran vuelo, confeccionados en telas fluidas. Pantalones Cigarette o Pitillo: Delgados, recortados y ajustados a la figura. Pantalones Stretch: Prendas ajustadas con alto contenido de elastano para mayor comodidad y flexibilidad. Pantalones para el trabajo o la industria: Dise\u00f1ados con alta resistencia e impermeables, reflectantes, o multi bolsillos.<\/p>\n<p>[\/et_pb_text][et_pb_button button_url=\u00bbhttps:\/\/tintoreriasronsel.es\/tienda\/tintoreria\/#pantalones\u00bb button_text=\u00bbVer m\u00e1s\u00bb _builder_version=\u00bb4.27.6&#8243; _module_preset=\u00bb38dce940-9f99-4933-bc60-297f36451f91&#8243; global_colors_info=\u00bb{}\u00bb][\/et_pb_button][\/et_pb_column][et_pb_column type=\u00bb1_2&#8243; _builder_version=\u00bb4.27.6&#8243; _module_preset=\u00bb_initial\u00bb custom_css_free_form=\u00bb.et_pb_column_0 {||    background-color: RGBA(255,255,255,0);||    padding-left: 0px;||}\u00bb global_colors_info=\u00bb{}\u00bb][et_pb_image src=\u00bbhttps:\/\/tintoreriasronsel.es\/tienda\/wp-content\/uploads\/2026\/05\/01-tintoreria_pantalones.webp\u00bb title_text=\u00bb01-tintoreria_pantalones\u00bb _builder_version=\u00bb4.27.6&#8243; _module_preset=\u00bbdefault\u00bb box_shadow_style=\u00bbpreset4&#8243; box_shadow_horizontal=\u00bb16vw\u00bb box_shadow_vertical=\u00bb12vw\u00bb box_shadow_color=\u00bbrgba(0,150,141,0.36)\u00bb global_colors_info=\u00bb{}\u00bb transform_styles__hover_enabled=\u00bbon|hover\u00bb transform_scale__hover=\u00bb98%|98%\u00bb transform_scale__hover_enabled=\u00bbon|hover\u00bb transform_translate__hover_enabled=\u00bbon|desktop\u00bb transform_rotate__hover_enabled=\u00bbon|desktop\u00bb transform_skew__hover_enabled=\u00bbon|desktop\u00bb transform_origin__hover_enabled=\u00bbon|desktop\u00bb][\/et_pb_image][\/et_pb_column][\/et_pb_row][et_pb_row column_structure=\u00bb1_4,1_4,1_2&#8243; use_custom_gutter=\u00bbon\u00bb gutter_width=\u00bb1&#8243; make_equal=\u00bbon\u00bb _builder_version=\u00bb4.27.6&#8243; _module_preset=\u00bbdefault\u00bb custom_padding=\u00bb||7vw||false|false\u00bb global_colors_info=\u00bb{}\u00bb][et_pb_column type=\u00bb1_4&#8243; _builder_version=\u00bb4.27.6&#8243; _module_preset=\u00bb_initial\u00bb background_color=\u00bb#DFF0D8&#8243; custom_padding=\u00bb30px|30px|30px|30px|true|true\u00bb custom_padding_tablet=\u00bb30px|30px|30px|30px|true|true\u00bb custom_padding_phone=\u00bb20px|20px|20px|20px|true|true\u00bb custom_css_free_form=\u00bb.et_pb_column_0 {||    background-color: RGBA(255,255,255,0);||    padding-left: 0px;||}\u00bb global_colors_info=\u00bb{}\u00bb][et_pb_text _builder_version=\u00bb4.27.6&#8243; _module_preset=\u00bb8192276a-6e73-430e-ba7b-be78bee82ffe\u00bb custom_margin=\u00bb||10px||false|false\u00bb global_colors_info=\u00bb{}\u00bb]<\/p>\n<h3>Camisas<\/h3>\n<p>[\/et_pb_text][et_pb_text _builder_version=\u00bb4.27.6&#8243; _module_preset=\u00bb_initial\u00bb global_colors_info=\u00bb{}\u00bb]<\/p>\n<p>Limpieza y planchado de camisas para hombre y mujer.<\/p>\n<p>[\/et_pb_text][et_pb_button button_url=\u00bbhttps:\/\/tintoreriasronsel.es\/tienda\/tintoreria\/#camisas\u00bb button_text=\u00bbVer m\u00e1s\u00bb _builder_version=\u00bb4.27.6&#8243; _module_preset=\u00bb38dce940-9f99-4933-bc60-297f36451f91&#8243; custom_margin=\u00bb20px||||false|false\u00bb custom_padding=\u00bb6px|24px|6px|24px|true|true\u00bb locked=\u00bboff\u00bb global_colors_info=\u00bb{}\u00bb][\/et_pb_button][\/et_pb_column][et_pb_column type=\u00bb1_4&#8243; _builder_version=\u00bb4.27.6&#8243; _module_preset=\u00bb_initial\u00bb background_image=\u00bbhttps:\/\/tintoreriasronsel.es\/tienda\/wp-content\/uploads\/2019\/08\/Camisa-Hombre.jpg\u00bb custom_css_free_form=\u00bb.et_pb_column_0 {||    background-color: RGBA(255,255,255,0);||    padding-left: 0px;||}\u00bb global_colors_info=\u00bb{}\u00bb][et_pb_divider show_divider=\u00bboff\u00bb _builder_version=\u00bb4.20.0&#8243; _module_preset=\u00bbdefault\u00bb height_tablet=\u00bb\u00bb height_phone=\u00bb40vw\u00bb height_last_edited=\u00bbon|desktop\u00bb global_colors_info=\u00bb{}\u00bb][\/et_pb_divider][\/et_pb_column][et_pb_column type=\u00bb1_2&#8243; _builder_version=\u00bb4.27.6&#8243; _module_preset=\u00bb_initial\u00bb use_background_color_gradient=\u00bbon\u00bb background_color_gradient_stops=\u00bbrgba(36,36,36,0.92) 0%|rgba(36,36,36,0.47) 100%\u00bb background_color_gradient_overlays_image=\u00bbon\u00bb background_image=\u00bbhttps:\/\/tintoreriasronsel.es\/tienda\/wp-content\/uploads\/2021\/02\/cortinas-gruesas-muleton-afelpada.jpeg\u00bb custom_padding=\u00bb30px|60px|30px|60px|true|true\u00bb custom_padding_tablet=\u00bb30px|30px|30px|30px|true|true\u00bb custom_padding_phone=\u00bb20px|20px|20px|20px|true|true\u00bb custom_padding_last_edited=\u00bbon|tablet\u00bb custom_css_free_form=\u00bb.et_pb_column_0 {||    background-color: RGBA(255,255,255,0);||    padding-left: 0px;||}\u00bb border_color_all=\u00bb#FFFFFF\u00bb border_width_left=\u00bb60px\u00bb border_width_left_tablet=\u00bb0px\u00bb border_width_left_phone=\u00bb0px\u00bb border_width_left_last_edited=\u00bbon|tablet\u00bb global_colors_info=\u00bb{}\u00bb][et_pb_text _builder_version=\u00bb4.27.6&#8243; _module_preset=\u00bb8192276a-6e73-430e-ba7b-be78bee82ffe\u00bb header_3_text_color=\u00bb#FFFFFF\u00bb text_orientation=\u00bbcenter\u00bb custom_margin=\u00bb||10px||false|false\u00bb global_colors_info=\u00bb{}\u00bb]<\/p>\n<h3>Hogar<\/h3>\n<p>[\/et_pb_text][et_pb_text _builder_version=\u00bb4.27.6&#8243; _module_preset=\u00bb_initial\u00bb text_text_color=\u00bb#FFFFFF\u00bb text_orientation=\u00bbcenter\u00bb global_colors_info=\u00bb{}\u00bb]<\/p>\n<p>Limpieza y planchado de todo tipo de prendas del hogar, mantas, edredones, cubre colchones, ropa de mesa, alfombras y cortinajes.<\/p>\n<p>[\/et_pb_text][et_pb_button button_url=\u00bbhttps:\/\/tintoreriasronsel.es\/tienda\/hogar\/\u00bb button_text=\u00bbVer m\u00e1s\u00bb _builder_version=\u00bb4.27.6&#8243; _module_preset=\u00bb7983a286-fa68-4fba-a006-033be830c059&#8243; custom_margin=\u00bb20px||||false|false\u00bb custom_padding=\u00bb6px|24px|6px|24px|true|true\u00bb locked=\u00bboff\u00bb global_colors_info=\u00bb{}\u00bb][\/et_pb_button][\/et_pb_column][\/et_pb_row][\/et_pb_section]<\/p>\n","protected":false},"excerpt":{"rendered":"<p>Ahorre dinero con nuestros Pack de promociones de tintorer\u00eda, para sus prendas de vestir y tambi\u00e9n para prendas de hogar.<\/p>\n","protected":false},"author":2,"featured_media":0,"parent":0,"menu_order":0,"comment_status":"closed","ping_status":"closed","template":"","meta":{"_acf_changed":false,"_et_pb_use_builder":"on","_et_pb_old_content":"","_et_gb_content_width":"","footnotes":""},"class_list":["post-262072","page","type-page","status-publish","hentry"],"acf":[],"_links":{"self":[{"href":"https:\/\/tintoreriasronsel.es\/tienda\/wp-json\/wp\/v2\/pages\/262072","targetHints":{"allow":["GET"]}}],"collection":[{"href":"https:\/\/tintoreriasronsel.es\/tienda\/wp-json\/wp\/v2\/pages"}],"about":[{"href":"https:\/\/tintoreriasronsel.es\/tienda\/wp-json\/wp\/v2\/types\/page"}],"author":[{"embeddable":true,"href":"https:\/\/tintoreriasronsel.es\/tienda\/wp-json\/wp\/v2\/users\/2"}],"replies":[{"embeddable":true,"href":"https:\/\/tintoreriasronsel.es\/tienda\/wp-json\/wp\/v2\/comments?post=262072"}],"version-history":[{"count":0,"href":"https:\/\/tintoreriasronsel.es\/tienda\/wp-json\/wp\/v2\/pages\/262072\/revisions"}],"wp:attachment":[{"href":"https:\/\/tintoreriasronsel.es\/tienda\/wp-json\/wp\/v2\/media?parent=262072"}],"curies":[{"name":"wp","href":"https:\/\/api.w.org\/{rel}","templated":true}]}}