{"id":259869,"date":"2026-02-09T17:10:48","date_gmt":"2026-02-09T16:10:48","guid":{"rendered":"https:\/\/tintoreriasronsel.es\/tienda\/?page_id=259869"},"modified":"2026-03-04T08:07:38","modified_gmt":"2026-03-04T07:07:38","slug":"limpieza-de-alfombras-kilims-tapices","status":"publish","type":"page","link":"https:\/\/tintoreriasronsel.es\/tienda\/limpieza-de-alfombras-kilims-tapices\/","title":{"rendered":"Limpieza de alfombras, kilims, tapices"},"content":{"rendered":"<p>[et_pb_section fb_built=\u00bb1&#8243; fullwidth=\u00bbon\u00bb _builder_version=\u00bb4.27.5&#8243; _module_preset=\u00bb823ce878-3029-43b3-8abe-629fa3a9f11f\u00bb da_disable_devices=\u00bboff|off|off\u00bb global_colors_info=\u00bb{}\u00bb da_is_popup=\u00bboff\u00bb da_exit_intent=\u00bboff\u00bb da_has_close=\u00bbon\u00bb da_alt_close=\u00bboff\u00bb da_dark_close=\u00bboff\u00bb da_not_modal=\u00bbon\u00bb da_is_singular=\u00bboff\u00bb da_with_loader=\u00bboff\u00bb da_has_shadow=\u00bbon\u00bb][et_pb_fullwidth_slider _builder_version=\u00bb4.27.5&#8243; _module_preset=\u00bbf256feb6-47d0-454a-8b24-05a06e6ba2ce\u00bb global_colors_info=\u00bb{}\u00bb][et_pb_slide heading=\u00bbExpertos en limpieza y conservaci\u00f3n de alfombras\u00bb _builder_version=\u00bb4.27.5&#8243; _module_preset=\u00bbc3ac9349-aa86-4eba-8ae2-ad7ef5a513e2&#8243; background_enable_image=\u00bboff\u00bb background_enable_video_mp4=\u00bboff\u00bb background_video_webm=\u00bbhttps:\/\/tintoreriasronsel.es\/videos\/23_limpieza-alfombras-moquetas-muebles.webm\u00bb background_enable_video_webm=\u00bbon\u00bb global_colors_info=\u00bb{}\u00bb sticky_transition=\u00bbon\u00bb]<\/p>\n<p>Recogida y entrega a domicilio, lavado, desmanchado, limpieza y desinfecci\u00f3n, secado al aire, empaquetado y conservaci\u00f3n especializada, restauraci\u00f3n de todo tipo de alfombras.<\/p>\n<p>[\/et_pb_slide][\/et_pb_fullwidth_slider][\/et_pb_section][et_pb_section fb_built=\u00bb1&#8243; _builder_version=\u00bb4.27.5&#8243; _module_preset=\u00bbbfac45bc-b245-4f94-a83a-02efdb34caa5&#8243; background_image=\u00bbhttps:\/\/tintoreriasronsel.es\/tienda\/wp-content\/uploads\/2025\/09\/sombra-capa.webp\u00bb background_size=\u00bbcontain\u00bb background_position=\u00bbtop_center\u00bb custom_margin=\u00bb0px||||false|false\u00bb custom_padding=\u00bb0px||||false|false\u00bb da_disable_devices=\u00bboff|off|off\u00bb global_colors_info=\u00bb{}\u00bb da_is_popup=\u00bboff\u00bb da_exit_intent=\u00bboff\u00bb da_has_close=\u00bbon\u00bb da_alt_close=\u00bboff\u00bb da_dark_close=\u00bboff\u00bb da_not_modal=\u00bbon\u00bb da_is_singular=\u00bboff\u00bb da_with_loader=\u00bboff\u00bb da_has_shadow=\u00bbon\u00bb][et_pb_row _builder_version=\u00bb4.27.5&#8243; _module_preset=\u00bb11248acd-95f2-441d-b466-62b1a9cf67c8&#8243; global_colors_info=\u00bb{}\u00bb][et_pb_column type=\u00bb4_4&#8243; _builder_version=\u00bb4.27.4&#8243; _module_preset=\u00bb_initial\u00bb global_colors_info=\u00bb{}\u00bb][et_pb_heading title=\u00bb@ET-DC@eyJkeW5hbWljIjp0cnVlLCJjb250ZW50IjoicG9zdF90aXRsZSIsInNldHRpbmdzIjp7ImJlZm9yZSI6IiIsImFmdGVyIjoiIn19@\u00bb _builder_version=\u00bb4.27.5&#8243; _dynamic_attributes=\u00bbtitle\u00bb _module_preset=\u00bbc88a714a-1137-4742-bbe0-999ea2af2593&#8243; global_colors_info=\u00bb{}\u00bb][\/et_pb_heading][\/et_pb_column][\/et_pb_row][et_pb_row column_structure=\u00bb2_3,1_3&#8243; _builder_version=\u00bb4.27.5&#8243; _module_preset=\u00bb37eb2ac9-85d2-41b2-b7d2-a39dd2121996&#8243; global_colors_info=\u00bb{}\u00bb][et_pb_column type=\u00bb2_3&#8243; _builder_version=\u00bb4.27.4&#8243; _module_preset=\u00bb_initial\u00bb global_colors_info=\u00bb{}\u00bb][et_pb_text _builder_version=\u00bb4.27.5&#8243; _module_preset=\u00bbed843646-dd90-4212-9af2-292331f3c906&#8243; saved_tabs=\u00bball\u00bb global_colors_info=\u00bb{}\u00bb]<\/p>\n<h2>Desodorizamos y desinfectamos sus alfombras y tapices con Ozono<\/h2>\n<p>Somos especialistas en limpieza\u00a0de todo tipo de alfombras de nudo persa, espa\u00f1ol, orientales, hand tufted, de lana, seda o mezcla de ambas, sint\u00e9ticas, alfombras de Sisal, Kilims y Jarapas.<\/p>\n<p>Las alfombras son prendas que necesitan de una limpieza especifica, para evitar estropear su tejido o empeorar su apariencia. En Tintorer\u00edas Ronsel limpiamos sus alfombras aplicando los m\u00e1s estrictos par\u00e1metros de calidad.<\/p>\n<p>En ellas se acumulan un gran n\u00famero de g\u00e9rmenes y bacterias que podr\u00edan perjudicar tu salud. Por ello, en Tintorer\u00edas Ronsel contamos con una m\u00e1quina de ozono de \u00faltima generaci\u00f3n que \u00a0desinfecta las alfombras y Klims dej\u00e1ndolas libres de bacterias, g\u00e9rmenes, \u00e1caros y virus.<\/p>\n<p>[\/et_pb_text][et_pb_text _builder_version=\u00bb4.27.5&#8243; _module_preset=\u00bbb0ecfae0-d82d-4fe4-8537-24c029f02394&#8243; background_enable_color=\u00bboff\u00bb max_height=\u00bb60px\u00bb custom_margin=\u00bb||||true|false\u00bb custom_padding=\u00bb||||true|false\u00bb global_colors_info=\u00bb{}\u00bb]<\/p>\n<h4>El servicio que ofrece Ronsel se detalla a continuaci\u00f3n<\/h4>\n<p>[\/et_pb_text][et_pb_text _builder_version=\u00bb4.27.5&#8243; _module_preset=\u00bbb03d5764-6eee-425b-9b74-6bfdf43c8671&#8243; global_colors_info=\u00bb{}\u00bb]<\/p>\n<h4 class=\"new_texto-Paginas-Alfombras\">Recogida y entrega en su domicilio<\/h4>\n<ol class=\"new_texto-Paginas-Alfombras\">\n<li>Para facilitarle el servicio y que usted no tenga que complicarse, Ronsel recoge y entrega su alfombra en su domicilio, sin coste adicional.<\/li>\n<\/ol>\n<p>[\/et_pb_text][et_pb_image src=\u00bbhttps:\/\/tintoreriasronsel.es\/images\/alfombras-domicilio.jpg\u00bb _builder_version=\u00bb4.27.5&#8243; _module_preset=\u00bb26d79bff-0e7c-41b3-a2e6-fb9ce26a33c3&#8243; custom_margin=\u00bb0px||40px||false|false\u00bb global_colors_info=\u00bb{}\u00bb][\/et_pb_image][et_pb_text _builder_version=\u00bb4.27.5&#8243; _module_preset=\u00bbfe6fec19-6afc-4b97-8e58-48e482f1f11c\u00bb global_colors_info=\u00bb{}\u00bb]<\/p>\n<p>Nuestro servicio de recogida y entrega a domicilio atender\u00e1 su pedido para facilitar la limpieza de sus alfombras y tapices.<\/p>\n<p>[\/et_pb_text][et_pb_text _builder_version=\u00bb4.27.5&#8243; _module_preset=\u00bbb03d5764-6eee-425b-9b74-6bfdf43c8671&#8243; global_colors_info=\u00bb{}\u00bb]<\/p>\n<h4 class=\"new_texto-Paginas-Alfombras\">Examen y evaluaci\u00f3n de su alfombra<\/h4>\n<p>Nuestro personal cualificado examinar\u00e1 detenidamente la alfombra para:<\/p>\n<ol class=\"new_texto-Paginas-Alfombras\">\n<li>Evaluar el estado de la alfombra, examinar si presente alg\u00fan desperfecto, y ofrecerle si fuera necesario, nuestro servicio de restauraci\u00f3n.<\/li>\n<li>Elegir el m\u00e9todo m\u00e1s adecuado de limpieza para cada tipo de alfombra, y garantizarle una correcta y personalizada limpieza.<\/li>\n<\/ol>\n<p>[\/et_pb_text][et_pb_text _builder_version=\u00bb4.27.5&#8243; _module_preset=\u00bbb03d5764-6eee-425b-9b74-6bfdf43c8671&#8243; global_colors_info=\u00bb{}\u00bb]<\/p>\n<h4 class=\"new_texto-Paginas-Alfombras\">Proceso de limpieza<\/h4>\n<p>El proceso de limpieza ser\u00eda el siguiente:<\/p>\n<ol class=\"new_texto-Paginas-Alfombras\">\n<li>Desempolvado.<\/li>\n<li>Tratamiento previo de manchas con productos neutros en zonas sucias, especialmente en flecos.<\/li>\n<li>Aplicaci\u00f3n de tratamientos espec\u00edficos para eliminar manchas concretas (vino, orina de animales, etc.).<\/li>\n<li>Utilizamos t\u00e9cnicas de lavado en funci\u00f3n de las necesidades espec\u00edficas de cada alfombra. Estas t\u00e9cnicas profesionales e innovadoras de lavado permiten la extracci\u00f3n de suciedad y manchas efectuando una eliminaci\u00f3n completa de bacterias, \u00e1caros y malos olores.<\/li>\n<li>Tratamiento especial por medio del OZONO para eliminar virus y realizar una desinfecci\u00f3n total.<\/li>\n<li>Secado est\u00e1tico o en m\u00e1quina, seg\u00fan tipo de alfombra.<\/li>\n<\/ol>\n<p>[\/et_pb_text][et_pb_text _builder_version=\u00bb4.27.5&#8243; _module_preset=\u00bbfe6fec19-6afc-4b97-8e58-48e482f1f11c\u00bb global_colors_info=\u00bb{}\u00bb]<\/p>\n<p>Proceso de lavado, desmanchado, limpieza y desinfecci\u00f3n especializada de todo tipo de alfombras.<\/p>\n<p>[\/et_pb_text][et_pb_image src=\u00bbhttps:\/\/tintoreriasronsel.es\/images\/alfombras-lavado-maquinaria.jpg\u00bb _builder_version=\u00bb4.27.5&#8243; _module_preset=\u00bb26d79bff-0e7c-41b3-a2e6-fb9ce26a33c3&#8243; global_colors_info=\u00bb{}\u00bb][\/et_pb_image][et_pb_image src=\u00bbhttps:\/\/tintoreriasronsel.es\/images\/alfombras-secado.jpg\u00bb _builder_version=\u00bb4.27.5&#8243; _module_preset=\u00bb26d79bff-0e7c-41b3-a2e6-fb9ce26a33c3&#8243; global_colors_info=\u00bb{}\u00bb][\/et_pb_image][et_pb_text _builder_version=\u00bb4.27.5&#8243; _module_preset=\u00bbfe6fec19-6afc-4b97-8e58-48e482f1f11c\u00bb global_colors_info=\u00bb{}\u00bb]<\/p>\n<p>Secci\u00f3n especializada de secado al aire de todo tipo de alfombras, despu\u00e9s de su lavado y desinfecci\u00f3n.<\/p>\n<p>[\/et_pb_text][et_pb_text _builder_version=\u00bb4.27.5&#8243; _module_preset=\u00bbb03d5764-6eee-425b-9b74-6bfdf43c8671&#8243; global_colors_info=\u00bb{}\u00bb]<\/p>\n<h4 class=\"new_texto-Paginas-Alfombras\">Embalaje<\/h4>\n<p>Una vez limpia y en perfecto estado, la alfombra se embala en un pl\u00e1stico micro perforado, con la finalidad de que no acumule humedad ni malos olores.<\/p>\n<p>[\/et_pb_text][et_pb_image src=\u00bbhttps:\/\/tintoreriasronsel.es\/images\/alfombras-embalaje.jpg\u00bb _builder_version=\u00bb4.27.5&#8243; _module_preset=\u00bb26d79bff-0e7c-41b3-a2e6-fb9ce26a33c3&#8243; global_colors_info=\u00bb{}\u00bb][\/et_pb_image][et_pb_text _builder_version=\u00bb4.27.5&#8243; _module_preset=\u00bbfe6fec19-6afc-4b97-8e58-48e482f1f11c\u00bb global_colors_info=\u00bb{}\u00bb]<\/p>\n<p>Empaquetado especializado pl\u00e1sticos microperforados para la correcta conservaci\u00f3n de alfombras.<\/p>\n<p>[\/et_pb_text][et_pb_text _builder_version=\u00bb4.27.5&#8243; _module_preset=\u00bbb03d5764-6eee-425b-9b74-6bfdf43c8671&#8243; global_colors_info=\u00bb{}\u00bb]<\/p>\n<h4 class=\"new_texto-Paginas-Alfombras\">Servicio de conservaci\u00f3n:<\/h4>\n<p>Como servicio adicional para nuestros clientes, y si lo requieren, durante el a\u00f1o que curse el pedido y sin coste adicional, podemos conservar sus alfombras almacenadas en nuestras instalaciones.<\/p>\n<p>[\/et_pb_text][et_pb_image src=\u00bbhttps:\/\/tintoreriasronsel.es\/images\/alfombras-almacenaje.jpg\u00bb _builder_version=\u00bb4.27.5&#8243; _module_preset=\u00bb26d79bff-0e7c-41b3-a2e6-fb9ce26a33c3&#8243; global_colors_info=\u00bb{}\u00bb][\/et_pb_image][et_pb_text _builder_version=\u00bb4.27.5&#8243; _module_preset=\u00bbb03d5764-6eee-425b-9b74-6bfdf43c8671&#8243; global_colors_info=\u00bb{}\u00bb]<\/p>\n<h4 class=\"new_texto-Paginas-Alfombras\">Servicio de restauraci\u00f3n<\/h4>\n<p>En aquellas alfombras que se requieran tambi\u00e9n ofrecemos nuestro servicio profesional de restauraci\u00f3n:<\/p>\n<ol class=\"new_texto-Paginas-Alfombras\">\n<li>Saneamiento eliminando las partes deterioradas.<\/li>\n<li>Saneamiento de flecos y ribetes.<\/li>\n<li>Saneamiento de roturas.<\/li>\n<\/ol>\n<p>[\/et_pb_text][et_pb_image src=\u00bbhttps:\/\/tintoreriasronsel.es\/images\/alfombras-restauracion.jpg\u00bb _builder_version=\u00bb4.27.5&#8243; _module_preset=\u00bb26d79bff-0e7c-41b3-a2e6-fb9ce26a33c3&#8243; global_colors_info=\u00bb{}\u00bb][\/et_pb_image][et_pb_text _builder_version=\u00bb4.27.5&#8243; _module_preset=\u00bbb0ecfae0-d82d-4fe4-8537-24c029f02394&#8243; global_colors_info=\u00bb{}\u00bb]<\/p>\n<h4>Haga su pedido ahora<\/h4>\n<p>[\/et_pb_text][et_pb_db_shop_loop loop_layout=\u00bb258995&#8243; posts_number=\u00bb4&#8243; onload_cats=\u00bbalfombras\u00bb columns_tablet=\u00bb3&#8243; gutter_row_gap=\u00bb16px\u00bb gutter_row_column=\u00bb16px\u00bb admin_label=\u00bbARP Product Loop &#8211; Archive Pages \/ Alfombras\u00bb _builder_version=\u00bb4.27.5&#8243; _module_preset=\u00bb66fefeb8-f70f-4624-bcc4-39c143eadbc7&#8243; locked=\u00bboff\u00bb global_colors_info=\u00bb{}\u00bb][\/et_pb_db_shop_loop][et_pb_social_media_follow _builder_version=\u00bb4.27.5&#8243; _module_preset=\u00bb4fcc37f5-4719-4bf9-af1f-76dcd4e0d0d4&#8243; global_colors_info=\u00bb{}\u00bb][et_pb_social_media_follow_network social_network=\u00bbinstagram\u00bb url=\u00bbhttps:\/\/www.instagram.com\/tintoreriasronsel\/\u00bb icon_color=\u00bb#9d9d9d\u00bb _builder_version=\u00bb4.27.5&#8243; _module_preset=\u00bb23328980-f28f-45e8-9e88-0b3621421c45&#8243; global_colors_info=\u00bb{}\u00bb icon_color__hover=\u00bb#e1306c\u00bb follow_button=\u00bboff\u00bb url_new_window=\u00bboff\u00bb]instagram[\/et_pb_social_media_follow_network][\/et_pb_social_media_follow][\/et_pb_column][et_pb_column type=\u00bb1_3&#8243; _builder_version=\u00bb4.27.5&#8243; _module_preset=\u00bb7dabacaf-ca12-40c4-981a-b566304d6ea8&#8243; global_colors_info=\u00bb{}\u00bb][et_pb_blurb title=\u00bbHorario de atenci\u00f3n al p\u00fablico en nuestras tiendas f\u00edsicas\u00bb use_icon=\u00bbon\u00bb font_icon=\u00bb&#xf017;||fa||400&#8243; icon_color=\u00bb#00672c\u00bb admin_label=\u00bbAnuncio Empresa Familiar\u00bb _builder_version=\u00bb4.27.5&#8243; _module_preset=\u00bb66a44df2-45d4-40a3-ab0c-cf2306428e0d\u00bb header_font_size=\u00bb20px\u00bb use_background_color_gradient=\u00bbon\u00bb background_color_gradient_stops=\u00bb#f0bf28 0%|rgba(240,191,40,0) 100%\u00bb custom_margin=\u00bb0px||40px||false|false\u00bb custom_css_free_form=\u00bb.new_anuncio-widget .et_pb_blurb_container {||    padding: 20px; ||    display: flex;||    flex-direction: column;||    justify-content: space-evenly;||    flex-wrap: nowrap;||    height: auto;||}||.btn.radius-50.btn-default-transparent.position { display:block;||  margin:20px auto;||border: 1px #007A00 solid; border-radius:50px;width:fit-content; padding:10px 24px; ||}||.btn.radius-50.btn-default-transparent.position:hover {background-color: #00000010;}||\/*Correcci\u00f3n Im\u00e1genes Banners *\/||span.et_pb_image_wrap.et_pb_only_image_mode_wrap {||    width: 100%!important;||    background-color: transparent!important;||border: none!important;||border-radius: 0!important; margin:0px!important;padding:0px!important; padding-bottom:0px!important; padding-left:0px!important; padding-right:0px!important; padding-top:0px!important;||}||.nav.nav-pills.nav-stacked li {||    padding-bottom: 16px;||    border-bottom: thin solid #C3C3C3;||    margin-bottom: 16px;||    list-style-type: none;||\t}\u00bb border_radii=\u00bboff||16px||\u00bb global_module=\u00bb257313&#8243; locked=\u00bboff\u00bb global_colors_info=\u00bb{}\u00bb]<\/p>\n<div class=\"arbitraje-bg p-20\">\n<p><!--<\/p>\n\n\n\n\n\n\n\n\n\n\n\n\n<h3 class=\"arbitraje\">Nuestras tiendas est\u00e1n <strong>cerradas por vacaciones<\/strong> del 6 hasta el 27 de agosto.<\/h3>\n\n\n\n\n\n\n\n\n\n\n\n\n<p>spanClass_striketrough--><\/p>\n<div class=\"separator\"><strong>Madrid<\/strong><\/div>\n<div id=\"accordion-2\" class=\"panel-group \">\n<div class=\"panel panel-default arbitraje\">\n<div class=\"panel-body transp\">\n<p class=\"small-xs\"><span class=\"\">Lunes a viernes: 9:00\u201319:30<br \/>S\u00e1bado: 9:00\u201314:00<br \/><\/span>Domingo: Cerrado<\/p>\n<p class=\"small-xs\"><strong>Legan\u00e9s<\/strong><br \/><span class=\"\">Lunes a viernes: 7:00\u201317:00<br \/>S\u00e1bado: 9:00\u201314:00<br \/><\/span>Domingo: Cerrado<\/p>\n<\/div>\n<\/div>\n<\/div>\n<\/div>\n<p><a class=\"btn radius-50 btn-default-transparent position\" title=\"\" href=\"https:\/\/www.google.com\/search?q=Ronsel+Tintorerias+en+Madrid&amp;rlz=1C1GCEA_enES1100ES1100&amp;oq=Ronsel+Tintorerias+en+Madrid&amp;gs_lcrp=EgZjaHJvbWUyBggAEEUYOTIICAEQABgWGB4yCggCEAAYgAQYogQyCggDEAAYgAQYogQyBwgEEAAY7wXSAQc1NjVqMGo3qAIAsAIA&amp;sourceid=chrome&amp;ie=UTF-8&amp;sei=s-JEae7KJt3V7M8PgIy9mQY\" rel=\"nofollow noopener\" target=\"_blank\">Ver horarios en Google<\/a><\/p>\n<p>[\/et_pb_blurb][et_pb_blurb title=\u00bbNuestras Tiendas\u00bb admin_label=\u00bbAnuncio Empresa Familiar\u00bb _builder_version=\u00bb4.27.5&#8243; _module_preset=\u00bb66a44df2-45d4-40a3-ab0c-cf2306428e0d\u00bb use_background_color_gradient=\u00bbon\u00bb background_color_gradient_stops=\u00bb#dff0d8 0%|rgba(240,191,40,0) 100%\u00bb custom_margin=\u00bb0px||40px||false|false\u00bb custom_css_free_form=\u00bb.new_anuncio-widget .et_pb_blurb_container {||    padding: 20px; ||    display: flex;||    flex-direction: column;||    justify-content: space-evenly;||    flex-wrap: nowrap;||    height: auto;||}||.btn.radius-50.btn-default-transparent.position { display:block;||  margin:20px auto;||border: 1px #007A00 solid; border-radius:50px;width:fit-content; padding:10px 24px; ||}||.btn.radius-50.btn-default-transparent.position:hover {background-color: #00000010;}||\/*Correcci\u00f3n Im\u00e1genes Banners *\/||span.et_pb_image_wrap.et_pb_only_image_mode_wrap {||    width: 100%!important;||    background-color: transparent!important;||border: none!important;||border-radius: 0!important; margin:0px!important;padding:0px!important; padding-bottom:0px!important; padding-left:0px!important; padding-right:0px!important; padding-top:0px!important;||}||.nav.nav-pills.nav-stacked li {||    padding-bottom: 16px;||    border-bottom: thin solid #C3C3C3;||    margin-bottom: 16px;||    list-style-type: none;||\t}\u00bb border_radii=\u00bboff||16px||\u00bb global_module=\u00bb257312&#8243; locked=\u00bboff\u00bb global_colors_info=\u00bb{}\u00bb]<\/p>\n<div class=\"clearfix bg-success box-shadow-1 p-20 box-selector-tiendas\">\n<nav>\n<ul class=\"nav nav-pills nav-stacked\">\n<li><a href=\"#tienda_pardinas\">General Pardi\u00f1as, 41<\/a><\/li>\n<li><a href=\"#tienda_balboa\">N\u00fa\u00f1ez de Balboa, 95<\/a><\/li>\n<li><a href=\"#tienda_zurbano\">Zurbano, 58<\/a><\/li>\n<li><a href=\"#tienda_leganes\">Calle del Trigo 1, Legan\u00e9s<\/a><\/li>\n<\/ul>\n<\/nav>\n<p class=\"small-xs box-hyphens black-text\">En <span style=\"color: #339966;\"><strong class=\"default-color\">Tintorer\u00edas Ronsel<\/strong><\/span> somos especialistas en el cuidado, <em>limpieza<\/em>, <em>desmanchado<\/em> y <em>desodorizaci\u00f3n<\/em> de sus <em>prendas de vestir<\/em> y del <em>hogar<\/em>.<\/p>\n<div class=\"text-center\"><a class=\"btn radius-50 btn-default-transparent position\" title=\"Tel\u00e9fono de atenci\u00f3n al cliente\" href=\"tel:\/\/680590069\" rel=\"nofollow\">Ll\u00e1menos ahora <i class=\"fa fa-phone pl-10\" aria-hidden=\"true\"><\/i><\/a><\/div>\n<\/div>\n<p>[\/et_pb_blurb][et_pb_code admin_label=\u00bb&#8212;-Separador Aqua Derecha&#8212;-\u00bb _builder_version=\u00bb4.20.2&#8243; _module_preset=\u00bbdefault\u00bb custom_margin=\u00bb25px||||false|false\u00bb global_colors_info=\u00bb{}\u00bb]<\/p>\n<div id=\"separator-black\" style=\"width: 90%;<!-- [et_pb_line_break_holder] -->    margin: 30px 0px 30px 20px;<!-- [et_pb_line_break_holder] -->    position: relative;<!-- [et_pb_line_break_holder] -->    height: 2px;<!-- [et_pb_line_break_holder] -->    -webkit-backface-visibility: hidden;<!-- [et_pb_line_break_holder] -->    -webkit-transform: translateZ(0) scale(1, 1);<!-- [et_pb_line_break_holder] -->    background: linear-gradient(to right, rgba(99,213,202, 0) 0%, rgba(0,127,127, 0.5) 33%, rgba(0,187,187, 0.5) 66%, rgba(0, 0, 0, 0) 100%);\u00bb><\/div>\n<p>[\/et_pb_code][et_pb_wc_cart_totals _builder_version=\u00bb4.27.4&#8243; _module_preset=\u00bbdefault\u00bb global_colors_info=\u00bb{}\u00bb][\/et_pb_wc_cart_totals][\/et_pb_column][\/et_pb_row][\/et_pb_section]<\/p>\n","protected":false},"excerpt":{"rendered":"<p>Recogida y entrega a domicilio, lavado, desmanchado, limpieza y desinfecci\u00f3n, secado al aire, empaquetado y conservaci\u00f3n especializada, restauraci\u00f3n de todo tipo de alfombras.Desodorizamos y desinfectamos sus alfombras y tapices con Ozono Somos especialistas en limpieza\u00a0de todo tipo de alfombras de nudo persa, espa\u00f1ol, orientales, hand tufted, de lana, seda o mezcla de ambas, sint\u00e9ticas, alfombras [&hellip;]<\/p>\n","protected":false},"author":2,"featured_media":0,"parent":0,"menu_order":0,"comment_status":"closed","ping_status":"closed","template":"","meta":{"_acf_changed":false,"_et_pb_use_builder":"on","_et_pb_old_content":"","_et_gb_content_width":"","footnotes":""},"class_list":["post-259869","page","type-page","status-publish","hentry"],"acf":[],"_links":{"self":[{"href":"https:\/\/tintoreriasronsel.es\/tienda\/wp-json\/wp\/v2\/pages\/259869","targetHints":{"allow":["GET"]}}],"collection":[{"href":"https:\/\/tintoreriasronsel.es\/tienda\/wp-json\/wp\/v2\/pages"}],"about":[{"href":"https:\/\/tintoreriasronsel.es\/tienda\/wp-json\/wp\/v2\/types\/page"}],"author":[{"embeddable":true,"href":"https:\/\/tintoreriasronsel.es\/tienda\/wp-json\/wp\/v2\/users\/2"}],"replies":[{"embeddable":true,"href":"https:\/\/tintoreriasronsel.es\/tienda\/wp-json\/wp\/v2\/comments?post=259869"}],"version-history":[{"count":0,"href":"https:\/\/tintoreriasronsel.es\/tienda\/wp-json\/wp\/v2\/pages\/259869\/revisions"}],"wp:attachment":[{"href":"https:\/\/tintoreriasronsel.es\/tienda\/wp-json\/wp\/v2\/media?parent=259869"}],"curies":[{"name":"wp","href":"https:\/\/api.w.org\/{rel}","templated":true}]}}